{"id":7,"date":"2026-02-25T18:05:22","date_gmt":"2026-02-25T18:05:22","guid":{"rendered":"https:\/\/candam.eu\/?page_id=7"},"modified":"2026-04-01T17:45:16","modified_gmt":"2026-04-01T17:45:16","slug":"contacto","status":"publish","type":"page","link":"https:\/\/candam.eu\/es\/contacto\/","title":{"rendered":"Contacto"},"content":{"rendered":"\t\t<div data-elementor-type=\"wp-page\" data-elementor-id=\"7\" class=\"elementor elementor-7\" data-elementor-post-type=\"page\">\n\t\t\t\t<div class=\"elementor-element elementor-element-5364a52 e-flex e-con-boxed e-con e-parent\" data-id=\"5364a52\" data-element_type=\"container\" data-e-type=\"container\" data-settings=\"{&quot;background_background&quot;:&quot;classic&quot;}\">\n\t\t\t\t\t<div class=\"e-con-inner\">\n\t\t<div class=\"elementor-element elementor-element-c95199d e-grid e-con-full e-con e-child\" data-id=\"c95199d\" data-element_type=\"container\" data-e-type=\"container\">\n\t\t<div class=\"elementor-element elementor-element-8c7d2e8 e-con-full e-flex e-con e-child\" data-id=\"8c7d2e8\" data-element_type=\"container\" data-e-type=\"container\">\n\t\t\t\t<div class=\"elementor-element elementor-element-b672020 elementor-widget elementor-widget-heading\" data-id=\"b672020\" data-element_type=\"widget\" data-e-type=\"widget\" data-widget_type=\"heading.default\">\n\t\t\t\t\t<h2 class=\"elementor-heading-title elementor-size-default\">\u00bfHablamos?<\/h2>\t\t\t\t<\/div>\n\t\t\t\t<div class=\"elementor-element elementor-element-7c46631 elementor-widget elementor-widget-text-editor\" data-id=\"7c46631\" data-element_type=\"widget\" data-e-type=\"widget\" data-widget_type=\"text-editor.default\">\n\t\t\t\t\t\t\t\t\thello@candam.eu\t\t\t\t\t\t\t\t<\/div>\n\t\t\t\t<\/div>\n\t\t<div class=\"elementor-element elementor-element-b5b3c9d e-con-full e-flex e-con e-child\" data-id=\"b5b3c9d\" data-element_type=\"container\" data-e-type=\"container\">\n\t\t\t\t<div class=\"elementor-element elementor-element-046eb63 elementor-button-align-start elementor-widget elementor-widget-form\" data-id=\"046eb63\" data-element_type=\"widget\" data-e-type=\"widget\" data-settings=\"{&quot;step_next_label&quot;:&quot;Siguiente&quot;,&quot;step_previous_label&quot;:&quot;Anterior&quot;,&quot;button_width&quot;:&quot;100&quot;,&quot;step_type&quot;:&quot;number_text&quot;,&quot;step_icon_shape&quot;:&quot;circle&quot;}\" data-widget_type=\"form.default\">\n\t\t\t\t\t\t\t<form class=\"elementor-form\" method=\"post\" name=\"Contacto\" aria-label=\"Contacto\">\n\t\t\t<input type=\"hidden\" name=\"post_id\" value=\"7\"\/>\n\t\t\t<input type=\"hidden\" name=\"form_id\" value=\"046eb63\"\/>\n\t\t\t<input type=\"hidden\" name=\"referer_title\" value=\"Contacto - Candam Tech\" \/>\n\n\t\t\t\t\t\t\t<input type=\"hidden\" name=\"queried_id\" value=\"7\"\/>\n\t\t\t\n\t\t\t<div class=\"elementor-form-fields-wrapper elementor-labels-above\">\n\t\t\t\t\t\t\t\t<div class=\"elementor-field-type-text elementor-field-group elementor-column elementor-field-group-name elementor-col-100 elementor-field-required elementor-mark-required\">\n\t\t\t\t\t\t\t\t\t\t\t\t<label for=\"form-field-name\" class=\"elementor-field-label\">\n\t\t\t\t\t\t\t\tNombre\t\t\t\t\t\t\t<\/label>\n\t\t\t\t\t\t\t\t\t\t\t\t\t\t<input size=\"1\" type=\"text\" name=\"form_fields[name]\" id=\"form-field-name\" class=\"elementor-field elementor-size-sm  elementor-field-textual\" required=\"required\">\n\t\t\t\t\t\t\t\t\t\t\t<\/div>\n\t\t\t\t\t\t\t\t<div class=\"elementor-field-type-text elementor-field-group elementor-column elementor-field-group-field_2b96b1e elementor-col-100 elementor-field-required elementor-mark-required\">\n\t\t\t\t\t\t\t\t\t\t\t\t<label for=\"form-field-field_2b96b1e\" class=\"elementor-field-label\">\n\t\t\t\t\t\t\t\tApellidos\t\t\t\t\t\t\t<\/label>\n\t\t\t\t\t\t\t\t\t\t\t\t\t\t<input size=\"1\" type=\"text\" name=\"form_fields[field_2b96b1e]\" id=\"form-field-field_2b96b1e\" class=\"elementor-field elementor-size-sm  elementor-field-textual\" required=\"required\">\n\t\t\t\t\t\t\t\t\t\t\t<\/div>\n\t\t\t\t\t\t\t\t<div class=\"elementor-field-type-email elementor-field-group elementor-column elementor-field-group-email elementor-col-100 elementor-field-required elementor-mark-required\">\n\t\t\t\t\t\t\t\t\t\t\t\t<label for=\"form-field-email\" class=\"elementor-field-label\">\n\t\t\t\t\t\t\t\tE-mail\t\t\t\t\t\t\t<\/label>\n\t\t\t\t\t\t\t\t\t\t\t\t\t\t<input size=\"1\" type=\"email\" name=\"form_fields[email]\" id=\"form-field-email\" class=\"elementor-field elementor-size-sm  elementor-field-textual\" required=\"required\">\n\t\t\t\t\t\t\t\t\t\t\t<\/div>\n\t\t\t\t\t\t\t\t<div class=\"elementor-field-type-tel elementor-field-group elementor-column elementor-field-group-field_7971a20 elementor-col-100\">\n\t\t\t\t\t\t\t\t\t\t\t\t<label for=\"form-field-field_7971a20\" class=\"elementor-field-label\">\n\t\t\t\t\t\t\t\tTel\u00e9fono\t\t\t\t\t\t\t<\/label>\n\t\t\t\t\t\t\t\t<input size=\"1\" type=\"tel\" name=\"form_fields[field_7971a20]\" id=\"form-field-field_7971a20\" class=\"elementor-field elementor-size-sm  elementor-field-textual\" pattern=\"[0-9()#&amp;+*-=.]+\" title=\"Solo se aceptan n\u00fameros y caracteres de tel\u00e9fono (#,-,*,etc).\">\n\n\t\t\t\t\t\t<\/div>\n\t\t\t\t\t\t\t\t<div class=\"elementor-field-type-text elementor-field-group elementor-column elementor-field-group-field_221a4ca elementor-col-100 elementor-field-required elementor-mark-required\">\n\t\t\t\t\t\t\t\t\t\t\t\t<label for=\"form-field-field_221a4ca\" class=\"elementor-field-label\">\n\t\t\t\t\t\t\t\tEmpresa\t\t\t\t\t\t\t<\/label>\n\t\t\t\t\t\t\t\t\t\t\t\t\t\t<input size=\"1\" type=\"text\" name=\"form_fields[field_221a4ca]\" id=\"form-field-field_221a4ca\" class=\"elementor-field elementor-size-sm  elementor-field-textual\" required=\"required\">\n\t\t\t\t\t\t\t\t\t\t\t<\/div>\n\t\t\t\t\t\t\t\t<div class=\"elementor-field-type-select elementor-field-group elementor-column elementor-field-group-field_200d191 elementor-col-100\">\n\t\t\t\t\t\t\t\t\t\t\t\t<label for=\"form-field-field_200d191\" class=\"elementor-field-label\">\n\t\t\t\t\t\t\t\tC\u00f3mo nos has conocido\t\t\t\t\t\t\t<\/label>\n\t\t\t\t\t\t\t\t<div class=\"elementor-field elementor-select-wrapper remove-before \">\n\t\t\t<div class=\"select-caret-down-wrapper\">\n\t\t\t\t<svg aria-hidden=\"true\" class=\"e-font-icon-svg e-eicon-caret-down\" viewBox=\"0 0 571.4 571.4\" xmlns=\"http:\/\/www.w3.org\/2000\/svg\"><path d=\"M571 393Q571 407 561 418L311 668Q300 679 286 679T261 668L11 418Q0 407 0 393T11 368 36 357H536Q550 357 561 368T571 393Z\"><\/path><\/svg>\t\t\t<\/div>\n\t\t\t<select name=\"form_fields[field_200d191]\" id=\"form-field-field_200d191\" class=\"elementor-field-textual elementor-size-sm\">\n\t\t\t\t\t\t\t\t\t<option value=\"Selecciona\">Selecciona<\/option>\n\t\t\t\t\t\t\t\t\t<option value=\"Evento\">Evento<\/option>\n\t\t\t\t\t\t\t\t\t<option value=\"LinkedIn Ads\">LinkedIn Ads<\/option>\n\t\t\t\t\t\t\t\t\t<option value=\"Redes sociales\">Redes sociales<\/option>\n\t\t\t\t\t\t\t\t\t<option value=\"B\u00fasqueda en l\u00ednea\">B\u00fasqueda en l\u00ednea<\/option>\n\t\t\t\t\t\t\t\t\t<option value=\"Recomendaci\u00f3n de un cliente\">Recomendaci\u00f3n de un cliente<\/option>\n\t\t\t\t\t\t\t<\/select>\n\t\t<\/div>\n\t\t\t\t\t\t<\/div>\n\t\t\t\t\t\t\t\t<div class=\"elementor-field-type-acceptance elementor-field-group elementor-column elementor-field-group-field_89403c3 elementor-col-100\">\n\t\t\t\t\t\t\t<div class=\"elementor-field-subgroup\">\n\t\t\t<span class=\"elementor-field-option\">\n\t\t\t\t<input type=\"checkbox\" name=\"form_fields[field_89403c3]\" id=\"form-field-field_89403c3\" class=\"elementor-field elementor-size-sm  elementor-acceptance-field\">\n\t\t\t\t<label for=\"form-field-field_89403c3\"><span class=\"legal\">Acepto la <a href=\"#\" target=\"_blank\">Pol\u00edtica de Privacidad<\/a><\/span><\/label>\t\t\t<\/span>\n\t\t<\/div>\n\t\t\t\t\t\t<\/div>\n\t\t\t\t\t\t\t\t<div class=\"elementor-field-group elementor-column elementor-field-type-submit elementor-col-100 e-form__buttons\">\n\t\t\t\t\t<button class=\"elementor-button elementor-size-md\" type=\"submit\">\n\t\t\t\t\t\t<span class=\"elementor-button-content-wrapper\">\n\t\t\t\t\t\t\t\t\t\t\t\t\t\t\t\t\t\t\t\t\t\t<span class=\"elementor-button-text\">Enviar<\/span>\n\t\t\t\t\t\t\t\t\t\t\t\t\t<\/span>\n\t\t\t\t\t<\/button>\n\t\t\t\t<\/div>\n\t\t\t<\/div>\n\t\t<\/form>\n\t\t\t\t\t\t<\/div>\n\t\t\t\t<div class=\"elementor-element elementor-element-3356fed elementor-widget elementor-widget-text-editor\" data-id=\"3356fed\" data-element_type=\"widget\" data-e-type=\"widget\" data-widget_type=\"text-editor.default\">\n\t\t\t\t\t\t\t\t\t<p>Informaci\u00f3n b\u00e1sica sobre Protecci\u00f3n de datos Responsable: Candam Technologies SL; Finalidad: Atender su solicitud y enviarle comunicaciones promocionales; Legitimaci\u00f3n: Consentimiento del interesado, inter\u00e9s leg\u00edtimo del Responsable; Destinatarios: No se ceder\u00e1n datos a terceros, salvo obligaci\u00f3n legal; Derechos: Tiene derecho a acceder, rectificar y suprimir los datos, as\u00ed como otros derechos, indicados en la informaci\u00f3n adicional, que puede ejercer dirigi\u00e9ndose a dpo@candam.eu ; Procedencia: El propio interesado; Informaci\u00f3n adicional: https:\/\/candam.eu\/<\/p>\t\t\t\t\t\t\t\t<\/div>\n\t\t\t\t<\/div>\n\t\t\t\t<\/div>\n\t\t\t\t\t<\/div>\n\t\t\t\t<\/div>\n\t\t\t\t<\/div>\n\t\t","protected":false},"excerpt":{"rendered":"<p>\u00bfHablamos? hello@candam.eu Informaci\u00f3n b\u00e1sica sobre Protecci\u00f3n de datos Responsable: Candam Technologies SL; Finalidad: Atender su solicitud y enviarle comunicaciones promocionales; Legitimaci\u00f3n: Consentimiento del interesado, inter\u00e9s leg\u00edtimo del Responsable; Destinatarios: No se ceder\u00e1n datos a terceros, salvo obligaci\u00f3n legal; Derechos: Tiene derecho a acceder, rectificar y suprimir los datos, as\u00ed como otros derechos, indicados en la [&hellip;]<\/p>\n","protected":false},"author":1,"featured_media":0,"parent":0,"menu_order":0,"comment_status":"closed","ping_status":"closed","template":"","meta":{"_acf_changed":false,"content-type":"","footnotes":""},"class_list":["post-7","page","type-page","status-publish","hentry"],"acf":[],"yoast_head":"<!-- This site is optimized with the Yoast SEO plugin v27.3 - https:\/\/yoast.com\/product\/yoast-seo-wordpress\/ -->\n<title>Contacto - Candam Tech<\/title>\n<meta name=\"robots\" content=\"index, follow, max-snippet:-1, max-image-preview:large, max-video-preview:-1\" \/>\n<link rel=\"canonical\" href=\"https:\/\/candam.eu\/es\/contacto\/\" \/>\n<meta property=\"og:locale\" content=\"es_ES\" \/>\n<meta property=\"og:type\" content=\"article\" \/>\n<meta property=\"og:title\" content=\"Contacto - Candam Tech\" \/>\n<meta property=\"og:description\" content=\"\u00bfHablamos? hello@candam.eu Informaci\u00f3n b\u00e1sica sobre Protecci\u00f3n de datos Responsable: Candam Technologies SL; Finalidad: Atender su solicitud y enviarle comunicaciones promocionales; Legitimaci\u00f3n: Consentimiento del interesado, inter\u00e9s leg\u00edtimo del Responsable; Destinatarios: No se ceder\u00e1n datos a terceros, salvo obligaci\u00f3n legal; Derechos: Tiene derecho a acceder, rectificar y suprimir los datos, as\u00ed como otros derechos, indicados en la [&hellip;]\" \/>\n<meta property=\"og:url\" content=\"https:\/\/candam.eu\/es\/contacto\/\" \/>\n<meta property=\"og:site_name\" content=\"Candam Tech\" \/>\n<meta property=\"article:modified_time\" content=\"2026-04-01T17:45:16+00:00\" \/>\n<meta name=\"twitter:card\" content=\"summary_large_image\" \/>\n<script type=\"application\/ld+json\" class=\"yoast-schema-graph\">{\"@context\":\"https:\\\/\\\/schema.org\",\"@graph\":[{\"@type\":\"WebPage\",\"@id\":\"https:\\\/\\\/candam.eu\\\/es\\\/contacto\\\/\",\"url\":\"https:\\\/\\\/candam.eu\\\/es\\\/contacto\\\/\",\"name\":\"Contacto - Candam Tech\",\"isPartOf\":{\"@id\":\"https:\\\/\\\/candam.eu\\\/es\\\/#website\"},\"datePublished\":\"2026-02-25T18:05:22+00:00\",\"dateModified\":\"2026-04-01T17:45:16+00:00\",\"breadcrumb\":{\"@id\":\"https:\\\/\\\/candam.eu\\\/es\\\/contacto\\\/#breadcrumb\"},\"inLanguage\":\"es\",\"potentialAction\":[{\"@type\":\"ReadAction\",\"target\":[\"https:\\\/\\\/candam.eu\\\/es\\\/contacto\\\/\"]}]},{\"@type\":\"BreadcrumbList\",\"@id\":\"https:\\\/\\\/candam.eu\\\/es\\\/contacto\\\/#breadcrumb\",\"itemListElement\":[{\"@type\":\"ListItem\",\"position\":1,\"name\":\"Home\",\"item\":\"https:\\\/\\\/candam.eu\\\/es\\\/\"},{\"@type\":\"ListItem\",\"position\":2,\"name\":\"Contacto\"}]},{\"@type\":\"WebSite\",\"@id\":\"https:\\\/\\\/candam.eu\\\/es\\\/#website\",\"url\":\"https:\\\/\\\/candam.eu\\\/es\\\/\",\"name\":\"Candam Tech\",\"description\":\"Candam Tech\",\"publisher\":{\"@id\":\"https:\\\/\\\/candam.eu\\\/es\\\/#organization\"},\"potentialAction\":[{\"@type\":\"SearchAction\",\"target\":{\"@type\":\"EntryPoint\",\"urlTemplate\":\"https:\\\/\\\/candam.eu\\\/es\\\/?s={search_term_string}\"},\"query-input\":{\"@type\":\"PropertyValueSpecification\",\"valueRequired\":true,\"valueName\":\"search_term_string\"}}],\"inLanguage\":\"es\"},{\"@type\":\"Organization\",\"@id\":\"https:\\\/\\\/candam.eu\\\/es\\\/#organization\",\"name\":\"Candam Tech\",\"url\":\"https:\\\/\\\/candam.eu\\\/es\\\/\",\"logo\":{\"@type\":\"ImageObject\",\"inLanguage\":\"es\",\"@id\":\"https:\\\/\\\/candam.eu\\\/es\\\/#\\\/schema\\\/logo\\\/image\\\/\",\"url\":\"https:\\\/\\\/candam.eu\\\/wp-content\\\/uploads\\\/2026\\\/02\\\/imgi_7_Logo_Candam-Tech_negativo.svg\",\"contentUrl\":\"https:\\\/\\\/candam.eu\\\/wp-content\\\/uploads\\\/2026\\\/02\\\/imgi_7_Logo_Candam-Tech_negativo.svg\",\"width\":729,\"height\":227,\"caption\":\"Candam Tech\"},\"image\":{\"@id\":\"https:\\\/\\\/candam.eu\\\/es\\\/#\\\/schema\\\/logo\\\/image\\\/\"}}]}<\/script>\n<!-- \/ Yoast SEO plugin. -->","yoast_head_json":{"title":"Contacto - Candam Tech","robots":{"index":"index","follow":"follow","max-snippet":"max-snippet:-1","max-image-preview":"max-image-preview:large","max-video-preview":"max-video-preview:-1"},"canonical":"https:\/\/candam.eu\/es\/contacto\/","og_locale":"es_ES","og_type":"article","og_title":"Contacto - Candam Tech","og_description":"\u00bfHablamos? hello@candam.eu Informaci\u00f3n b\u00e1sica sobre Protecci\u00f3n de datos Responsable: Candam Technologies SL; Finalidad: Atender su solicitud y enviarle comunicaciones promocionales; Legitimaci\u00f3n: Consentimiento del interesado, inter\u00e9s leg\u00edtimo del Responsable; Destinatarios: No se ceder\u00e1n datos a terceros, salvo obligaci\u00f3n legal; Derechos: Tiene derecho a acceder, rectificar y suprimir los datos, as\u00ed como otros derechos, indicados en la [&hellip;]","og_url":"https:\/\/candam.eu\/es\/contacto\/","og_site_name":"Candam Tech","article_modified_time":"2026-04-01T17:45:16+00:00","twitter_card":"summary_large_image","schema":{"@context":"https:\/\/schema.org","@graph":[{"@type":"WebPage","@id":"https:\/\/candam.eu\/es\/contacto\/","url":"https:\/\/candam.eu\/es\/contacto\/","name":"Contacto - Candam Tech","isPartOf":{"@id":"https:\/\/candam.eu\/es\/#website"},"datePublished":"2026-02-25T18:05:22+00:00","dateModified":"2026-04-01T17:45:16+00:00","breadcrumb":{"@id":"https:\/\/candam.eu\/es\/contacto\/#breadcrumb"},"inLanguage":"es","potentialAction":[{"@type":"ReadAction","target":["https:\/\/candam.eu\/es\/contacto\/"]}]},{"@type":"BreadcrumbList","@id":"https:\/\/candam.eu\/es\/contacto\/#breadcrumb","itemListElement":[{"@type":"ListItem","position":1,"name":"Home","item":"https:\/\/candam.eu\/es\/"},{"@type":"ListItem","position":2,"name":"Contacto"}]},{"@type":"WebSite","@id":"https:\/\/candam.eu\/es\/#website","url":"https:\/\/candam.eu\/es\/","name":"Candam Tech","description":"Candam Tech","publisher":{"@id":"https:\/\/candam.eu\/es\/#organization"},"potentialAction":[{"@type":"SearchAction","target":{"@type":"EntryPoint","urlTemplate":"https:\/\/candam.eu\/es\/?s={search_term_string}"},"query-input":{"@type":"PropertyValueSpecification","valueRequired":true,"valueName":"search_term_string"}}],"inLanguage":"es"},{"@type":"Organization","@id":"https:\/\/candam.eu\/es\/#organization","name":"Candam Tech","url":"https:\/\/candam.eu\/es\/","logo":{"@type":"ImageObject","inLanguage":"es","@id":"https:\/\/candam.eu\/es\/#\/schema\/logo\/image\/","url":"https:\/\/candam.eu\/wp-content\/uploads\/2026\/02\/imgi_7_Logo_Candam-Tech_negativo.svg","contentUrl":"https:\/\/candam.eu\/wp-content\/uploads\/2026\/02\/imgi_7_Logo_Candam-Tech_negativo.svg","width":729,"height":227,"caption":"Candam Tech"},"image":{"@id":"https:\/\/candam.eu\/es\/#\/schema\/logo\/image\/"}}]}},"_links":{"self":[{"href":"https:\/\/candam.eu\/es\/wp-json\/wp\/v2\/pages\/7","targetHints":{"allow":["GET"]}}],"collection":[{"href":"https:\/\/candam.eu\/es\/wp-json\/wp\/v2\/pages"}],"about":[{"href":"https:\/\/candam.eu\/es\/wp-json\/wp\/v2\/types\/page"}],"author":[{"embeddable":true,"href":"https:\/\/candam.eu\/es\/wp-json\/wp\/v2\/users\/1"}],"replies":[{"embeddable":true,"href":"https:\/\/candam.eu\/es\/wp-json\/wp\/v2\/comments?post=7"}],"version-history":[{"count":20,"href":"https:\/\/candam.eu\/es\/wp-json\/wp\/v2\/pages\/7\/revisions"}],"predecessor-version":[{"id":7107,"href":"https:\/\/candam.eu\/es\/wp-json\/wp\/v2\/pages\/7\/revisions\/7107"}],"wp:attachment":[{"href":"https:\/\/candam.eu\/es\/wp-json\/wp\/v2\/media?parent=7"}],"curies":[{"name":"wp","href":"https:\/\/api.w.org\/{rel}","templated":true}]}}