{"id":3,"date":"2026-02-25T17:51:43","date_gmt":"2026-02-25T17:51:43","guid":{"rendered":"https:\/\/candam.eu\/?page_id=3"},"modified":"2026-02-27T04:58:51","modified_gmt":"2026-02-27T04:58:51","slug":"politica-de-privacidad","status":"publish","type":"page","link":"https:\/\/candam.eu\/es\/politica-de-privacidad\/","title":{"rendered":"Pol\u00edtica de privacidad"},"content":{"rendered":"\t\t<div data-elementor-type=\"wp-page\" data-elementor-id=\"3\" class=\"elementor elementor-3\" data-elementor-post-type=\"page\">\n\t\t\t\t<div class=\"elementor-element elementor-element-91541b5 e-flex e-con-boxed e-con e-parent\" data-id=\"91541b5\" data-element_type=\"container\" data-e-type=\"container\" data-settings=\"{&quot;background_background&quot;:&quot;classic&quot;}\">\n\t\t\t\t\t<div class=\"e-con-inner\">\n\t\t\t\t<div class=\"elementor-element elementor-element-a1d51d4 elementor-widget elementor-widget-heading\" data-id=\"a1d51d4\" data-element_type=\"widget\" data-e-type=\"widget\" data-widget_type=\"heading.default\">\n\t\t\t\t\t<h1 class=\"elementor-heading-title elementor-size-default\">Pol\u00edtica de privacidad<\/h1>\t\t\t\t<\/div>\n\t\t\t\t<div class=\"elementor-element elementor-element-1ea0e16 elementor-widget elementor-widget-text-editor\" data-id=\"1ea0e16\" data-element_type=\"widget\" data-e-type=\"widget\" data-widget_type=\"text-editor.default\">\n\t\t\t\t\t\t\t\t\t<p><strong>1. Responsible<\/strong><\/p>\n<p>El Responsable del tratamiento de los datos recopilados es:<\/p>\n<p>CANDAM TECHNOLOGIES, S.L. (en adelante, \u00abCANDAM\u00bb\u00bb).<\/p>\n<ul>\n<li><strong>Sant Adria 66 Nave 8, 08030 Barcelona, Spain<\/strong><\/li>\n<li>N.I.F.: B-66947367<\/li>\n<li>hello@candam.eu<\/li>\n<li>622158747<\/li>\n<li>Data Protection Delegate: dpo@candam.eu 2.<\/li>\n<\/ul>\n<p><strong>2.Finalidad<\/strong><\/p>\n<p>Se procesar\u00e1n los datos personales del usuario con los siguientes fines:<\/p>\n<p>Atender las solicitudes de informaci\u00f3n y\/o consultas realizadas por el Usuario. Los datos tratados para esta finalidad se conservar\u00e1n hasta que se haya respondido a la solicitud de informaci\u00f3n y\/o consulta y, posteriormente, durante los plazos de conservaci\u00f3n y prescripci\u00f3n de responsabilidades legalmente establecidos. La base jur\u00eddica del tratamiento es el inter\u00e9s leg\u00edtimo de CANDAM en responder a la solicitud de informaci\u00f3n y\/o consulta. Para mantener informado al Usuario, incluso por medios electr\u00f3nicos, sobre los productos, servicios y novedades de CANDAM. Los datos tratados para esta finalidad se conservar\u00e1n hasta que el Usuario retire su consentimiento para recibir dichas comunicaciones y, posteriormente, durante los plazos de conservaci\u00f3n y prescripci\u00f3n de responsabilidades legalmente establecidos. La base legal para el tratamiento es el consentimiento del Usuario.<\/p>\n<p><strong>3. Destinatarios<\/strong><\/p>\n<p>Solo se comunicar\u00e1n los datos a terceros necesarios, como las administraciones p\u00fablicas, para el cumplimiento de obligaciones legales, as\u00ed como a los encargados del tratamiento necesarios para poder llevar a cabo la correcta prestaci\u00f3n del servicio. Los encargados del tratamiento pueden pertenecer a las siguientes categor\u00edas: proveedores de software, como alojamiento de datos, comunicaciones electr\u00f3nicas y de correo, y proveedores de servicios, como asesor\u00eda y representaci\u00f3n legal. Estos proveedores de servicios pueden encontrarse en Estados Unidos, en cuyo caso CANDAM habr\u00e1 formalizado previamente las cl\u00e1usulas tipo aprobadas por la Comisi\u00f3n Europea.<\/p>\n<p><strong>4. Derechos<\/strong><\/p>\n<p>El Usuario podr\u00e1 ejercer sus derechos de acceso, rectificaci\u00f3n, eliminaci\u00f3n, limitaci\u00f3n del tratamiento, portabilidad de datos y oposici\u00f3n ante CANDAM. En el tratamiento de los datos del Usuario cuya legitimaci\u00f3n se base en el consentimiento otorgado, el Usuario tendr\u00e1 derecho a retirar dicho consentimiento en cualquier momento, sin que ello afecte a la legitimidad del tratamiento basado en el consentimiento con anterioridad a su retirada.<\/p>\n<p>Para ejercer estos derechos, el Usuario podr\u00e1 remitir su solicitud a C\/ Brusi, 11, 2 &#8211; 2, 08006, Barcelona (Espa\u00f1a), o a la direcci\u00f3n de correo electr\u00f3nico dpo@candam.eu. El Usuario podr\u00e1 ponerse en contacto con nuestro delegado de Protecci\u00f3n de datos a trav\u00e9s de la direcci\u00f3n de correo electr\u00f3nico indicada anteriormente.<\/p>\n<p>En cualquier caso, el Usuario tiene derecho a presentar una reclamaci\u00f3n ante la autoridad de control correspondiente si lo considera oportuno.<\/p>\t\t\t\t\t\t\t\t<\/div>\n\t\t\t\t\t<\/div>\n\t\t\t\t<\/div>\n\t\t\t\t<\/div>\n\t\t","protected":false},"excerpt":{"rendered":"<p>1. Responsible El Responsable del tratamiento de los datos recopilados es: CANDAM TECHNOLOGIES, S.L. (en adelante, \u00abCANDAM\u00bb\u00bb). Sant Adria 66 Nave 8, 08030 Barcelona, Spain N.I.F.: B-66947367 hello@candam.eu 622158747 Data Protection Delegate: dpo@candam.eu 2. 2.Finalidad Se procesar\u00e1n los datos personales del usuario con los siguientes fines: Atender las solicitudes de informaci\u00f3n y\/o consultas realizadas por [&hellip;]<\/p>\n","protected":false},"author":1,"featured_media":0,"parent":0,"menu_order":0,"comment_status":"closed","ping_status":"closed","template":"","meta":{"_acf_changed":false,"content-type":"","footnotes":""},"class_list":["post-3","page","type-page","status-publish","hentry"],"acf":[],"yoast_head":"<!-- This site is optimized with the Yoast SEO plugin v27.3 - https:\/\/yoast.com\/product\/yoast-seo-wordpress\/ -->\n<title>Pol\u00edtica de privacidad - Candam Tech<\/title>\n<meta name=\"robots\" content=\"index, follow, max-snippet:-1, max-image-preview:large, max-video-preview:-1\" \/>\n<link rel=\"canonical\" href=\"https:\/\/candam.eu\/es\/politica-de-privacidad\/\" \/>\n<meta property=\"og:locale\" content=\"es_ES\" \/>\n<meta property=\"og:type\" content=\"article\" \/>\n<meta property=\"og:title\" content=\"Pol\u00edtica de privacidad - Candam Tech\" \/>\n<meta property=\"og:description\" content=\"1. Responsible El Responsable del tratamiento de los datos recopilados es: CANDAM TECHNOLOGIES, S.L. (en adelante, \u00abCANDAM\u00bb\u00bb). Sant Adria 66 Nave 8, 08030 Barcelona, Spain N.I.F.: B-66947367 hello@candam.eu 622158747 Data Protection Delegate: dpo@candam.eu 2. 2.Finalidad Se procesar\u00e1n los datos personales del usuario con los siguientes fines: Atender las solicitudes de informaci\u00f3n y\/o consultas realizadas por [&hellip;]\" \/>\n<meta property=\"og:url\" content=\"https:\/\/candam.eu\/es\/politica-de-privacidad\/\" \/>\n<meta property=\"og:site_name\" content=\"Candam Tech\" \/>\n<meta property=\"article:modified_time\" content=\"2026-02-27T04:58:51+00:00\" \/>\n<meta name=\"twitter:card\" content=\"summary_large_image\" \/>\n<meta name=\"twitter:label1\" content=\"Tiempo de lectura\" \/>\n\t<meta name=\"twitter:data1\" content=\"2 minutos\" \/>\n<script type=\"application\/ld+json\" class=\"yoast-schema-graph\">{\"@context\":\"https:\\\/\\\/schema.org\",\"@graph\":[{\"@type\":\"WebPage\",\"@id\":\"https:\\\/\\\/candam.eu\\\/es\\\/politica-de-privacidad\\\/\",\"url\":\"https:\\\/\\\/candam.eu\\\/es\\\/politica-de-privacidad\\\/\",\"name\":\"Pol\u00edtica de privacidad - Candam Tech\",\"isPartOf\":{\"@id\":\"https:\\\/\\\/candam.eu\\\/es\\\/#website\"},\"datePublished\":\"2026-02-25T17:51:43+00:00\",\"dateModified\":\"2026-02-27T04:58:51+00:00\",\"breadcrumb\":{\"@id\":\"https:\\\/\\\/candam.eu\\\/es\\\/politica-de-privacidad\\\/#breadcrumb\"},\"inLanguage\":\"es\",\"potentialAction\":[{\"@type\":\"ReadAction\",\"target\":[\"https:\\\/\\\/candam.eu\\\/es\\\/politica-de-privacidad\\\/\"]}]},{\"@type\":\"BreadcrumbList\",\"@id\":\"https:\\\/\\\/candam.eu\\\/es\\\/politica-de-privacidad\\\/#breadcrumb\",\"itemListElement\":[{\"@type\":\"ListItem\",\"position\":1,\"name\":\"Home\",\"item\":\"https:\\\/\\\/candam.eu\\\/es\\\/\"},{\"@type\":\"ListItem\",\"position\":2,\"name\":\"Pol\u00edtica de privacidad\"}]},{\"@type\":\"WebSite\",\"@id\":\"https:\\\/\\\/candam.eu\\\/es\\\/#website\",\"url\":\"https:\\\/\\\/candam.eu\\\/es\\\/\",\"name\":\"Candam Tech\",\"description\":\"Candam Tech\",\"publisher\":{\"@id\":\"https:\\\/\\\/candam.eu\\\/es\\\/#organization\"},\"potentialAction\":[{\"@type\":\"SearchAction\",\"target\":{\"@type\":\"EntryPoint\",\"urlTemplate\":\"https:\\\/\\\/candam.eu\\\/es\\\/?s={search_term_string}\"},\"query-input\":{\"@type\":\"PropertyValueSpecification\",\"valueRequired\":true,\"valueName\":\"search_term_string\"}}],\"inLanguage\":\"es\"},{\"@type\":\"Organization\",\"@id\":\"https:\\\/\\\/candam.eu\\\/es\\\/#organization\",\"name\":\"Candam Tech\",\"url\":\"https:\\\/\\\/candam.eu\\\/es\\\/\",\"logo\":{\"@type\":\"ImageObject\",\"inLanguage\":\"es\",\"@id\":\"https:\\\/\\\/candam.eu\\\/es\\\/#\\\/schema\\\/logo\\\/image\\\/\",\"url\":\"https:\\\/\\\/candam.eu\\\/wp-content\\\/uploads\\\/2026\\\/02\\\/imgi_7_Logo_Candam-Tech_negativo.svg\",\"contentUrl\":\"https:\\\/\\\/candam.eu\\\/wp-content\\\/uploads\\\/2026\\\/02\\\/imgi_7_Logo_Candam-Tech_negativo.svg\",\"width\":729,\"height\":227,\"caption\":\"Candam Tech\"},\"image\":{\"@id\":\"https:\\\/\\\/candam.eu\\\/es\\\/#\\\/schema\\\/logo\\\/image\\\/\"}}]}<\/script>\n<!-- \/ Yoast SEO plugin. -->","yoast_head_json":{"title":"Pol\u00edtica de privacidad - Candam Tech","robots":{"index":"index","follow":"follow","max-snippet":"max-snippet:-1","max-image-preview":"max-image-preview:large","max-video-preview":"max-video-preview:-1"},"canonical":"https:\/\/candam.eu\/es\/politica-de-privacidad\/","og_locale":"es_ES","og_type":"article","og_title":"Pol\u00edtica de privacidad - Candam Tech","og_description":"1. Responsible El Responsable del tratamiento de los datos recopilados es: CANDAM TECHNOLOGIES, S.L. (en adelante, \u00abCANDAM\u00bb\u00bb). Sant Adria 66 Nave 8, 08030 Barcelona, Spain N.I.F.: B-66947367 hello@candam.eu 622158747 Data Protection Delegate: dpo@candam.eu 2. 2.Finalidad Se procesar\u00e1n los datos personales del usuario con los siguientes fines: Atender las solicitudes de informaci\u00f3n y\/o consultas realizadas por [&hellip;]","og_url":"https:\/\/candam.eu\/es\/politica-de-privacidad\/","og_site_name":"Candam Tech","article_modified_time":"2026-02-27T04:58:51+00:00","twitter_card":"summary_large_image","twitter_misc":{"Tiempo de lectura":"2 minutos"},"schema":{"@context":"https:\/\/schema.org","@graph":[{"@type":"WebPage","@id":"https:\/\/candam.eu\/es\/politica-de-privacidad\/","url":"https:\/\/candam.eu\/es\/politica-de-privacidad\/","name":"Pol\u00edtica de privacidad - Candam Tech","isPartOf":{"@id":"https:\/\/candam.eu\/es\/#website"},"datePublished":"2026-02-25T17:51:43+00:00","dateModified":"2026-02-27T04:58:51+00:00","breadcrumb":{"@id":"https:\/\/candam.eu\/es\/politica-de-privacidad\/#breadcrumb"},"inLanguage":"es","potentialAction":[{"@type":"ReadAction","target":["https:\/\/candam.eu\/es\/politica-de-privacidad\/"]}]},{"@type":"BreadcrumbList","@id":"https:\/\/candam.eu\/es\/politica-de-privacidad\/#breadcrumb","itemListElement":[{"@type":"ListItem","position":1,"name":"Home","item":"https:\/\/candam.eu\/es\/"},{"@type":"ListItem","position":2,"name":"Pol\u00edtica de privacidad"}]},{"@type":"WebSite","@id":"https:\/\/candam.eu\/es\/#website","url":"https:\/\/candam.eu\/es\/","name":"Candam Tech","description":"Candam Tech","publisher":{"@id":"https:\/\/candam.eu\/es\/#organization"},"potentialAction":[{"@type":"SearchAction","target":{"@type":"EntryPoint","urlTemplate":"https:\/\/candam.eu\/es\/?s={search_term_string}"},"query-input":{"@type":"PropertyValueSpecification","valueRequired":true,"valueName":"search_term_string"}}],"inLanguage":"es"},{"@type":"Organization","@id":"https:\/\/candam.eu\/es\/#organization","name":"Candam Tech","url":"https:\/\/candam.eu\/es\/","logo":{"@type":"ImageObject","inLanguage":"es","@id":"https:\/\/candam.eu\/es\/#\/schema\/logo\/image\/","url":"https:\/\/candam.eu\/wp-content\/uploads\/2026\/02\/imgi_7_Logo_Candam-Tech_negativo.svg","contentUrl":"https:\/\/candam.eu\/wp-content\/uploads\/2026\/02\/imgi_7_Logo_Candam-Tech_negativo.svg","width":729,"height":227,"caption":"Candam Tech"},"image":{"@id":"https:\/\/candam.eu\/es\/#\/schema\/logo\/image\/"}}]}},"_links":{"self":[{"href":"https:\/\/candam.eu\/es\/wp-json\/wp\/v2\/pages\/3","targetHints":{"allow":["GET"]}}],"collection":[{"href":"https:\/\/candam.eu\/es\/wp-json\/wp\/v2\/pages"}],"about":[{"href":"https:\/\/candam.eu\/es\/wp-json\/wp\/v2\/types\/page"}],"author":[{"embeddable":true,"href":"https:\/\/candam.eu\/es\/wp-json\/wp\/v2\/users\/1"}],"replies":[{"embeddable":true,"href":"https:\/\/candam.eu\/es\/wp-json\/wp\/v2\/comments?post=3"}],"version-history":[{"count":7,"href":"https:\/\/candam.eu\/es\/wp-json\/wp\/v2\/pages\/3\/revisions"}],"predecessor-version":[{"id":258,"href":"https:\/\/candam.eu\/es\/wp-json\/wp\/v2\/pages\/3\/revisions\/258"}],"wp:attachment":[{"href":"https:\/\/candam.eu\/es\/wp-json\/wp\/v2\/media?parent=3"}],"curies":[{"name":"wp","href":"https:\/\/api.w.org\/{rel}","templated":true}]}}