{"id":239,"date":"2026-02-27T04:48:42","date_gmt":"2026-02-27T04:48:42","guid":{"rendered":"https:\/\/candam.eu\/?page_id=239"},"modified":"2026-02-27T04:58:45","modified_gmt":"2026-02-27T04:58:45","slug":"politica-de-cookies","status":"publish","type":"page","link":"https:\/\/candam.eu\/es\/politica-de-cookies\/","title":{"rendered":"Pol\u00edtica de cookies"},"content":{"rendered":"\t\t<div data-elementor-type=\"wp-page\" data-elementor-id=\"239\" class=\"elementor elementor-239\" data-elementor-post-type=\"page\">\n\t\t\t\t<div class=\"elementor-element elementor-element-c91f59d e-flex e-con-boxed e-con e-parent\" data-id=\"c91f59d\" data-element_type=\"container\" data-e-type=\"container\" data-settings=\"{&quot;background_background&quot;:&quot;classic&quot;}\">\n\t\t\t\t\t<div class=\"e-con-inner\">\n\t\t\t\t<div class=\"elementor-element elementor-element-467e91a elementor-widget elementor-widget-heading\" data-id=\"467e91a\" data-element_type=\"widget\" data-e-type=\"widget\" data-widget_type=\"heading.default\">\n\t\t\t\t\t<h1 class=\"elementor-heading-title elementor-size-default\">Pol\u00edtica de cookies<\/h1>\t\t\t\t<\/div>\n\t\t\t\t<div class=\"elementor-element elementor-element-03c72d0 elementor-widget elementor-widget-text-editor\" data-id=\"03c72d0\" data-element_type=\"widget\" data-e-type=\"widget\" data-widget_type=\"text-editor.default\">\n\t\t\t\t\t\t\t\t\t<p>En\u00a0<strong>candam.eu<\/strong>\u00a0(en adelante, \u00abNUESTRO SITIO WEB\u00bb), al igual que en la gran mayor\u00eda de sitios web que existen en la actualidad, utilizamos cookies para que el usuario pueda acceder de forma m\u00e1s r\u00e1pida y eficaz a todos los productos y servicios que ofrecemos.<\/p><p>Mediante el presente documento, desarrollamos todos los aspectos relacionados con el uso y tratamiento que hacemos de las cookies, qu\u00e9 son, cu\u00e1les son, c\u00f3mo las utilizamos y c\u00f3mo puedes modificar tus preferencias al respecto.<\/p><p><strong>INFORMACI\u00d3N GENERAL SOBRE LAS COOKIES Y SU USO EN NUESTRO SITIO WEB<\/strong><\/p><p>Una cookie es un peque\u00f1o archivo que se descarga en tu ordenador al acceder a Nuestro sitio web, a trav\u00e9s del cual se puede reconocer el navegador que est\u00e1s utilizando, as\u00ed como registrar tu actividad durante la visita. El objetivo principal de las cookies es facilitar al usuario un acceso m\u00e1s r\u00e1pido a los productos y servicios que ofrecemos. Adem\u00e1s, gracias a la instalaci\u00f3n de las cookies, podemos personalizar el contenido que ofrecemos, proporcionando a cada usuario aquella informaci\u00f3n que sea de su inter\u00e9s o que pueda resultar de su inter\u00e9s, en funci\u00f3n del uso que haga de los productos y servicios anteriormente mencionados.<\/p><p>Las cookies tambi\u00e9n nos ayudan a entender el comportamiento del usuario dentro de Nuestro sitio web, lo que significa que podemos mejorar la experiencia del usuario a trav\u00e9s de las mismas. Utilizamos cookies que ayudan a personalizar al m\u00e1ximo la navegaci\u00f3n del usuario. Las cookies que utilizamos en Nuestro sitio web se asocian \u00fanicamente con un usuario an\u00f3nimo y su ordenador, sin proporcionar referencias que permitan deducir el nombre y los apellidos del usuario, leer datos de su disco duro o incluir virus en sus textos. Asimismo, no podemos leer las cookies que est\u00e9n en el disco duro del usuario y que provengan de otros servidores.<\/p><p>El usuario podr\u00e1 configurar su navegador para que notifique y rechace la instalaci\u00f3n de las cookies enviadas por Nuestro sitio web, sin que ello perjudique a la capacidad del usuario de acceder a los contenidos que ofrecemos. Sin embargo, la calidad del funcionamiento de Nuestro sitio web o de algunos servicios puede verse afectada o reducir su rendimiento \u00f3ptimo.<\/p><p><strong>TIPOS DE COOKIES Y SU FUNCIONAMIENTO. \u00bfCU\u00c1LES UTILIZAMOS EN NUESTRO SITIO WEB?<\/strong><\/p><p>En t\u00e9rminos generales, y en funci\u00f3n del plazo de tiempo que las cookies permanecen activadas en el ordenador, podemos distinguir los siguientes tipos:<\/p><p><strong>Cookies de sesi\u00f3n:<\/strong><\/p><p>Recogen datos \u00fanicamente durante el tiempo que el usuario accede al servicio, y caducan una vez prestado dicho servicio. Suelen utilizarse, por ejemplo, para recordar los productos que el usuario ha incluido en su pedido mientras navega por Nuestro sitio web, as\u00ed como por motivos de seguridad en el env\u00edo de datos al acceder a servicios financieros, al correo electr\u00f3nico, etc. Las cookies de sesi\u00f3n caducan cuando el usuario cierra el navegador.<\/p><p><strong>Cookies temporales:<\/strong><\/p><p>Recogen datos m\u00e1s all\u00e1 del tiempo durante el cual el usuario accede a Nuestro sitio web. Este tipo de cookie se utiliza, por ejemplo, para almacenar y recordar las preferencias de navegaci\u00f3n del usuario. Las cookies temporales caducan cuando se cumple el objetivo para el que se plantearon (por ejemplo, para que el usuario pueda estar identificado en los diferentes servicios a los que puede acceder en Nuestro sitio web) o bien cuando se borran manualmente.<\/p><p>Por otro lado, en funci\u00f3n de su finalidad, las cookies se pueden clasificar en los siguientes tipos:<\/p><p><strong>Cookies persistentes:<\/strong><\/p><p>Son aquellas que tienen una fecha de caducidad muy lejana en el tiempo, y que permanecen en el equipo del usuario aunque finalice la sesi\u00f3n de navegador.<\/p><p><strong>Cookies propias:<\/strong><\/p><p>Son aquellas que se env\u00edan al equipo del usuario desde un dominio gestionado directamente por CANDAM TECHNOLOGIES SL (en adelante, \u00abNUESTRA EMPRESA\u00bb), y desde el que se presta el servicio solicitado por el usuario.<\/p><p><strong>Cookies de terceros:<\/strong><\/p><p>Hay determinadas cookies que no instala Nuestra empresa, sino terceros que se dedican a servicios espec\u00edficos dirigidos al usuario. Dado que son estos terceros quienes proceden a su implantaci\u00f3n, el bloqueo y la desinstalaci\u00f3n de las mismas se rige por sus condiciones y mecanismos espec\u00edficos.<\/p><p>Dentro de las cookies de terceros, podemos distinguir los siguientes tipos:<\/p><ul><li><strong>Cookies de rendimiento:<\/strong><br \/>Recuerdan las preferencias del usuario sobre las herramientas integradas en los servicios que se ofrecen en Nuestro sitio web, lo que evita tener que configurarlas cada vez que se utilizan. Algunos ejemplos de este tipo de cookies pueden ser: recordar los productos que integran un pedido, realizar el proceso de compra del mismo, completar la solicitud de inscripci\u00f3n o participaci\u00f3n en un evento, etc.<\/li><li><strong>Cookies de registro:<\/strong><br \/>Se generan cuando el usuario se ha registrado en Nuestro sitio web o, posteriormente, cuando ha abierto su sesi\u00f3n, y se utilizan para permitir el acceso a contenidos restringidos. Algunos servicios pueden emplear enlaces a redes sociales como Twitter, Facebook o LinkedIn. El usuario habr\u00e1 autorizado previamente a dicha red social a almacenar una cookie persistente que recuerde tu identidad, lo que te permitir\u00e1 acceder a los servicios hasta que caduque. El usuario puede eliminar dicha cookie y revocar el acceso a los servicios modificando sus preferencias en la red social en cuesti\u00f3n.<\/li><li><strong>Cookies publicitarias:<\/strong><br \/>Permiten la gesti\u00f3n de los espacios publicitarios que, en su caso, el editor haya incluido en una p\u00e1gina web, aplicaci\u00f3n o plataforma desde la que presta el servicio solicitado. Gracias a estas cookies, se puede ampliar la informaci\u00f3n de los anuncios mostrados a usuarios an\u00f3nimos. Tambi\u00e9n se analiza la duraci\u00f3n o la frecuencia de visualizaci\u00f3n de los anuncios, la interacci\u00f3n que han tenido con los anuncios y los comportamientos de navegaci\u00f3n. Gracias a ello, es posible generar un perfil publicitario af\u00edn a los intereses de cada tipo de usuario.<br \/>De los diferentes tipos de cookies expuestos anteriormente, en Nuestro sitio web utilizamos las que gestiona el servicio de Google Analytics, una herramienta propiedad de Google Inc. que nos ayuda a medir c\u00f3mo interact\u00faan los usuarios con el contenido de Nuestro sitio web. Google Analytics nos ofrece etiquetas JavaScript (bibliotecas) para registrar informaci\u00f3n sobre las p\u00e1ginas web que se han visitado, como la URL de la p\u00e1gina. Estas bibliotecas utilizan cookies HTTP para \u00abrecordar\u00bb lo que el usuario ha hecho en las p\u00e1ginas o en sus interacciones con Nuestro sitio web.En concreto, las cookies que se utilizan son:<\/li><\/ul>\t\t\t\t\t\t\t\t<\/div>\n\t\t\t\t<div class=\"elementor-element elementor-element-f337ed1 elementor-widget elementor-widget-text-editor\" data-id=\"f337ed1\" data-element_type=\"widget\" data-e-type=\"widget\" data-widget_type=\"text-editor.default\">\n\t\t\t\t\t\t\t\t\t<table><tbody><tr><td><strong>Cookie<\/strong><\/td><td><strong>Duraci\u00f3n<\/strong><\/td><td><strong>Descripi\u00f3n<\/strong><\/td><\/tr><tr><td>__utma<\/td><td>Dos a\u00f1os desde su configuraci\u00f3n o actualizaci\u00f3n.<\/td><td>Se utiliza para distinguir usuarios y sesiones. La cookie se crea cuando se ejecuta la biblioteca JavaScript y no hay ninguna cookie __utma. Se actualiza cada vez que se env\u00edan datos a Google Analytics.<\/td><\/tr><tr><td>__utmb<\/td><td>Treinta minutos despu\u00e9s de configurarse o actualizarse.<\/td><td>Se utiliza para determinar nuevas sesiones o visitas. La cookie se crea cuando se ejecuta la biblioteca JavaScript y no hay ninguna cookie __utmb. Se actualiza cada vez que se env\u00edan datos a Google Analytics.<\/td><\/tr><tr><td>__utmc<\/td><td>Hasta el final de la sesi\u00f3n del navegador.<\/td><td>Se establece para interactuar con urchin.js. Anteriormente, esta cookie actuaba conjuntamente con la cookie __utmb para determinar si el usuario estaba en una nueva sesi\u00f3n o visita.<\/td><\/tr><tr><td>__utmt<\/td><td>Diez minutos desde su configuraci\u00f3n o actualizaci\u00f3n.<\/td><td>Se utiliza para registrar el n\u00famero de peticiones de monitorizaci\u00f3n realizadas, lo que limita la recopilaci\u00f3n de datos en sitios web con mucho tr\u00e1fico.<\/td><\/tr><tr><td>__utmz<\/td><td>Seis meses desde su configuraci\u00f3n o actualizaci\u00f3n.<\/td><td>Almacena la fuente de tr\u00e1fico que explica c\u00f3mo ha llegado el usuario a Nuestro sitio web. La cookie se crea cuando se ejecuta la biblioteca JavaScript y se actualiza cada vez que se env\u00edan datos a Google Analytics.<\/td><\/tr><tr><td>NID<\/td><td>Seis meses despu\u00e9s de establecerse o actualizarse.<\/td><td>Facilita la visualizaci\u00f3n de mapas mediante la herramienta Google Maps.<\/td><\/tr><tr><td>PREF<\/td><td>Dos a\u00f1os desde su configuraci\u00f3n o actualizaci\u00f3n.<\/td><td>Facilita la visualizaci\u00f3n de mapas mediante la herramienta Google Maps.<\/td><\/tr><\/tbody><\/table>\t\t\t\t\t\t\t\t<\/div>\n\t\t\t\t<div class=\"elementor-element elementor-element-21180c9 elementor-widget elementor-widget-text-editor\" data-id=\"21180c9\" data-element_type=\"widget\" data-e-type=\"widget\" data-widget_type=\"text-editor.default\">\n\t\t\t\t\t\t\t\t\t<p>Para m\u00e1s informaci\u00f3n, puede consultar el siguiente\u00a0<a href=\"https:\/\/policies.google.com\/technologies\/cookies?hl=es\" target=\"_blank\" rel=\"noreferrer noopener\">documento<\/a>\u00a0sobre el uso de las cookies de Google Analytics en los sitios web.<\/p><p>\u00bfC\u00d3MO DESACTIVAR LAS COOKIES O CONFIGURAR TUS PREFERENCIAS?<\/p><p>Puedes aceptar, bloquear o eliminar las cookies instaladas en tu equipo mediante la configuraci\u00f3n de las opciones de tu navegador de Internet. En caso de bloquearlas, es posible que ciertos servicios que necesitan su uso no est\u00e9n disponibles en Nuestro sitio web.<\/p><p>Con el fin de facilitar la tarea a los usuarios que quieran impedir la instalaci\u00f3n de cookies en el ordenador, Nuestra empresa pone a disposici\u00f3n de los usuarios enlaces a las instrucciones suministradas al efecto por los navegadores cuyo uso consideramos m\u00e1s generalizado:<\/p><ul><li><a href=\"https:\/\/support.google.com\/chrome\/answer\/95647?hl=es\" target=\"_blank\" rel=\"noreferrer noopener\">Google Chrome<\/a><\/li><li><a href=\"https:\/\/support.mozilla.org\/es\/kb\/cookies-informacion-que-los-sitios-web-guardan-en-?redirectlocale=es-ES&amp;redirectslug=Cookies\" target=\"_blank\" rel=\"noreferrer noopener\">Mozilla Firefox<\/a><\/li><li><a href=\"https:\/\/support.microsoft.com\/es-es\/help\/17442\/windows-internet-explorer-delete-manage-cookies\" target=\"_blank\" rel=\"noreferrer noopener\">Internet Explorer<\/a><\/li><li><a href=\"http:\/\/support.apple.com\/es-es\/HT1677\" target=\"_blank\" rel=\"noreferrer noopener\">Safari<\/a><\/li><\/ul><p>Algunas funcionalidades de los servicios quedar\u00e1n deshabilitadas, como, por ejemplo, permanecer identificado, mantener productos en el carrito de la compra en un servicio de comercio electr\u00f3nico, recibir informaci\u00f3n dirigida a tu ubicaci\u00f3n o visualizar algunos v\u00eddeos. Por ello, y tal y como se ha descrito anteriormente, el usuario puede rechazar el tratamiento de los datos o la informaci\u00f3n rechazando el uso de cookies mediante la configuraci\u00f3n correspondiente del navegador. No obstante, debes saber que, si lo haces, es posible que no puedas utilizar todas las funcionalidades de este sitio.<\/p><p>La presente Pol\u00edtica de cookies est\u00e1 sujeta a modificaciones en funci\u00f3n de exigencias reglamentarias o legislativas, o con la finalidad de adaptar dicha pol\u00edtica a las instrucciones emitidas por la Agencia Espa\u00f1ola de Protecci\u00f3n de Datos. En caso de que se introduzcan cambios significativos, se comunicar\u00e1n a los usuarios mediante mensajes en Nuestro sitio web.<\/p><p>Conforme a lo dispuesto en los puntos anteriores, se advierte al usuario que, si contin\u00faa navegando en nuestro sitio web sin haber adoptado las medidas oportunas para personalizar su navegador de forma que se impida la instalaci\u00f3n de las cookies que utilizamos, conforme a las condiciones recogidas en el art\u00edculo 22.2 de la Ley 34\/2002 de servicios de la sociedad de la informaci\u00f3n y de comercio electr\u00f3nico, estar\u00e1 dando su consentimiento a la utilizaci\u00f3n de dichos mecanismos.<\/p><p>La lista de cookies que figura en este documento se actualizar\u00e1 con la mayor celeridad posible a medida que cambien los servicios que ofrecemos en nuestro sitio web. En cualquier caso, es posible que durante dicha actualizaci\u00f3n la lista no recoja ya alguna de las cookies, aunque siempre har\u00e1 referencia a cookies con fines id\u00e9nticos a los que figuran en esta lista.<\/p><p>Si quieres ponerte en contacto con nosotros en relaci\u00f3n a nuestra Pol\u00edtica de cookies, escr\u00edbenos a<a href=\"mailto:hello@candam.eu\">\u00a0hello@candam.eu<\/a><\/p>\t\t\t\t\t\t\t\t<\/div>\n\t\t\t\t\t<\/div>\n\t\t\t\t<\/div>\n\t\t\t\t<\/div>\n\t\t","protected":false},"excerpt":{"rendered":"<p>En\u00a0candam.eu\u00a0(en adelante, \u00abNUESTRO SITIO WEB\u00bb), al igual que en la gran mayor\u00eda de sitios web que existen en la actualidad, utilizamos cookies para que el usuario pueda acceder de forma m\u00e1s r\u00e1pida y eficaz a todos los productos y servicios que ofrecemos. Mediante el presente documento, desarrollamos todos los aspectos relacionados con el uso y [&hellip;]<\/p>\n","protected":false},"author":1,"featured_media":0,"parent":0,"menu_order":0,"comment_status":"closed","ping_status":"closed","template":"","meta":{"_acf_changed":false,"content-type":"","footnotes":""},"class_list":["post-239","page","type-page","status-publish","hentry"],"acf":[],"yoast_head":"<!-- This site is optimized with the Yoast SEO plugin v27.3 - https:\/\/yoast.com\/product\/yoast-seo-wordpress\/ -->\n<title>Pol\u00edtica de cookies - Candam Tech<\/title>\n<meta name=\"robots\" content=\"index, follow, max-snippet:-1, max-image-preview:large, max-video-preview:-1\" \/>\n<link rel=\"canonical\" href=\"https:\/\/candam.eu\/es\/politica-de-cookies\/\" \/>\n<meta property=\"og:locale\" content=\"es_ES\" \/>\n<meta property=\"og:type\" content=\"article\" \/>\n<meta property=\"og:title\" content=\"Pol\u00edtica de cookies - Candam Tech\" \/>\n<meta property=\"og:description\" content=\"En\u00a0candam.eu\u00a0(en adelante, \u00abNUESTRO SITIO WEB\u00bb), al igual que en la gran mayor\u00eda de sitios web que existen en la actualidad, utilizamos cookies para que el usuario pueda acceder de forma m\u00e1s r\u00e1pida y eficaz a todos los productos y servicios que ofrecemos. Mediante el presente documento, desarrollamos todos los aspectos relacionados con el uso y [&hellip;]\" \/>\n<meta property=\"og:url\" content=\"https:\/\/candam.eu\/es\/politica-de-cookies\/\" \/>\n<meta property=\"og:site_name\" content=\"Candam Tech\" \/>\n<meta property=\"article:modified_time\" content=\"2026-02-27T04:58:45+00:00\" \/>\n<meta name=\"twitter:card\" content=\"summary_large_image\" \/>\n<meta name=\"twitter:label1\" content=\"Tiempo de lectura\" \/>\n\t<meta name=\"twitter:data1\" content=\"9 minutos\" \/>\n<script type=\"application\/ld+json\" class=\"yoast-schema-graph\">{\"@context\":\"https:\\\/\\\/schema.org\",\"@graph\":[{\"@type\":\"WebPage\",\"@id\":\"https:\\\/\\\/candam.eu\\\/es\\\/politica-de-cookies\\\/\",\"url\":\"https:\\\/\\\/candam.eu\\\/es\\\/politica-de-cookies\\\/\",\"name\":\"Pol\u00edtica de cookies - Candam Tech\",\"isPartOf\":{\"@id\":\"https:\\\/\\\/candam.eu\\\/es\\\/#website\"},\"datePublished\":\"2026-02-27T04:48:42+00:00\",\"dateModified\":\"2026-02-27T04:58:45+00:00\",\"breadcrumb\":{\"@id\":\"https:\\\/\\\/candam.eu\\\/es\\\/politica-de-cookies\\\/#breadcrumb\"},\"inLanguage\":\"es\",\"potentialAction\":[{\"@type\":\"ReadAction\",\"target\":[\"https:\\\/\\\/candam.eu\\\/es\\\/politica-de-cookies\\\/\"]}]},{\"@type\":\"BreadcrumbList\",\"@id\":\"https:\\\/\\\/candam.eu\\\/es\\\/politica-de-cookies\\\/#breadcrumb\",\"itemListElement\":[{\"@type\":\"ListItem\",\"position\":1,\"name\":\"Home\",\"item\":\"https:\\\/\\\/candam.eu\\\/es\\\/\"},{\"@type\":\"ListItem\",\"position\":2,\"name\":\"Pol\u00edtica de cookies\"}]},{\"@type\":\"WebSite\",\"@id\":\"https:\\\/\\\/candam.eu\\\/es\\\/#website\",\"url\":\"https:\\\/\\\/candam.eu\\\/es\\\/\",\"name\":\"Candam Tech\",\"description\":\"Candam Tech\",\"publisher\":{\"@id\":\"https:\\\/\\\/candam.eu\\\/es\\\/#organization\"},\"potentialAction\":[{\"@type\":\"SearchAction\",\"target\":{\"@type\":\"EntryPoint\",\"urlTemplate\":\"https:\\\/\\\/candam.eu\\\/es\\\/?s={search_term_string}\"},\"query-input\":{\"@type\":\"PropertyValueSpecification\",\"valueRequired\":true,\"valueName\":\"search_term_string\"}}],\"inLanguage\":\"es\"},{\"@type\":\"Organization\",\"@id\":\"https:\\\/\\\/candam.eu\\\/es\\\/#organization\",\"name\":\"Candam Tech\",\"url\":\"https:\\\/\\\/candam.eu\\\/es\\\/\",\"logo\":{\"@type\":\"ImageObject\",\"inLanguage\":\"es\",\"@id\":\"https:\\\/\\\/candam.eu\\\/es\\\/#\\\/schema\\\/logo\\\/image\\\/\",\"url\":\"https:\\\/\\\/candam.eu\\\/wp-content\\\/uploads\\\/2026\\\/02\\\/imgi_7_Logo_Candam-Tech_negativo.svg\",\"contentUrl\":\"https:\\\/\\\/candam.eu\\\/wp-content\\\/uploads\\\/2026\\\/02\\\/imgi_7_Logo_Candam-Tech_negativo.svg\",\"width\":729,\"height\":227,\"caption\":\"Candam Tech\"},\"image\":{\"@id\":\"https:\\\/\\\/candam.eu\\\/es\\\/#\\\/schema\\\/logo\\\/image\\\/\"}}]}<\/script>\n<!-- \/ Yoast SEO plugin. -->","yoast_head_json":{"title":"Pol\u00edtica de cookies - Candam Tech","robots":{"index":"index","follow":"follow","max-snippet":"max-snippet:-1","max-image-preview":"max-image-preview:large","max-video-preview":"max-video-preview:-1"},"canonical":"https:\/\/candam.eu\/es\/politica-de-cookies\/","og_locale":"es_ES","og_type":"article","og_title":"Pol\u00edtica de cookies - Candam Tech","og_description":"En\u00a0candam.eu\u00a0(en adelante, \u00abNUESTRO SITIO WEB\u00bb), al igual que en la gran mayor\u00eda de sitios web que existen en la actualidad, utilizamos cookies para que el usuario pueda acceder de forma m\u00e1s r\u00e1pida y eficaz a todos los productos y servicios que ofrecemos. Mediante el presente documento, desarrollamos todos los aspectos relacionados con el uso y [&hellip;]","og_url":"https:\/\/candam.eu\/es\/politica-de-cookies\/","og_site_name":"Candam Tech","article_modified_time":"2026-02-27T04:58:45+00:00","twitter_card":"summary_large_image","twitter_misc":{"Tiempo de lectura":"9 minutos"},"schema":{"@context":"https:\/\/schema.org","@graph":[{"@type":"WebPage","@id":"https:\/\/candam.eu\/es\/politica-de-cookies\/","url":"https:\/\/candam.eu\/es\/politica-de-cookies\/","name":"Pol\u00edtica de cookies - Candam Tech","isPartOf":{"@id":"https:\/\/candam.eu\/es\/#website"},"datePublished":"2026-02-27T04:48:42+00:00","dateModified":"2026-02-27T04:58:45+00:00","breadcrumb":{"@id":"https:\/\/candam.eu\/es\/politica-de-cookies\/#breadcrumb"},"inLanguage":"es","potentialAction":[{"@type":"ReadAction","target":["https:\/\/candam.eu\/es\/politica-de-cookies\/"]}]},{"@type":"BreadcrumbList","@id":"https:\/\/candam.eu\/es\/politica-de-cookies\/#breadcrumb","itemListElement":[{"@type":"ListItem","position":1,"name":"Home","item":"https:\/\/candam.eu\/es\/"},{"@type":"ListItem","position":2,"name":"Pol\u00edtica de cookies"}]},{"@type":"WebSite","@id":"https:\/\/candam.eu\/es\/#website","url":"https:\/\/candam.eu\/es\/","name":"Candam Tech","description":"Candam Tech","publisher":{"@id":"https:\/\/candam.eu\/es\/#organization"},"potentialAction":[{"@type":"SearchAction","target":{"@type":"EntryPoint","urlTemplate":"https:\/\/candam.eu\/es\/?s={search_term_string}"},"query-input":{"@type":"PropertyValueSpecification","valueRequired":true,"valueName":"search_term_string"}}],"inLanguage":"es"},{"@type":"Organization","@id":"https:\/\/candam.eu\/es\/#organization","name":"Candam Tech","url":"https:\/\/candam.eu\/es\/","logo":{"@type":"ImageObject","inLanguage":"es","@id":"https:\/\/candam.eu\/es\/#\/schema\/logo\/image\/","url":"https:\/\/candam.eu\/wp-content\/uploads\/2026\/02\/imgi_7_Logo_Candam-Tech_negativo.svg","contentUrl":"https:\/\/candam.eu\/wp-content\/uploads\/2026\/02\/imgi_7_Logo_Candam-Tech_negativo.svg","width":729,"height":227,"caption":"Candam Tech"},"image":{"@id":"https:\/\/candam.eu\/es\/#\/schema\/logo\/image\/"}}]}},"_links":{"self":[{"href":"https:\/\/candam.eu\/es\/wp-json\/wp\/v2\/pages\/239","targetHints":{"allow":["GET"]}}],"collection":[{"href":"https:\/\/candam.eu\/es\/wp-json\/wp\/v2\/pages"}],"about":[{"href":"https:\/\/candam.eu\/es\/wp-json\/wp\/v2\/types\/page"}],"author":[{"embeddable":true,"href":"https:\/\/candam.eu\/es\/wp-json\/wp\/v2\/users\/1"}],"replies":[{"embeddable":true,"href":"https:\/\/candam.eu\/es\/wp-json\/wp\/v2\/comments?post=239"}],"version-history":[{"count":7,"href":"https:\/\/candam.eu\/es\/wp-json\/wp\/v2\/pages\/239\/revisions"}],"predecessor-version":[{"id":255,"href":"https:\/\/candam.eu\/es\/wp-json\/wp\/v2\/pages\/239\/revisions\/255"}],"wp:attachment":[{"href":"https:\/\/candam.eu\/es\/wp-json\/wp\/v2\/media?parent=239"}],"curies":[{"name":"wp","href":"https:\/\/api.w.org\/{rel}","templated":true}]}}