{"id":237,"date":"2026-02-27T04:48:31","date_gmt":"2026-02-27T04:48:31","guid":{"rendered":"https:\/\/candam.eu\/?page_id=237"},"modified":"2026-02-27T04:58:52","modified_gmt":"2026-02-27T04:58:52","slug":"politica-legal","status":"publish","type":"page","link":"https:\/\/candam.eu\/es\/politica-legal\/","title":{"rendered":"Pol\u00edtica legal"},"content":{"rendered":"\t\t<div data-elementor-type=\"wp-page\" data-elementor-id=\"237\" class=\"elementor elementor-237\" data-elementor-post-type=\"page\">\n\t\t\t\t<div class=\"elementor-element elementor-element-d127820 e-flex e-con-boxed e-con e-parent\" data-id=\"d127820\" data-element_type=\"container\" data-e-type=\"container\" data-settings=\"{&quot;background_background&quot;:&quot;classic&quot;}\">\n\t\t\t\t\t<div class=\"e-con-inner\">\n\t\t\t\t<div class=\"elementor-element elementor-element-62eeb0d elementor-widget elementor-widget-heading\" data-id=\"62eeb0d\" data-element_type=\"widget\" data-e-type=\"widget\" data-widget_type=\"heading.default\">\n\t\t\t\t\t<h1 class=\"elementor-heading-title elementor-size-default\">Pol\u00edtica legal<\/h1>\t\t\t\t<\/div>\n\t\t\t\t<div class=\"elementor-element elementor-element-9416fdf elementor-widget elementor-widget-text-editor\" data-id=\"9416fdf\" data-element_type=\"widget\" data-e-type=\"widget\" data-widget_type=\"text-editor.default\">\n\t\t\t\t\t\t\t\t\t<div class=\"x_ContentPasted0\"><strong>1. Objeto<\/strong><\/div><div>\u00a0<\/div><div class=\"x_ContentPasted0\">El presente Aviso legal regula el uso y aprovechamiento del sitio web candam.eu propiedad de CANDAM TECHNOLOGIES SL (en adelante, el \u00abPROPIETARIO DEL SITIO WEB\u00bb).<\/div><div>\u00a0<\/div><div class=\"x_ContentPasted0\">La navegaci\u00f3n por el sitio web atribuye la condici\u00f3n de USUARIO del mismo e implica la aceptaci\u00f3n plena y sin reservas de todas y cada una de las condiciones publicadas en este aviso legal, advirtiendo de que estas condiciones podr\u00e1n sufrir modificaciones sin previo aviso por parte del PROPIETARIO DEL SITIO WEB, en cuyo caso se proceder\u00e1 a su publicaci\u00f3n y aviso con la m\u00e1xima antelaci\u00f3n posible.<\/div><div>\u00a0<\/div><div class=\"x_ContentPasted0\">Por ello, se recomienda leer atentamente su contenido para acceder y hacer uso de la informaci\u00f3n y los servicios ofrecidos desde este sitio web.<\/div><div>\u00a0<\/div><div class=\"x_ContentPasted0\">Asimismo, el usuario se compromete a hacer un uso correcto del sitio web de conformidad con las leyes, la buena fe, el orden p\u00fablico, los usos del tr\u00e1fico web y el presente Aviso legal, y responder\u00e1 frente al PROPIETARIO DEL SITIO WEB o frente a terceros de cualesquiera da\u00f1os y perjuicios que pudieran surgir como consecuencia del incumplimiento de dicha obligaci\u00f3n.<\/div><div>\u00a0<\/div><div class=\"x_ContentPasted0\">Queda expresamente prohibido cualquier uso distinto al autorizado, y el PROPIETARIO DEL SITIO WEB podr\u00e1 denegar o retirar el acceso y uso en cualquier momento.<\/div><div class=\"x_ContentPasted0\">\u00a0<\/div><div>\u00a0<\/div><div class=\"x_ContentPasted0\"><strong>2. Identifica<\/strong><strong>ci\u00f3n<\/strong><\/div><div>\u00a0<\/div><div class=\"x_ContentPasted0\">El PROPIETARIO DEL SITIO WEB, en cumplimiento de la Ley 34\/2002, de 11 de julio, de servicios de la sociedad de la informaci\u00f3n y de comercio electr\u00f3nico, manifiesta que:<\/div><p>\u00a0<\/p><ul><li class=\"x_ContentPasted0\">Su raz\u00f3n social es: CANDAM TECHNOLOGIES SL.<\/li><li class=\"x_ContentPasted0\">Su NIF es: B-66947367<\/li><li class=\"x_ContentPasted0\">Su domicilio social se encuentra en:\u00a0Sant Adria 66 Nave 8, 08030 Barcelona, Spain<\/li><li class=\"x_ContentPasted0\">Sus datos registrales son: Registro Mercantil de Barcelona, tomo 45806, folio 172, hoja 499700, inscripci\u00f3n 1.\u00aa.<\/li><\/ul><div>\u00a0<\/div><div>\u00a0<\/div><div class=\"x_ContentPasted0\"><strong>3. Communicaciones<\/strong><\/div><div>\u00a0<\/div><div class=\"x_ContentPasted0\">Para contactar con nosotros, se ponen a disposici\u00f3n los diferentes medios que detallamos a continuaci\u00f3n:<\/div><div>\u00a0<\/div><div class=\"x_ContentPasted0\"><div class=\"x_ContentPasted0\">Tel\u00e9fono: (+34) 622158747<\/div><div class=\"x_ContentPasted0\">Correo electr\u00f3nico: hello@candam.eu<\/div><div class=\"x_ContentPasted0\">Todas las notificaciones y comunicaciones entre los usuarios y PROPIETARIO DEL SITIO WEB se considerar\u00e1n efectivos, a todos los efectos, cuando se realicen a trav\u00e9s de cualquier medio de los detallados anteriormente.<\/div><div class=\"x_ContentPasted0\">\u00a0<\/div><\/div><div>\u00a0<\/div><div class=\"x_ContentPasted1 x_ContentPasted2\"><p><strong>4. C<\/strong><strong>ondiciones de acceso y utilizaci\u00f3n<\/strong><\/p><div class=\"x_ContentPasted1\">El sitio web y sus servicios son de acceso libre y gratuito. No obstante, el PROPIETARIO DEL SITIO WEB puede condicionar la utilizaci\u00f3n de algunos de los servicios ofrecidos a la previa cumplimentaci\u00f3n del correspondiente formulario.<\/div><div>El usuario garantiza la autenticidad y actualidad de todos aquellos datos que comunique al PROPIETARIO DEL SITIO WEB y ser\u00e1 el \u00fanico responsable de las manifestaciones falsas o inexactas que realice.<\/div><div>\u00a0<\/div><div class=\"x_ContentPasted1\"><div class=\"x_ContentPasted1\">El usuario se compromete expresamente a hacer un uso adecuado de los contenidos y servicios del PROPIETARIO DE LA WEB y a no emplearlos para, entre otros:<\/div><\/div><div>\u00a0<\/div><div class=\"x_ContentPasted1\"><div class=\"x_ContentPasted1\">Difundir contenidos delictivos, violentos, pornogr\u00e1ficos, racistas, xen\u00f3fobos, ofensivos, de apolog\u00eda del terrorismo o, en general, contrarios a la ley o al orden p\u00fablico.<\/div><div class=\"x_ContentPasted1\">Introducir en la red virus inform\u00e1ticos o realizar actuaciones susceptibles de alterar, da\u00f1ar, interrumpir o generar errores o da\u00f1os en los documentos electr\u00f3nicos, datos o sistemas f\u00edsicos y l\u00f3gicos del PROPIETARIO DEL SITIO WEB o de terceros, as\u00ed como dificultar el acceso de otros usuarios al sitio web y a sus servicios mediante el consumo masivo de los recursos inform\u00e1ticos a trav\u00e9s de los cuales el PROPIETARIO DEL SITIO WEB presta sus servicios.<\/div><div class=\"x_ContentPasted1\">Intentar acceder a las cuentas de correo electr\u00f3nico de otros usuarios o a \u00e1reas restringidas de los sistemas inform\u00e1ticos del PROPIETARIO DEL SITIO WEB o de terceros y, en su caso, extraer informaci\u00f3n.<\/div><div class=\"x_ContentPasted1\">Vulnerar los derechos de propiedad intelectual o industrial, as\u00ed como infringir la confidencialidad de la informaci\u00f3n del PROPIETARIO DE LA WEB o de terceros.<\/div><div class=\"x_ContentPasted1\">Suplantar la identidad de cualquier otro usuario.<\/div><div class=\"x_ContentPasted1\">Reproducir, copiar, distribuir, poner a disposici\u00f3n o comunicar p\u00fablicamente de cualquier otra forma, transformar o modificar los contenidos, a menos que se cuente con la autorizaci\u00f3n del titular de los correspondientes derechos o que esto est\u00e9 legalmente permitido.<\/div><div class=\"x_ContentPasted1\">Recopilar datos para remitir publicidad de cualquier clase y comunicaciones con fines de venta u otras comunicaciones de naturaleza comercial, sin que medie su previa solicitud o consentimiento.<\/div><div class=\"x_ContentPasted1\">Todos los contenidos del sitio web, como textos, fotograf\u00edas, gr\u00e1ficos, im\u00e1genes, iconos, tecnolog\u00eda, software, as\u00ed como su dise\u00f1o gr\u00e1fico y c\u00f3digos fuente, son un trabajo cuya titularidad corresponde al PROPIETARIO DEL SITIO WEB, sin que puedan entenderse como cedidos al usuario ninguno de los derechos de explotaci\u00f3n sobre los mismos m\u00e1s all\u00e1 de lo estrictamente necesario para el correcto uso de la web.<\/div><div class=\"x_ContentPasted1\">\u00a0<\/div><div class=\"x_ContentPasted1\">En definitiva, los usuarios que accedan a este sitio web pueden visualizar los contenidos y hacer, en su caso, copias privadas autorizadas siempre que los elementos reproducidos no vayan a cederse posteriormente a terceros, ni se instalen en servidores conectados a redes, ni sean objeto de ning\u00fan tipo de explotaci\u00f3n.<\/div><div class=\"x_ContentPasted1\">Asimismo, todas las marcas, nombres comerciales o logotipos de cualquier clase que aparecen en el sitio web pertenecen al PROPIETARIO DEL SITIO WEB, sin que pueda entenderse que el uso o acceso al mismo atribuya al usuario derecho alguno sobre los mismos.<\/div><div class=\"x_ContentPasted1\">Quedan prohibidos la distribuci\u00f3n, modificaci\u00f3n, cesi\u00f3n o comunicaci\u00f3n p\u00fablica de los contenidos y cualquier otro acto que no cuente con la autorizaci\u00f3n expresa del titular de los derechos de explotaci\u00f3n.<\/div><div class=\"x_ContentPasted1\">El establecimiento de un hiperenlace no implica en ning\u00fan caso la existencia de relaciones entre el PROPIETARIO DEL SITIO WEB y el propietario del sitio web en la que se establezca, ni la aceptaci\u00f3n y aprobaci\u00f3n por parte del PROPIETARIO DEL SITIO WEB de sus contenidos o servicios.<\/div><div class=\"x_ContentPasted1\">El PROPIETARIO DEL SITIO WEB no se responsabiliza del uso que cada usuario les d\u00e9 a los materiales puestos a disposici\u00f3n en este sitio web ni de las acciones que lleve a cabo en base a los mismos.<\/div><div class=\"x_ContentPasted1\">\u00a0<\/div><\/div><div>\u00a0<\/div><p><strong>4.1.\u00a0<\/strong><strong>Exclusi\u00f3n de garant\u00edas y de responsabilidad por el acceso y utilizaci\u00f3n<\/strong><\/p><div class=\"x_ContentPasted2\"><div class=\"x_ContentPasted2\">El contenido de este sitio web es de car\u00e1cter general y tiene una finalidad meramente informativa, sin que se garantice plenamente el acceso a todos los contenidos, ni su exhaustividad, correcci\u00f3n, vigencia o actualidad, ni su idoneidad o utilidad para un objetivo espec\u00edfico.<\/div><div class=\"x_ContentPasted2\">El PROPIETARIO DEL SITIO WEB excluye, en la medida en que lo permite la ley, cualquier responsabilidad por los da\u00f1os y perjuicios de toda naturaleza derivados de:<\/div><div class=\"x_ContentPasted2\">La imposibilidad de acceder al sitio web o la falta de veracidad, exactitud, exhaustividad o actualidad de los contenidos, as\u00ed como la existencia de vicios y defectos de toda clase de los contenidos transmitidos, difundidos, almacenados, puestos a disposici\u00f3n, a los que se haya accedido a trav\u00e9s del sitio web o de los servicios que se ofrecen.<\/div><div class=\"x_ContentPasted2\">La presencia de virus o de otros elementos en los contenidos que puedan producir alteraciones en los sistemas inform\u00e1ticos, documentos electr\u00f3nicos o datos de los usuarios.<\/div><div class=\"x_ContentPasted2\">El incumplimiento de las leyes, la buena fe, el orden p\u00fablico, los usos del tr\u00e1fico en la red y el presente aviso legal como consecuencia del uso incorrecto del sitio web. En particular, y a modo de ejemplo, EL PROPIETARIO DEL SITIO WEB no se hace responsable de las actuaciones de terceros que vulneren los derechos de propiedad intelectual e industrial, secretos empresariales, derechos al honor, a la intimidad personal y familiar y a la propia imagen, as\u00ed como la normativa en materia de competencia desleal y publicidad il\u00edcita.<\/div><div class=\"x_ContentPasted2\">Asimismo, el PROPIETARIO DEL SITIO WEB declina cualquier responsabilidad respecto a la informaci\u00f3n que se halle fuera de este sitio web y no est\u00e9 gestionada directamente por nuestro administrador web. La funci\u00f3n de los enlaces que aparecen en este sitio web es exclusivamente la de informar al usuario sobre la existencia de otras fuentes susceptibles de ampliar los contenidos que ofrece este sitio web. El PROPIETARIO DEL SITIO WEB no garantiza ni se responsabiliza del funcionamiento ni de la accesibilidad de los sitios enlazados, ni sugiere, invita ni recomienda la visita a los mismos, por lo que tampoco ser\u00e1 responsable del resultado obtenido. El PROPIETARIO DEL SITIO WEB no se responsabiliza del establecimiento de hiperv\u00ednculos por parte de terceros.<\/div><div class=\"x_ContentPasted2\">\u00a0<\/div><\/div><div>\u00a0<\/div><div class=\"x_ContentPasted2\"><strong>4.2.\u00a0<\/strong><strong>Procedimiento en caso de realizaci\u00f3n de actividades de car\u00e1cter il\u00edcito.<\/strong><\/div><div>\u00a0<\/div><div class=\"x_ContentPasted2\"><div class=\"x_ContentPasted2\">En el caso de que cualquier usuario o tercero considere que existen hechos o circunstancias que evidencien el car\u00e1cter il\u00edcito de la utilizaci\u00f3n de cualquier contenido o de la realizaci\u00f3n de cualquier actividad en el sitio web, incluidos en el sitio web o accesibles a trav\u00e9s del mismo, deber\u00e1s enviar una notificaci\u00f3n al PROPIETARIO DEL SITIO WEB en la que se identifiquen debidamente y especifique las supuestas infracciones.<\/div><div class=\"x_ContentPasted2\">\u00a0<\/div><div class=\"x_ContentPasted2\">\u00a0<\/div><\/div><div>\u00a0<\/div><div class=\"x_ContentPasted2\"><strong>4.3.\u00a0<\/strong><strong>Publicaciones<\/strong><\/div><div class=\"x_ContentPasted2\">\u00a0<\/div><div>La informaci\u00f3n administrativa facilitada a trav\u00e9s del sitio web no sustituye la publicidad legal de las leyes, reglamentos, planes, disposiciones generales y normativas que tengan que publicarse formalmente en los diarios oficiales de las administraciones p\u00fablicas, que son el \u00fanico instrumento que da fe de su autenticidad y contenido. La informaci\u00f3n disponible en este sitio web debe entenderse como una gu\u00eda sin \u00e1nimo de validez legal.<\/div><div>\u00a0<\/div><div>\u00a0<\/div><div class=\"x_ContentPasted2\"><strong>5. Legislaci\u00f3n aplicable<br \/><\/strong><\/div><div>\u00a0<\/div><p>Las presentes condiciones se regir\u00e1n por la legislaci\u00f3n espa\u00f1ola vigente.<\/p><\/div>\t\t\t\t\t\t\t\t<\/div>\n\t\t\t\t\t<\/div>\n\t\t\t\t<\/div>\n\t\t\t\t<\/div>\n\t\t","protected":false},"excerpt":{"rendered":"<p>1. Objeto\u00a0El presente Aviso legal regula el uso y aprovechamiento del sitio web candam.eu propiedad de CANDAM TECHNOLOGIES SL (en adelante, el \u00abPROPIETARIO DEL SITIO WEB\u00bb).\u00a0La navegaci\u00f3n por el sitio web atribuye la condici\u00f3n de USUARIO del mismo e implica la aceptaci\u00f3n plena y sin reservas de todas y cada una de las condiciones publicadas [&hellip;]<\/p>\n","protected":false},"author":1,"featured_media":0,"parent":0,"menu_order":0,"comment_status":"closed","ping_status":"closed","template":"","meta":{"_acf_changed":false,"content-type":"","footnotes":""},"class_list":["post-237","page","type-page","status-publish","hentry"],"acf":[],"yoast_head":"<!-- This site is optimized with the Yoast SEO plugin v27.3 - https:\/\/yoast.com\/product\/yoast-seo-wordpress\/ -->\n<title>Pol\u00edtica legal - Candam Tech<\/title>\n<meta name=\"robots\" content=\"index, follow, max-snippet:-1, max-image-preview:large, max-video-preview:-1\" \/>\n<link rel=\"canonical\" href=\"https:\/\/candam.eu\/es\/politica-legal\/\" \/>\n<meta property=\"og:locale\" content=\"es_ES\" \/>\n<meta property=\"og:type\" content=\"article\" \/>\n<meta property=\"og:title\" content=\"Pol\u00edtica legal - Candam Tech\" \/>\n<meta property=\"og:description\" content=\"1. Objeto\u00a0El presente Aviso legal regula el uso y aprovechamiento del sitio web candam.eu propiedad de CANDAM TECHNOLOGIES SL (en adelante, el \u00abPROPIETARIO DEL SITIO WEB\u00bb).\u00a0La navegaci\u00f3n por el sitio web atribuye la condici\u00f3n de USUARIO del mismo e implica la aceptaci\u00f3n plena y sin reservas de todas y cada una de las condiciones publicadas [&hellip;]\" \/>\n<meta property=\"og:url\" content=\"https:\/\/candam.eu\/es\/politica-legal\/\" \/>\n<meta property=\"og:site_name\" content=\"Candam Tech\" \/>\n<meta property=\"article:modified_time\" content=\"2026-02-27T04:58:52+00:00\" \/>\n<meta name=\"twitter:card\" content=\"summary_large_image\" \/>\n<meta name=\"twitter:label1\" content=\"Tiempo de lectura\" \/>\n\t<meta name=\"twitter:data1\" content=\"8 minutos\" \/>\n<script type=\"application\/ld+json\" class=\"yoast-schema-graph\">{\"@context\":\"https:\\\/\\\/schema.org\",\"@graph\":[{\"@type\":\"WebPage\",\"@id\":\"https:\\\/\\\/candam.eu\\\/es\\\/politica-legal\\\/\",\"url\":\"https:\\\/\\\/candam.eu\\\/es\\\/politica-legal\\\/\",\"name\":\"Pol\u00edtica legal - Candam Tech\",\"isPartOf\":{\"@id\":\"https:\\\/\\\/candam.eu\\\/es\\\/#website\"},\"datePublished\":\"2026-02-27T04:48:31+00:00\",\"dateModified\":\"2026-02-27T04:58:52+00:00\",\"breadcrumb\":{\"@id\":\"https:\\\/\\\/candam.eu\\\/es\\\/politica-legal\\\/#breadcrumb\"},\"inLanguage\":\"es\",\"potentialAction\":[{\"@type\":\"ReadAction\",\"target\":[\"https:\\\/\\\/candam.eu\\\/es\\\/politica-legal\\\/\"]}]},{\"@type\":\"BreadcrumbList\",\"@id\":\"https:\\\/\\\/candam.eu\\\/es\\\/politica-legal\\\/#breadcrumb\",\"itemListElement\":[{\"@type\":\"ListItem\",\"position\":1,\"name\":\"Home\",\"item\":\"https:\\\/\\\/candam.eu\\\/es\\\/\"},{\"@type\":\"ListItem\",\"position\":2,\"name\":\"Pol\u00edtica legal\"}]},{\"@type\":\"WebSite\",\"@id\":\"https:\\\/\\\/candam.eu\\\/es\\\/#website\",\"url\":\"https:\\\/\\\/candam.eu\\\/es\\\/\",\"name\":\"Candam Tech\",\"description\":\"Candam Tech\",\"publisher\":{\"@id\":\"https:\\\/\\\/candam.eu\\\/es\\\/#organization\"},\"potentialAction\":[{\"@type\":\"SearchAction\",\"target\":{\"@type\":\"EntryPoint\",\"urlTemplate\":\"https:\\\/\\\/candam.eu\\\/es\\\/?s={search_term_string}\"},\"query-input\":{\"@type\":\"PropertyValueSpecification\",\"valueRequired\":true,\"valueName\":\"search_term_string\"}}],\"inLanguage\":\"es\"},{\"@type\":\"Organization\",\"@id\":\"https:\\\/\\\/candam.eu\\\/es\\\/#organization\",\"name\":\"Candam Tech\",\"url\":\"https:\\\/\\\/candam.eu\\\/es\\\/\",\"logo\":{\"@type\":\"ImageObject\",\"inLanguage\":\"es\",\"@id\":\"https:\\\/\\\/candam.eu\\\/es\\\/#\\\/schema\\\/logo\\\/image\\\/\",\"url\":\"https:\\\/\\\/candam.eu\\\/wp-content\\\/uploads\\\/2026\\\/02\\\/imgi_7_Logo_Candam-Tech_negativo.svg\",\"contentUrl\":\"https:\\\/\\\/candam.eu\\\/wp-content\\\/uploads\\\/2026\\\/02\\\/imgi_7_Logo_Candam-Tech_negativo.svg\",\"width\":729,\"height\":227,\"caption\":\"Candam Tech\"},\"image\":{\"@id\":\"https:\\\/\\\/candam.eu\\\/es\\\/#\\\/schema\\\/logo\\\/image\\\/\"}}]}<\/script>\n<!-- \/ Yoast SEO plugin. -->","yoast_head_json":{"title":"Pol\u00edtica legal - Candam Tech","robots":{"index":"index","follow":"follow","max-snippet":"max-snippet:-1","max-image-preview":"max-image-preview:large","max-video-preview":"max-video-preview:-1"},"canonical":"https:\/\/candam.eu\/es\/politica-legal\/","og_locale":"es_ES","og_type":"article","og_title":"Pol\u00edtica legal - Candam Tech","og_description":"1. Objeto\u00a0El presente Aviso legal regula el uso y aprovechamiento del sitio web candam.eu propiedad de CANDAM TECHNOLOGIES SL (en adelante, el \u00abPROPIETARIO DEL SITIO WEB\u00bb).\u00a0La navegaci\u00f3n por el sitio web atribuye la condici\u00f3n de USUARIO del mismo e implica la aceptaci\u00f3n plena y sin reservas de todas y cada una de las condiciones publicadas [&hellip;]","og_url":"https:\/\/candam.eu\/es\/politica-legal\/","og_site_name":"Candam Tech","article_modified_time":"2026-02-27T04:58:52+00:00","twitter_card":"summary_large_image","twitter_misc":{"Tiempo de lectura":"8 minutos"},"schema":{"@context":"https:\/\/schema.org","@graph":[{"@type":"WebPage","@id":"https:\/\/candam.eu\/es\/politica-legal\/","url":"https:\/\/candam.eu\/es\/politica-legal\/","name":"Pol\u00edtica legal - Candam Tech","isPartOf":{"@id":"https:\/\/candam.eu\/es\/#website"},"datePublished":"2026-02-27T04:48:31+00:00","dateModified":"2026-02-27T04:58:52+00:00","breadcrumb":{"@id":"https:\/\/candam.eu\/es\/politica-legal\/#breadcrumb"},"inLanguage":"es","potentialAction":[{"@type":"ReadAction","target":["https:\/\/candam.eu\/es\/politica-legal\/"]}]},{"@type":"BreadcrumbList","@id":"https:\/\/candam.eu\/es\/politica-legal\/#breadcrumb","itemListElement":[{"@type":"ListItem","position":1,"name":"Home","item":"https:\/\/candam.eu\/es\/"},{"@type":"ListItem","position":2,"name":"Pol\u00edtica legal"}]},{"@type":"WebSite","@id":"https:\/\/candam.eu\/es\/#website","url":"https:\/\/candam.eu\/es\/","name":"Candam Tech","description":"Candam Tech","publisher":{"@id":"https:\/\/candam.eu\/es\/#organization"},"potentialAction":[{"@type":"SearchAction","target":{"@type":"EntryPoint","urlTemplate":"https:\/\/candam.eu\/es\/?s={search_term_string}"},"query-input":{"@type":"PropertyValueSpecification","valueRequired":true,"valueName":"search_term_string"}}],"inLanguage":"es"},{"@type":"Organization","@id":"https:\/\/candam.eu\/es\/#organization","name":"Candam Tech","url":"https:\/\/candam.eu\/es\/","logo":{"@type":"ImageObject","inLanguage":"es","@id":"https:\/\/candam.eu\/es\/#\/schema\/logo\/image\/","url":"https:\/\/candam.eu\/wp-content\/uploads\/2026\/02\/imgi_7_Logo_Candam-Tech_negativo.svg","contentUrl":"https:\/\/candam.eu\/wp-content\/uploads\/2026\/02\/imgi_7_Logo_Candam-Tech_negativo.svg","width":729,"height":227,"caption":"Candam Tech"},"image":{"@id":"https:\/\/candam.eu\/es\/#\/schema\/logo\/image\/"}}]}},"_links":{"self":[{"href":"https:\/\/candam.eu\/es\/wp-json\/wp\/v2\/pages\/237","targetHints":{"allow":["GET"]}}],"collection":[{"href":"https:\/\/candam.eu\/es\/wp-json\/wp\/v2\/pages"}],"about":[{"href":"https:\/\/candam.eu\/es\/wp-json\/wp\/v2\/types\/page"}],"author":[{"embeddable":true,"href":"https:\/\/candam.eu\/es\/wp-json\/wp\/v2\/users\/1"}],"replies":[{"embeddable":true,"href":"https:\/\/candam.eu\/es\/wp-json\/wp\/v2\/comments?post=237"}],"version-history":[{"count":7,"href":"https:\/\/candam.eu\/es\/wp-json\/wp\/v2\/pages\/237\/revisions"}],"predecessor-version":[{"id":261,"href":"https:\/\/candam.eu\/es\/wp-json\/wp\/v2\/pages\/237\/revisions\/261"}],"wp:attachment":[{"href":"https:\/\/candam.eu\/es\/wp-json\/wp\/v2\/media?parent=237"}],"curies":[{"name":"wp","href":"https:\/\/api.w.org\/{rel}","templated":true}]}}