{"id":218,"date":"2026-02-27T04:24:12","date_gmt":"2026-02-27T04:24:12","guid":{"rendered":"https:\/\/candam.eu\/?page_id=218"},"modified":"2026-02-27T04:59:25","modified_gmt":"2026-02-27T04:59:25","slug":"candam-wi-aplicacion-ciudadano","status":"publish","type":"page","link":"https:\/\/candam.eu\/es\/candam-wi-aplicacion-ciudadano\/","title":{"rendered":"Candam WI &amp; Aplicaci\u00f3n Ciudadano"},"content":{"rendered":"\t\t<div data-elementor-type=\"wp-page\" data-elementor-id=\"218\" class=\"elementor elementor-218\" data-elementor-post-type=\"page\">\n\t\t\t\t<div class=\"elementor-element elementor-element-7081398 e-flex e-con-boxed e-con e-parent\" data-id=\"7081398\" data-element_type=\"container\" data-e-type=\"container\" data-settings=\"{&quot;background_background&quot;:&quot;classic&quot;}\">\n\t\t\t\t\t<div class=\"e-con-inner\">\n\t\t<div class=\"elementor-element elementor-element-62e1ef7 e-con-full e-flex e-con e-child\" data-id=\"62e1ef7\" data-element_type=\"container\" data-e-type=\"container\">\n\t\t\t\t<div class=\"elementor-element elementor-element-d4700ba elementor-widget elementor-widget-heading\" data-id=\"d4700ba\" data-element_type=\"widget\" data-e-type=\"widget\" data-widget_type=\"heading.default\">\n\t\t\t\t\t<h1 class=\"elementor-heading-title elementor-size-default\">Candam WI proporciona a sus clientes inteligencia en materia de residuos, lo que <span>permite tomar decisiones basadas en datos para mejorar el reciclaje.<\/span><br><\/h1>\t\t\t\t<\/div>\n\t\t\t\t<\/div>\n\t\t<div class=\"elementor-element elementor-element-f38e347 e-con-full e-grid e-con e-child\" data-id=\"f38e347\" data-element_type=\"container\" data-e-type=\"container\">\n\t\t<div class=\"elementor-element elementor-element-6f95eca e-con-full e-flex e-con e-child\" data-id=\"6f95eca\" data-element_type=\"container\" data-e-type=\"container\">\n\t\t\t\t<div class=\"elementor-element elementor-element-d34289a elementor-widget elementor-widget-image\" data-id=\"d34289a\" data-element_type=\"widget\" data-e-type=\"widget\" data-settings=\"{&quot;motion_fx_motion_fx_scrolling&quot;:&quot;yes&quot;,&quot;motion_fx_translateY_effect&quot;:&quot;yes&quot;,&quot;motion_fx_translateY_direction&quot;:&quot;negative&quot;,&quot;motion_fx_translateY_speed&quot;:{&quot;unit&quot;:&quot;px&quot;,&quot;size&quot;:1.5,&quot;sizes&quot;:[]},&quot;motion_fx_translateY_affectedRange&quot;:{&quot;unit&quot;:&quot;%&quot;,&quot;size&quot;:&quot;&quot;,&quot;sizes&quot;:{&quot;start&quot;:46,&quot;end&quot;:100}},&quot;motion_fx_range&quot;:&quot;viewport&quot;,&quot;motion_fx_devices&quot;:[&quot;widescreen&quot;,&quot;desktop&quot;,&quot;laptop&quot;,&quot;tablet&quot;,&quot;mobile&quot;]}\" data-widget_type=\"image.default\">\n\t\t\t\t\t\t\t\t\t\t\t\t\t\t\t<img fetchpriority=\"high\" decoding=\"async\" width=\"1024\" height=\"590\" src=\"https:\/\/candam.eu\/wp-content\/uploads\/2026\/02\/imgi_8_Mockup_graficos@1x-1024x590-1.png\" class=\"attachment-full size-full wp-image-222\" alt=\"\" srcset=\"https:\/\/candam.eu\/wp-content\/uploads\/2026\/02\/imgi_8_Mockup_graficos@1x-1024x590-1.png 1024w, https:\/\/candam.eu\/wp-content\/uploads\/2026\/02\/imgi_8_Mockup_graficos@1x-1024x590-1-300x173.png 300w, https:\/\/candam.eu\/wp-content\/uploads\/2026\/02\/imgi_8_Mockup_graficos@1x-1024x590-1-768x443.png 768w\" sizes=\"(max-width: 1024px) 100vw, 1024px\" \/>\t\t\t\t\t\t\t\t\t\t\t\t\t\t\t<\/div>\n\t\t\t\t<\/div>\n\t\t<div class=\"elementor-element elementor-element-6ec902c e-con-full e-flex e-con e-child\" data-id=\"6ec902c\" data-element_type=\"container\" data-e-type=\"container\" data-settings=\"{&quot;background_background&quot;:&quot;classic&quot;}\">\n\t\t\t\t<div class=\"elementor-element elementor-element-e0c119a elementor-widget elementor-widget-heading\" data-id=\"e0c119a\" data-element_type=\"widget\" data-e-type=\"widget\" data-widget_type=\"heading.default\">\n\t\t\t\t\t<h2 class=\"elementor-heading-title elementor-size-default\">Candam WI<\/h2>\t\t\t\t<\/div>\n\t\t\t\t<div class=\"elementor-element elementor-element-0ef0384 elementor-widget elementor-widget-text-editor\" data-id=\"0ef0384\" data-element_type=\"widget\" data-e-type=\"widget\" data-widget_type=\"text-editor.default\">\n\t\t\t\t\t\t\t\t\t<p>Camdam Waste Intelligence recopila<strong> una gran cantidad de datos enviados por RecySmart<\/strong>, que se procesan para extraer <strong>informaci\u00f3n e informes significativos.<\/strong><\/p><ul><li>\u00cdndices de reciclaje en tiempo real.<\/li><li>Mapa de contenedores de residuos actualizado autom\u00e1ticamente.<\/li><li>Gesti\u00f3n de incidencias para reducir el tiempo necesario para resolver los problemas comunicados por los ciudadanos.<\/li><li>Comentarios sobre la calidad del servicio para mantener satisfechos a los ciudadanos.<\/li><li>Todos los datos recopilados pueden compartirse mediante comunicaci\u00f3n API con plataformas de terceros.<\/li><\/ul>\t\t\t\t\t\t\t\t<\/div>\n\t\t\t\t<\/div>\n\t\t\t\t<\/div>\n\t\t<div class=\"elementor-element elementor-element-9734779 e-con-full e-grid e-con e-child\" data-id=\"9734779\" data-element_type=\"container\" data-e-type=\"container\">\n\t\t<div class=\"elementor-element elementor-element-61967ec e-con-full e-flex e-con e-child\" data-id=\"61967ec\" data-element_type=\"container\" data-e-type=\"container\" data-settings=\"{&quot;background_background&quot;:&quot;classic&quot;}\">\n\t\t\t\t<div class=\"elementor-element elementor-element-102291f elementor-widget elementor-widget-heading\" data-id=\"102291f\" data-element_type=\"widget\" data-e-type=\"widget\" data-widget_type=\"heading.default\">\n\t\t\t\t\t<h2 class=\"elementor-heading-title elementor-size-default\">Aplicaci\u00f3n Ciudadano Candam<\/h2>\t\t\t\t<\/div>\n\t\t\t\t<div class=\"elementor-element elementor-element-0878348 elementor-widget elementor-widget-text-editor\" data-id=\"0878348\" data-element_type=\"widget\" data-e-type=\"widget\" data-widget_type=\"text-editor.default\">\n\t\t\t\t\t\t\t\t\t<p>Una aplicaci\u00f3n f\u00e1cil de usar y <strong>gratuita para que todos los ciudadanos<\/strong> mejoren su forma de reciclar y sean <strong>recompensados<\/strong> por ello!<\/p><ul><li>Registra el impacto medioambiental individual.<\/li><li>Obtiene informaci\u00f3n de los ciudadanos.<\/li><li>Conectada a nuestro sistema de recompensas o a terceros.<\/li><li>Personalizable (marca blanca).<\/li><\/ul>\t\t\t\t\t\t\t\t<\/div>\n\t\t\t\t<\/div>\n\t\t<div class=\"elementor-element elementor-element-0cc2215 e-con-full e-flex e-con e-child\" data-id=\"0cc2215\" data-element_type=\"container\" data-e-type=\"container\">\n\t\t\t\t<div class=\"elementor-element elementor-element-50bc2c9 elementor-widget elementor-widget-image\" data-id=\"50bc2c9\" data-element_type=\"widget\" data-e-type=\"widget\" data-settings=\"{&quot;motion_fx_motion_fx_scrolling&quot;:&quot;yes&quot;,&quot;motion_fx_translateY_effect&quot;:&quot;yes&quot;,&quot;motion_fx_translateY_direction&quot;:&quot;negative&quot;,&quot;motion_fx_translateY_speed&quot;:{&quot;unit&quot;:&quot;px&quot;,&quot;size&quot;:1.5,&quot;sizes&quot;:[]},&quot;motion_fx_translateY_affectedRange&quot;:{&quot;unit&quot;:&quot;%&quot;,&quot;size&quot;:&quot;&quot;,&quot;sizes&quot;:{&quot;start&quot;:46,&quot;end&quot;:100}},&quot;motion_fx_range&quot;:&quot;viewport&quot;,&quot;motion_fx_devices&quot;:[&quot;widescreen&quot;,&quot;desktop&quot;,&quot;laptop&quot;,&quot;tablet&quot;,&quot;mobile&quot;]}\" data-widget_type=\"image.default\">\n\t\t\t\t\t\t\t\t\t\t\t\t\t\t\t<img decoding=\"async\" width=\"500\" height=\"785\" src=\"https:\/\/candam.eu\/wp-content\/uploads\/2026\/02\/imgi_9_candam__app_mockup.png\" class=\"attachment-full size-full wp-image-223\" alt=\"\" srcset=\"https:\/\/candam.eu\/wp-content\/uploads\/2026\/02\/imgi_9_candam__app_mockup.png 500w, https:\/\/candam.eu\/wp-content\/uploads\/2026\/02\/imgi_9_candam__app_mockup-191x300.png 191w\" sizes=\"(max-width: 500px) 100vw, 500px\" \/>\t\t\t\t\t\t\t\t\t\t\t\t\t\t\t<\/div>\n\t\t\t\t<\/div>\n\t\t\t\t<\/div>\n\t\t<div class=\"elementor-element elementor-element-5132414 e-con-full e-flex e-con e-child\" data-id=\"5132414\" data-element_type=\"container\" data-e-type=\"container\">\n\t\t\t\t<div class=\"elementor-element elementor-element-4901964 elementor-widget elementor-widget-heading\" data-id=\"4901964\" data-element_type=\"widget\" data-e-type=\"widget\" data-widget_type=\"heading.default\">\n\t\t\t\t\t<h2 class=\"elementor-heading-title elementor-size-default\"><span>RecySmart<\/span> es la \u00fanica tecnolog\u00eda capaz de reconocer todo tipo de material de envasado en los contenedores de reciclaje de la calle.<\/h2>\t\t\t\t<\/div>\n\t\t\t\t<div class=\"elementor-element elementor-element-96fc584 elementor-widget elementor-widget-text-editor\" data-id=\"96fc584\" data-element_type=\"widget\" data-e-type=\"widget\" data-widget_type=\"text-editor.default\">\n\t\t\t\t\t\t\t\t\t<p>Los sistemas RAYT y DRS han demostrado su eficacia a la hora de aumentar las tasas de recuperaci\u00f3n. Actualmente, las RVM (Reverse Vending Machine) son la tecnolog\u00eda m\u00e1s utilizada, sin embargo, las RVM&#8217;s tienen importantes limitaciones para ser la soluci\u00f3n \u00fanica y definitiva para la recogida de residuos urbanos.<\/p>\t\t\t\t\t\t\t\t<\/div>\n\t\t\t\t<div class=\"elementor-element elementor-element-3fada38 elementor-align-center elementor-widget elementor-widget-button\" data-id=\"3fada38\" data-element_type=\"widget\" data-e-type=\"widget\" data-widget_type=\"button.default\">\n\t\t\t\t\t\t\t\t\t\t<a class=\"elementor-button elementor-button-link elementor-size-sm\" href=\"https:\/\/candam.eu\/es\/contacto\/\">\n\t\t\t\t\t\t<span class=\"elementor-button-content-wrapper\">\n\t\t\t\t\t\t\t\t\t<span class=\"elementor-button-text\">Contacto<\/span>\n\t\t\t\t\t<\/span>\n\t\t\t\t\t<\/a>\n\t\t\t\t\t\t\t\t<\/div>\n\t\t\t\t<\/div>\n\t\t\t\t\t<\/div>\n\t\t\t\t<\/div>\n\t\t\t\t<\/div>\n\t\t","protected":false},"excerpt":{"rendered":"<p>Candam WI proporciona a sus clientes inteligencia en materia de residuos, lo que permite tomar decisiones basadas en datos para mejorar el reciclaje. Candam WI Camdam Waste Intelligence recopila una gran cantidad de datos enviados por RecySmart, que se procesan para extraer informaci\u00f3n e informes significativos. \u00cdndices de reciclaje en tiempo real. Mapa de contenedores [&hellip;]<\/p>\n","protected":false},"author":1,"featured_media":0,"parent":0,"menu_order":0,"comment_status":"closed","ping_status":"closed","template":"","meta":{"_acf_changed":false,"content-type":"","footnotes":""},"class_list":["post-218","page","type-page","status-publish","hentry"],"acf":[],"yoast_head":"<!-- This site is optimized with the Yoast SEO plugin v27.3 - https:\/\/yoast.com\/product\/yoast-seo-wordpress\/ -->\n<title>Candam WI &amp; Aplicaci\u00f3n Ciudadano - Candam Tech<\/title>\n<meta name=\"robots\" content=\"index, follow, max-snippet:-1, max-image-preview:large, max-video-preview:-1\" \/>\n<link rel=\"canonical\" href=\"https:\/\/candam.eu\/es\/candam-wi-aplicacion-ciudadano\/\" \/>\n<meta property=\"og:locale\" content=\"es_ES\" \/>\n<meta property=\"og:type\" content=\"article\" \/>\n<meta property=\"og:title\" content=\"Candam WI &amp; Aplicaci\u00f3n Ciudadano - Candam Tech\" \/>\n<meta property=\"og:description\" content=\"Candam WI proporciona a sus clientes inteligencia en materia de residuos, lo que permite tomar decisiones basadas en datos para mejorar el reciclaje. Candam WI Camdam Waste Intelligence recopila una gran cantidad de datos enviados por RecySmart, que se procesan para extraer informaci\u00f3n e informes significativos. \u00cdndices de reciclaje en tiempo real. Mapa de contenedores [&hellip;]\" \/>\n<meta property=\"og:url\" content=\"https:\/\/candam.eu\/es\/candam-wi-aplicacion-ciudadano\/\" \/>\n<meta property=\"og:site_name\" content=\"Candam Tech\" \/>\n<meta property=\"article:modified_time\" content=\"2026-02-27T04:59:25+00:00\" \/>\n<meta property=\"og:image\" content=\"https:\/\/candam.eu\/wp-content\/uploads\/2026\/02\/imgi_8_Mockup_graficos@1x-1024x590-1.png\" \/>\n\t<meta property=\"og:image:width\" content=\"1024\" \/>\n\t<meta property=\"og:image:height\" content=\"590\" \/>\n\t<meta property=\"og:image:type\" content=\"image\/png\" \/>\n<meta name=\"twitter:card\" content=\"summary_large_image\" \/>\n<meta name=\"twitter:label1\" content=\"Tiempo de lectura\" \/>\n\t<meta name=\"twitter:data1\" content=\"1 minuto\" \/>\n<script type=\"application\/ld+json\" class=\"yoast-schema-graph\">{\"@context\":\"https:\\\/\\\/schema.org\",\"@graph\":[{\"@type\":\"WebPage\",\"@id\":\"https:\\\/\\\/candam.eu\\\/es\\\/candam-wi-aplicacion-ciudadano\\\/\",\"url\":\"https:\\\/\\\/candam.eu\\\/es\\\/candam-wi-aplicacion-ciudadano\\\/\",\"name\":\"Candam WI &amp; Aplicaci\u00f3n Ciudadano - Candam Tech\",\"isPartOf\":{\"@id\":\"https:\\\/\\\/candam.eu\\\/es\\\/#website\"},\"primaryImageOfPage\":{\"@id\":\"https:\\\/\\\/candam.eu\\\/es\\\/candam-wi-aplicacion-ciudadano\\\/#primaryimage\"},\"image\":{\"@id\":\"https:\\\/\\\/candam.eu\\\/es\\\/candam-wi-aplicacion-ciudadano\\\/#primaryimage\"},\"thumbnailUrl\":\"https:\\\/\\\/candam.eu\\\/wp-content\\\/uploads\\\/2026\\\/02\\\/imgi_8_Mockup_graficos@1x-1024x590-1.png\",\"datePublished\":\"2026-02-27T04:24:12+00:00\",\"dateModified\":\"2026-02-27T04:59:25+00:00\",\"breadcrumb\":{\"@id\":\"https:\\\/\\\/candam.eu\\\/es\\\/candam-wi-aplicacion-ciudadano\\\/#breadcrumb\"},\"inLanguage\":\"es\",\"potentialAction\":[{\"@type\":\"ReadAction\",\"target\":[\"https:\\\/\\\/candam.eu\\\/es\\\/candam-wi-aplicacion-ciudadano\\\/\"]}]},{\"@type\":\"ImageObject\",\"inLanguage\":\"es\",\"@id\":\"https:\\\/\\\/candam.eu\\\/es\\\/candam-wi-aplicacion-ciudadano\\\/#primaryimage\",\"url\":\"https:\\\/\\\/candam.eu\\\/wp-content\\\/uploads\\\/2026\\\/02\\\/imgi_8_Mockup_graficos@1x-1024x590-1.png\",\"contentUrl\":\"https:\\\/\\\/candam.eu\\\/wp-content\\\/uploads\\\/2026\\\/02\\\/imgi_8_Mockup_graficos@1x-1024x590-1.png\"},{\"@type\":\"BreadcrumbList\",\"@id\":\"https:\\\/\\\/candam.eu\\\/es\\\/candam-wi-aplicacion-ciudadano\\\/#breadcrumb\",\"itemListElement\":[{\"@type\":\"ListItem\",\"position\":1,\"name\":\"Home\",\"item\":\"https:\\\/\\\/candam.eu\\\/es\\\/\"},{\"@type\":\"ListItem\",\"position\":2,\"name\":\"Candam WI &amp; Aplicaci\u00f3n Ciudadano\"}]},{\"@type\":\"WebSite\",\"@id\":\"https:\\\/\\\/candam.eu\\\/es\\\/#website\",\"url\":\"https:\\\/\\\/candam.eu\\\/es\\\/\",\"name\":\"Candam Tech\",\"description\":\"Candam Tech\",\"publisher\":{\"@id\":\"https:\\\/\\\/candam.eu\\\/es\\\/#organization\"},\"potentialAction\":[{\"@type\":\"SearchAction\",\"target\":{\"@type\":\"EntryPoint\",\"urlTemplate\":\"https:\\\/\\\/candam.eu\\\/es\\\/?s={search_term_string}\"},\"query-input\":{\"@type\":\"PropertyValueSpecification\",\"valueRequired\":true,\"valueName\":\"search_term_string\"}}],\"inLanguage\":\"es\"},{\"@type\":\"Organization\",\"@id\":\"https:\\\/\\\/candam.eu\\\/es\\\/#organization\",\"name\":\"Candam Tech\",\"url\":\"https:\\\/\\\/candam.eu\\\/es\\\/\",\"logo\":{\"@type\":\"ImageObject\",\"inLanguage\":\"es\",\"@id\":\"https:\\\/\\\/candam.eu\\\/es\\\/#\\\/schema\\\/logo\\\/image\\\/\",\"url\":\"https:\\\/\\\/candam.eu\\\/wp-content\\\/uploads\\\/2026\\\/02\\\/imgi_7_Logo_Candam-Tech_negativo.svg\",\"contentUrl\":\"https:\\\/\\\/candam.eu\\\/wp-content\\\/uploads\\\/2026\\\/02\\\/imgi_7_Logo_Candam-Tech_negativo.svg\",\"width\":729,\"height\":227,\"caption\":\"Candam Tech\"},\"image\":{\"@id\":\"https:\\\/\\\/candam.eu\\\/es\\\/#\\\/schema\\\/logo\\\/image\\\/\"}}]}<\/script>\n<!-- \/ Yoast SEO plugin. -->","yoast_head_json":{"title":"Candam WI &amp; Aplicaci\u00f3n Ciudadano - Candam Tech","robots":{"index":"index","follow":"follow","max-snippet":"max-snippet:-1","max-image-preview":"max-image-preview:large","max-video-preview":"max-video-preview:-1"},"canonical":"https:\/\/candam.eu\/es\/candam-wi-aplicacion-ciudadano\/","og_locale":"es_ES","og_type":"article","og_title":"Candam WI &amp; Aplicaci\u00f3n Ciudadano - Candam Tech","og_description":"Candam WI proporciona a sus clientes inteligencia en materia de residuos, lo que permite tomar decisiones basadas en datos para mejorar el reciclaje. Candam WI Camdam Waste Intelligence recopila una gran cantidad de datos enviados por RecySmart, que se procesan para extraer informaci\u00f3n e informes significativos. \u00cdndices de reciclaje en tiempo real. Mapa de contenedores [&hellip;]","og_url":"https:\/\/candam.eu\/es\/candam-wi-aplicacion-ciudadano\/","og_site_name":"Candam Tech","article_modified_time":"2026-02-27T04:59:25+00:00","og_image":[{"width":1024,"height":590,"url":"https:\/\/candam.eu\/wp-content\/uploads\/2026\/02\/imgi_8_Mockup_graficos@1x-1024x590-1.png","type":"image\/png"}],"twitter_card":"summary_large_image","twitter_misc":{"Tiempo de lectura":"1 minuto"},"schema":{"@context":"https:\/\/schema.org","@graph":[{"@type":"WebPage","@id":"https:\/\/candam.eu\/es\/candam-wi-aplicacion-ciudadano\/","url":"https:\/\/candam.eu\/es\/candam-wi-aplicacion-ciudadano\/","name":"Candam WI &amp; Aplicaci\u00f3n Ciudadano - Candam Tech","isPartOf":{"@id":"https:\/\/candam.eu\/es\/#website"},"primaryImageOfPage":{"@id":"https:\/\/candam.eu\/es\/candam-wi-aplicacion-ciudadano\/#primaryimage"},"image":{"@id":"https:\/\/candam.eu\/es\/candam-wi-aplicacion-ciudadano\/#primaryimage"},"thumbnailUrl":"https:\/\/candam.eu\/wp-content\/uploads\/2026\/02\/imgi_8_Mockup_graficos@1x-1024x590-1.png","datePublished":"2026-02-27T04:24:12+00:00","dateModified":"2026-02-27T04:59:25+00:00","breadcrumb":{"@id":"https:\/\/candam.eu\/es\/candam-wi-aplicacion-ciudadano\/#breadcrumb"},"inLanguage":"es","potentialAction":[{"@type":"ReadAction","target":["https:\/\/candam.eu\/es\/candam-wi-aplicacion-ciudadano\/"]}]},{"@type":"ImageObject","inLanguage":"es","@id":"https:\/\/candam.eu\/es\/candam-wi-aplicacion-ciudadano\/#primaryimage","url":"https:\/\/candam.eu\/wp-content\/uploads\/2026\/02\/imgi_8_Mockup_graficos@1x-1024x590-1.png","contentUrl":"https:\/\/candam.eu\/wp-content\/uploads\/2026\/02\/imgi_8_Mockup_graficos@1x-1024x590-1.png"},{"@type":"BreadcrumbList","@id":"https:\/\/candam.eu\/es\/candam-wi-aplicacion-ciudadano\/#breadcrumb","itemListElement":[{"@type":"ListItem","position":1,"name":"Home","item":"https:\/\/candam.eu\/es\/"},{"@type":"ListItem","position":2,"name":"Candam WI &amp; Aplicaci\u00f3n Ciudadano"}]},{"@type":"WebSite","@id":"https:\/\/candam.eu\/es\/#website","url":"https:\/\/candam.eu\/es\/","name":"Candam Tech","description":"Candam Tech","publisher":{"@id":"https:\/\/candam.eu\/es\/#organization"},"potentialAction":[{"@type":"SearchAction","target":{"@type":"EntryPoint","urlTemplate":"https:\/\/candam.eu\/es\/?s={search_term_string}"},"query-input":{"@type":"PropertyValueSpecification","valueRequired":true,"valueName":"search_term_string"}}],"inLanguage":"es"},{"@type":"Organization","@id":"https:\/\/candam.eu\/es\/#organization","name":"Candam Tech","url":"https:\/\/candam.eu\/es\/","logo":{"@type":"ImageObject","inLanguage":"es","@id":"https:\/\/candam.eu\/es\/#\/schema\/logo\/image\/","url":"https:\/\/candam.eu\/wp-content\/uploads\/2026\/02\/imgi_7_Logo_Candam-Tech_negativo.svg","contentUrl":"https:\/\/candam.eu\/wp-content\/uploads\/2026\/02\/imgi_7_Logo_Candam-Tech_negativo.svg","width":729,"height":227,"caption":"Candam Tech"},"image":{"@id":"https:\/\/candam.eu\/es\/#\/schema\/logo\/image\/"}}]}},"_links":{"self":[{"href":"https:\/\/candam.eu\/es\/wp-json\/wp\/v2\/pages\/218","targetHints":{"allow":["GET"]}}],"collection":[{"href":"https:\/\/candam.eu\/es\/wp-json\/wp\/v2\/pages"}],"about":[{"href":"https:\/\/candam.eu\/es\/wp-json\/wp\/v2\/types\/page"}],"author":[{"embeddable":true,"href":"https:\/\/candam.eu\/es\/wp-json\/wp\/v2\/users\/1"}],"replies":[{"embeddable":true,"href":"https:\/\/candam.eu\/es\/wp-json\/wp\/v2\/comments?post=218"}],"version-history":[{"count":7,"href":"https:\/\/candam.eu\/es\/wp-json\/wp\/v2\/pages\/218\/revisions"}],"predecessor-version":[{"id":264,"href":"https:\/\/candam.eu\/es\/wp-json\/wp\/v2\/pages\/218\/revisions\/264"}],"wp:attachment":[{"href":"https:\/\/candam.eu\/es\/wp-json\/wp\/v2\/media?parent=218"}],"curies":[{"name":"wp","href":"https:\/\/api.w.org\/{rel}","templated":true}]}}