{"id":216,"date":"2026-02-27T04:23:11","date_gmt":"2026-02-27T04:23:11","guid":{"rendered":"https:\/\/candam.eu\/?page_id=216"},"modified":"2026-02-27T04:46:40","modified_gmt":"2026-02-27T04:46:40","slug":"prensa-y-medios-de-comunicacion","status":"publish","type":"page","link":"https:\/\/candam.eu\/es\/prensa-y-medios-de-comunicacion\/","title":{"rendered":"Prensa y medios de comunicaci\u00f3n"},"content":{"rendered":"\t\t<div data-elementor-type=\"wp-page\" data-elementor-id=\"216\" class=\"elementor elementor-216\" data-elementor-post-type=\"page\">\n\t\t\t\t<div class=\"elementor-element elementor-element-c0b2d9f e-flex e-con-boxed e-con e-parent\" data-id=\"c0b2d9f\" data-element_type=\"container\" data-e-type=\"container\" data-settings=\"{&quot;background_background&quot;:&quot;classic&quot;}\">\n\t\t\t\t\t<div class=\"e-con-inner\">\n\t\t<div class=\"elementor-element elementor-element-1b79dfd e-con-full e-flex e-con e-child\" data-id=\"1b79dfd\" data-element_type=\"container\" data-e-type=\"container\">\n\t\t\t\t<div class=\"elementor-element elementor-element-5c36b60 elementor-widget elementor-widget-heading\" data-id=\"5c36b60\" data-element_type=\"widget\" data-e-type=\"widget\" data-widget_type=\"heading.default\">\n\t\t\t\t\t<h1 class=\"elementor-heading-title elementor-size-default\">Prensa<br>y medios de comunicaci\u00f3n<\/h1>\t\t\t\t<\/div>\n\t\t\t\t<\/div>\n\t\t<div class=\"elementor-element elementor-element-73c3c66 e-con-full e-flex e-con e-child\" data-id=\"73c3c66\" data-element_type=\"container\" data-e-type=\"container\">\n\t\t\t\t<div class=\"elementor-element elementor-element-1ae98de elementor-widget elementor-widget-heading\" data-id=\"1ae98de\" data-element_type=\"widget\" data-e-type=\"widget\" data-widget_type=\"heading.default\">\n\t\t\t\t\t<h2 class=\"elementor-heading-title elementor-size-default\">Candam Tech\n<\/h2>\t\t\t\t<\/div>\n\t\t\t\t<div class=\"elementor-element elementor-element-c76c215 elementor-widget elementor-widget-text-editor\" data-id=\"c76c215\" data-element_type=\"widget\" data-e-type=\"widget\" data-widget_type=\"text-editor.default\">\n\t\t\t\t\t\t\t\t\t<p>Candam Tech es una empresa tecnol\u00f3gica con la misi\u00f3n de mejorar la sostenibilidad de las ciudades, aportando las herramientas necesarias para aumentar la eficiencia en la gesti\u00f3n de los residuos.<\/p><p>Candam cuenta con tecnolog\u00eda patentada a nivel europeo con su dispositivo RecySmart, gracias a ello se sit\u00faa en la vanguardia del sector, ofreciendo las mejores soluciones para aumentar las ratios de reciclaje.<\/p><p>El dispositivo RecySmart permite implantar diferentes esquemas de reciclaje (sistemas de dep\u00f3sito y retorno \u2013 pago por generaci\u00f3n y sistemas de recompensa e incentivos) de una manera f\u00e1cil y asequible, transformando cualquier contenedor tradicional, en un contenedor inteligente.<\/p>\t\t\t\t\t\t\t\t<\/div>\n\t\t\t\t<div class=\"elementor-element elementor-element-97d55de elementor-align-left elementor-widget elementor-widget-button\" data-id=\"97d55de\" data-element_type=\"widget\" data-e-type=\"widget\" data-widget_type=\"button.default\">\n\t\t\t\t\t\t\t\t\t\t<a class=\"elementor-button elementor-button-link elementor-size-sm\" href=\"https:\/\/candam.eu\/es\/contacto\/\">\n\t\t\t\t\t\t<span class=\"elementor-button-content-wrapper\">\n\t\t\t\t\t\t\t\t\t<span class=\"elementor-button-text\">Contacta para m\u00e1s informaci\u00f3n<\/span>\n\t\t\t\t\t<\/span>\n\t\t\t\t\t<\/a>\n\t\t\t\t\t\t\t\t<\/div>\n\t\t\t\t<\/div>\n\t\t\t\t\t<\/div>\n\t\t\t\t<\/div>\n\t\t<div class=\"elementor-element elementor-element-4ee53fd e-flex e-con-boxed e-con e-parent\" data-id=\"4ee53fd\" data-element_type=\"container\" data-e-type=\"container\" data-settings=\"{&quot;background_background&quot;:&quot;classic&quot;}\">\n\t\t\t\t\t<div class=\"e-con-inner\">\n\t\t\t\t<div class=\"elementor-element elementor-element-58ad36c elementor-widget elementor-widget-heading\" data-id=\"58ad36c\" data-element_type=\"widget\" data-e-type=\"widget\" data-widget_type=\"heading.default\">\n\t\t\t\t\t<h4 class=\"elementor-heading-title elementor-size-default\">Branding<\/h4>\t\t\t\t<\/div>\n\t\t<div class=\"elementor-element elementor-element-23f1c01 e-con-full e-grid e-con e-child\" data-id=\"23f1c01\" data-element_type=\"container\" data-e-type=\"container\">\n\t\t<div class=\"elementor-element elementor-element-4a9868c e-con-full e-flex e-con e-child\" data-id=\"4a9868c\" data-element_type=\"container\" data-e-type=\"container\">\n\t\t\t\t<div class=\"elementor-element elementor-element-5dd6599 elementor-widget elementor-widget-image\" data-id=\"5dd6599\" data-element_type=\"widget\" data-e-type=\"widget\" data-widget_type=\"image.default\">\n\t\t\t\t\t\t\t\t\t\t\t\t\t\t\t<img fetchpriority=\"high\" decoding=\"async\" width=\"2560\" height=\"800\" src=\"https:\/\/candam.eu\/wp-content\/uploads\/2026\/02\/imgi_8_Logo_Candam-Tech_positivo-scaled.png\" class=\"attachment-full size-full wp-image-231\" alt=\"\" srcset=\"https:\/\/candam.eu\/wp-content\/uploads\/2026\/02\/imgi_8_Logo_Candam-Tech_positivo-scaled.png 2560w, https:\/\/candam.eu\/wp-content\/uploads\/2026\/02\/imgi_8_Logo_Candam-Tech_positivo-300x94.png 300w, https:\/\/candam.eu\/wp-content\/uploads\/2026\/02\/imgi_8_Logo_Candam-Tech_positivo-1024x320.png 1024w, https:\/\/candam.eu\/wp-content\/uploads\/2026\/02\/imgi_8_Logo_Candam-Tech_positivo-768x240.png 768w, https:\/\/candam.eu\/wp-content\/uploads\/2026\/02\/imgi_8_Logo_Candam-Tech_positivo-1536x480.png 1536w, https:\/\/candam.eu\/wp-content\/uploads\/2026\/02\/imgi_8_Logo_Candam-Tech_positivo-2048x640.png 2048w\" sizes=\"(max-width: 2560px) 100vw, 2560px\" \/>\t\t\t\t\t\t\t\t\t\t\t\t\t\t\t<\/div>\n\t\t\t\t<div class=\"elementor-element elementor-element-84a12a1 elementor-position-inline-end elementor-view-default elementor-widget elementor-widget-icon-box\" data-id=\"84a12a1\" data-element_type=\"widget\" data-e-type=\"widget\" data-widget_type=\"icon-box.default\">\n\t\t\t\t\t\t\t<div class=\"elementor-icon-box-wrapper\">\n\n\t\t\t\t\t\t<div class=\"elementor-icon-box-icon\">\n\t\t\t\t<a href=\"https:\/\/candam.eu\/wp-content\/uploads\/2023\/07\/Logo_Candam-Tech_positivo.png\" target=\"_blank\" class=\"elementor-icon\" tabindex=\"-1\" aria-label=\"Candam Tech Logo\">\n\t\t\t\t<svg aria-hidden=\"true\" class=\"e-font-icon-svg e-fas-arrow-down\" viewBox=\"0 0 448 512\" xmlns=\"http:\/\/www.w3.org\/2000\/svg\"><path d=\"M413.1 222.5l22.2 22.2c9.4 9.4 9.4 24.6 0 33.9L241 473c-9.4 9.4-24.6 9.4-33.9 0L12.7 278.6c-9.4-9.4-9.4-24.6 0-33.9l22.2-22.2c9.5-9.5 25-9.3 34.3.4L184 343.4V56c0-13.3 10.7-24 24-24h32c13.3 0 24 10.7 24 24v287.4l114.8-120.5c9.3-9.8 24.8-10 34.3-.4z\"><\/path><\/svg>\t\t\t\t<\/a>\n\t\t\t<\/div>\n\t\t\t\n\t\t\t\t\t\t<div class=\"elementor-icon-box-content\">\n\n\t\t\t\t\t\t\t\t\t<h3 class=\"elementor-icon-box-title\">\n\t\t\t\t\t\t<a href=\"https:\/\/candam.eu\/wp-content\/uploads\/2023\/07\/Logo_Candam-Tech_positivo.png\" target=\"_blank\" >\n\t\t\t\t\t\t\tCandam Tech Logo\t\t\t\t\t\t<\/a>\n\t\t\t\t\t<\/h3>\n\t\t\t\t\n\t\t\t\t\t\t\t\t\t<p class=\"elementor-icon-box-description\">\n\t\t\t\t\t\tPOSITIVO\t\t\t\t\t<\/p>\n\t\t\t\t\n\t\t\t<\/div>\n\t\t\t\n\t\t<\/div>\n\t\t\t\t\t\t<\/div>\n\t\t\t\t<\/div>\n\t\t<div class=\"elementor-element elementor-element-51fe45a e-con-full e-flex e-con e-child\" data-id=\"51fe45a\" data-element_type=\"container\" data-e-type=\"container\">\n\t\t\t\t<div class=\"elementor-element elementor-element-7b79802 elementor-widget elementor-widget-image\" data-id=\"7b79802\" data-element_type=\"widget\" data-e-type=\"widget\" data-widget_type=\"image.default\">\n\t\t\t\t\t\t\t\t\t\t\t\t\t\t\t<img decoding=\"async\" width=\"2560\" height=\"800\" src=\"https:\/\/candam.eu\/wp-content\/uploads\/2026\/02\/imgi_10_Logo_Candam-Tech_negativo-scaled.png\" class=\"attachment-full size-full wp-image-232\" alt=\"\" srcset=\"https:\/\/candam.eu\/wp-content\/uploads\/2026\/02\/imgi_10_Logo_Candam-Tech_negativo-scaled.png 2560w, https:\/\/candam.eu\/wp-content\/uploads\/2026\/02\/imgi_10_Logo_Candam-Tech_negativo-300x94.png 300w, https:\/\/candam.eu\/wp-content\/uploads\/2026\/02\/imgi_10_Logo_Candam-Tech_negativo-1024x320.png 1024w, https:\/\/candam.eu\/wp-content\/uploads\/2026\/02\/imgi_10_Logo_Candam-Tech_negativo-768x240.png 768w, https:\/\/candam.eu\/wp-content\/uploads\/2026\/02\/imgi_10_Logo_Candam-Tech_negativo-1536x480.png 1536w, https:\/\/candam.eu\/wp-content\/uploads\/2026\/02\/imgi_10_Logo_Candam-Tech_negativo-2048x640.png 2048w\" sizes=\"(max-width: 2560px) 100vw, 2560px\" \/>\t\t\t\t\t\t\t\t\t\t\t\t\t\t\t<\/div>\n\t\t\t\t<div class=\"elementor-element elementor-element-53acd01 elementor-position-inline-end elementor-view-default elementor-widget elementor-widget-icon-box\" data-id=\"53acd01\" data-element_type=\"widget\" data-e-type=\"widget\" data-widget_type=\"icon-box.default\">\n\t\t\t\t\t\t\t<div class=\"elementor-icon-box-wrapper\">\n\n\t\t\t\t\t\t<div class=\"elementor-icon-box-icon\">\n\t\t\t\t<a href=\"https:\/\/candam.eu\/wp-content\/uploads\/2023\/07\/Logo_Candam-Tech_negativo.png\" target=\"_blank\" class=\"elementor-icon\" tabindex=\"-1\" aria-label=\"Candam Tech Logo\">\n\t\t\t\t<svg aria-hidden=\"true\" class=\"e-font-icon-svg e-fas-arrow-down\" viewBox=\"0 0 448 512\" xmlns=\"http:\/\/www.w3.org\/2000\/svg\"><path d=\"M413.1 222.5l22.2 22.2c9.4 9.4 9.4 24.6 0 33.9L241 473c-9.4 9.4-24.6 9.4-33.9 0L12.7 278.6c-9.4-9.4-9.4-24.6 0-33.9l22.2-22.2c9.5-9.5 25-9.3 34.3.4L184 343.4V56c0-13.3 10.7-24 24-24h32c13.3 0 24 10.7 24 24v287.4l114.8-120.5c9.3-9.8 24.8-10 34.3-.4z\"><\/path><\/svg>\t\t\t\t<\/a>\n\t\t\t<\/div>\n\t\t\t\n\t\t\t\t\t\t<div class=\"elementor-icon-box-content\">\n\n\t\t\t\t\t\t\t\t\t<h3 class=\"elementor-icon-box-title\">\n\t\t\t\t\t\t<a href=\"https:\/\/candam.eu\/wp-content\/uploads\/2023\/07\/Logo_Candam-Tech_negativo.png\" target=\"_blank\" >\n\t\t\t\t\t\t\tCandam Tech Logo\t\t\t\t\t\t<\/a>\n\t\t\t\t\t<\/h3>\n\t\t\t\t\n\t\t\t\t\t\t\t\t\t<p class=\"elementor-icon-box-description\">\n\t\t\t\t\t\tNEGATIVO\t\t\t\t\t<\/p>\n\t\t\t\t\n\t\t\t<\/div>\n\t\t\t\n\t\t<\/div>\n\t\t\t\t\t\t<\/div>\n\t\t\t\t<\/div>\n\t\t<div class=\"elementor-element elementor-element-ed6bbfd e-con-full e-flex e-con e-child\" data-id=\"ed6bbfd\" data-element_type=\"container\" data-e-type=\"container\">\n\t\t\t\t<div class=\"elementor-element elementor-element-c750ffc elementor-widget elementor-widget-image\" data-id=\"c750ffc\" data-element_type=\"widget\" data-e-type=\"widget\" data-widget_type=\"image.default\">\n\t\t\t\t\t\t\t\t\t\t\t\t\t\t\t<img decoding=\"async\" width=\"450\" height=\"253\" src=\"https:\/\/candam.eu\/wp-content\/uploads\/2026\/02\/imgi_33_press-dispositivo-candam-tech-thumbnail-16_9.jpg\" class=\"attachment-full size-full wp-image-233\" alt=\"\" srcset=\"https:\/\/candam.eu\/wp-content\/uploads\/2026\/02\/imgi_33_press-dispositivo-candam-tech-thumbnail-16_9.jpg 450w, https:\/\/candam.eu\/wp-content\/uploads\/2026\/02\/imgi_33_press-dispositivo-candam-tech-thumbnail-16_9-300x169.jpg 300w\" sizes=\"(max-width: 450px) 100vw, 450px\" \/>\t\t\t\t\t\t\t\t\t\t\t\t\t\t\t<\/div>\n\t\t\t\t<div class=\"elementor-element elementor-element-2b79a37 elementor-position-inline-end elementor-view-default elementor-widget elementor-widget-icon-box\" data-id=\"2b79a37\" data-element_type=\"widget\" data-e-type=\"widget\" data-widget_type=\"icon-box.default\">\n\t\t\t\t\t\t\t<div class=\"elementor-icon-box-wrapper\">\n\n\t\t\t\t\t\t<div class=\"elementor-icon-box-icon\">\n\t\t\t\t<a href=\"https:\/\/www.dropbox.com\/scl\/fo\/cn65o1548qykf04yiyfm3\/h?rlkey=p1xr2yr19fr4uux0setz3ai0l&#038;dl=0\" target=\"_blank\" class=\"elementor-icon\" tabindex=\"-1\" aria-label=\"Smart Ring\">\n\t\t\t\t<svg aria-hidden=\"true\" class=\"e-font-icon-svg e-fas-arrow-down\" viewBox=\"0 0 448 512\" xmlns=\"http:\/\/www.w3.org\/2000\/svg\"><path d=\"M413.1 222.5l22.2 22.2c9.4 9.4 9.4 24.6 0 33.9L241 473c-9.4 9.4-24.6 9.4-33.9 0L12.7 278.6c-9.4-9.4-9.4-24.6 0-33.9l22.2-22.2c9.5-9.5 25-9.3 34.3.4L184 343.4V56c0-13.3 10.7-24 24-24h32c13.3 0 24 10.7 24 24v287.4l114.8-120.5c9.3-9.8 24.8-10 34.3-.4z\"><\/path><\/svg>\t\t\t\t<\/a>\n\t\t\t<\/div>\n\t\t\t\n\t\t\t\t\t\t<div class=\"elementor-icon-box-content\">\n\n\t\t\t\t\t\t\t\t\t<h3 class=\"elementor-icon-box-title\">\n\t\t\t\t\t\t<a href=\"https:\/\/www.dropbox.com\/scl\/fo\/cn65o1548qykf04yiyfm3\/h?rlkey=p1xr2yr19fr4uux0setz3ai0l&#038;dl=0\" target=\"_blank\" >\n\t\t\t\t\t\t\tSmart Ring\t\t\t\t\t\t<\/a>\n\t\t\t\t\t<\/h3>\n\t\t\t\t\n\t\t\t\t\t\t\t\t\t<p class=\"elementor-icon-box-description\">\n\t\t\t\t\t\tPRODUCTO\t\t\t\t\t<\/p>\n\t\t\t\t\n\t\t\t<\/div>\n\t\t\t\n\t\t<\/div>\n\t\t\t\t\t\t<\/div>\n\t\t\t\t<\/div>\n\t\t\t\t<\/div>\n\t\t\t\t\t<\/div>\n\t\t\t\t<\/div>\n\t\t<div class=\"elementor-element elementor-element-478b05f e-flex e-con-boxed e-con e-parent\" data-id=\"478b05f\" data-element_type=\"container\" data-e-type=\"container\" data-settings=\"{&quot;background_background&quot;:&quot;classic&quot;}\">\n\t\t\t\t\t<div class=\"e-con-inner\">\n\t\t\t\t<div class=\"elementor-element elementor-element-fb3b7ed elementor-widget elementor-widget-heading\" data-id=\"fb3b7ed\" data-element_type=\"widget\" data-e-type=\"widget\" data-widget_type=\"heading.default\">\n\t\t\t\t\t<h4 class=\"elementor-heading-title elementor-size-default\">CONTAMOS CON EL APOYO DE:<\/h4>\t\t\t\t<\/div>\n\t\t<div class=\"elementor-element elementor-element-f34b210 e-con-full e-flex e-con e-child\" data-id=\"f34b210\" data-element_type=\"container\" data-e-type=\"container\">\n\t\t<div class=\"elementor-element elementor-element-4fca0dd e-grid e-con-full e-con e-child\" data-id=\"4fca0dd\" data-element_type=\"container\" data-e-type=\"container\">\n\t\t\t\t<div class=\"elementor-element elementor-element-020d655 elementor-widget elementor-widget-image\" data-id=\"020d655\" data-element_type=\"widget\" data-e-type=\"widget\" data-widget_type=\"image.default\">\n\t\t\t\t\t\t\t\t\t\t\t\t\t\t\t<img loading=\"lazy\" decoding=\"async\" width=\"290\" height=\"130\" src=\"https:\/\/candam.eu\/wp-content\/uploads\/2026\/02\/imgi_11_eit-innoenergy.png\" class=\"attachment-full size-full wp-image-230\" alt=\"\" \/>\t\t\t\t\t\t\t\t\t\t\t\t\t\t\t<\/div>\n\t\t\t\t<div class=\"elementor-element elementor-element-b6857e9 elementor-widget elementor-widget-image\" data-id=\"b6857e9\" data-element_type=\"widget\" data-e-type=\"widget\" data-widget_type=\"image.default\">\n\t\t\t\t\t\t\t\t\t\t\t\t\t\t\t<img loading=\"lazy\" decoding=\"async\" width=\"290\" height=\"130\" src=\"https:\/\/candam.eu\/wp-content\/uploads\/2026\/02\/imgi_16_impact-ventures.png\" class=\"attachment-full size-full wp-image-70\" alt=\"\" \/>\t\t\t\t\t\t\t\t\t\t\t\t\t\t\t<\/div>\n\t\t\t\t<div class=\"elementor-element elementor-element-f860900 elementor-widget elementor-widget-image\" data-id=\"f860900\" data-element_type=\"widget\" data-e-type=\"widget\" data-widget_type=\"image.default\">\n\t\t\t\t\t\t\t\t\t\t\t\t\t\t\t<img loading=\"lazy\" decoding=\"async\" width=\"290\" height=\"130\" src=\"https:\/\/candam.eu\/wp-content\/uploads\/2026\/02\/imgi_17_enion.png\" class=\"attachment-full size-full wp-image-71\" alt=\"\" \/>\t\t\t\t\t\t\t\t\t\t\t\t\t\t\t<\/div>\n\t\t\t\t<div class=\"elementor-element elementor-element-48c69a1 elementor-widget elementor-widget-image\" data-id=\"48c69a1\" data-element_type=\"widget\" data-e-type=\"widget\" data-widget_type=\"image.default\">\n\t\t\t\t\t\t\t\t\t\t\t\t\t\t\t<img loading=\"lazy\" decoding=\"async\" width=\"290\" height=\"130\" src=\"https:\/\/candam.eu\/wp-content\/uploads\/2026\/02\/imgi_19_la-bolsa-social.png\" class=\"attachment-full size-full wp-image-73\" alt=\"\" \/>\t\t\t\t\t\t\t\t\t\t\t\t\t\t\t<\/div>\n\t\t\t\t<div class=\"elementor-element elementor-element-0ab597f elementor-widget elementor-widget-image\" data-id=\"0ab597f\" data-element_type=\"widget\" data-e-type=\"widget\" data-widget_type=\"image.default\">\n\t\t\t\t\t\t\t\t\t\t\t\t\t\t\t<img loading=\"lazy\" decoding=\"async\" width=\"290\" height=\"130\" src=\"https:\/\/candam.eu\/wp-content\/uploads\/2026\/02\/imgi_20_life_w.png\" class=\"attachment-full size-full wp-image-74\" alt=\"\" \/>\t\t\t\t\t\t\t\t\t\t\t\t\t\t\t<\/div>\n\t\t\t\t<div class=\"elementor-element elementor-element-e3480bb elementor-widget elementor-widget-image\" data-id=\"e3480bb\" data-element_type=\"widget\" data-e-type=\"widget\" data-widget_type=\"image.default\">\n\t\t\t\t\t\t\t\t\t\t\t\t\t\t\t<img loading=\"lazy\" decoding=\"async\" width=\"290\" height=\"130\" src=\"https:\/\/candam.eu\/wp-content\/uploads\/2026\/02\/imgi_21_eurostars.png\" class=\"attachment-full size-full wp-image-75\" alt=\"\" \/>\t\t\t\t\t\t\t\t\t\t\t\t\t\t\t<\/div>\n\t\t\t\t<\/div>\n\t\t<div class=\"elementor-element elementor-element-1c95310 e-grid e-con-full e-con e-child\" data-id=\"1c95310\" data-element_type=\"container\" data-e-type=\"container\">\n\t\t\t\t<div class=\"elementor-element elementor-element-22f6ef1 elementor-widget elementor-widget-image\" data-id=\"22f6ef1\" data-element_type=\"widget\" data-e-type=\"widget\" data-widget_type=\"image.default\">\n\t\t\t\t\t\t\t\t\t\t\t\t\t\t\t<img loading=\"lazy\" decoding=\"async\" width=\"290\" height=\"130\" src=\"https:\/\/candam.eu\/wp-content\/uploads\/2026\/02\/imgi_22_sme-instrument.jpg\" class=\"attachment-full size-full wp-image-76\" alt=\"\" \/>\t\t\t\t\t\t\t\t\t\t\t\t\t\t\t<\/div>\n\t\t\t\t<div class=\"elementor-element elementor-element-9b0ac33 elementor-widget elementor-widget-image\" data-id=\"9b0ac33\" data-element_type=\"widget\" data-e-type=\"widget\" data-widget_type=\"image.default\">\n\t\t\t\t\t\t\t\t\t\t\t\t\t\t\t<img loading=\"lazy\" decoding=\"async\" width=\"290\" height=\"130\" src=\"https:\/\/candam.eu\/wp-content\/uploads\/2026\/02\/imgi_18_cdti-pid_w.png\" class=\"attachment-full size-full wp-image-72\" alt=\"\" \/>\t\t\t\t\t\t\t\t\t\t\t\t\t\t\t<\/div>\n\t\t\t\t<div class=\"elementor-element elementor-element-eaeef72 elementor-widget elementor-widget-image\" data-id=\"eaeef72\" data-element_type=\"widget\" data-e-type=\"widget\" data-widget_type=\"image.default\">\n\t\t\t\t\t\t\t\t\t\t\t\t\t\t\t<img loading=\"lazy\" decoding=\"async\" width=\"290\" height=\"130\" src=\"https:\/\/candam.eu\/wp-content\/uploads\/2026\/02\/imgi_23_enisa_w.jpg\" class=\"attachment-full size-full wp-image-77\" alt=\"\" \/>\t\t\t\t\t\t\t\t\t\t\t\t\t\t\t<\/div>\n\t\t\t\t<div class=\"elementor-element elementor-element-6dc7c5c elementor-widget elementor-widget-image\" data-id=\"6dc7c5c\" data-element_type=\"widget\" data-e-type=\"widget\" data-widget_type=\"image.default\">\n\t\t\t\t\t\t\t\t\t\t\t\t\t\t\t<img loading=\"lazy\" decoding=\"async\" width=\"290\" height=\"130\" src=\"https:\/\/candam.eu\/wp-content\/uploads\/2026\/02\/imgi_24_accio.png\" class=\"attachment-full size-full wp-image-78\" alt=\"\" \/>\t\t\t\t\t\t\t\t\t\t\t\t\t\t\t<\/div>\n\t\t\t\t<div class=\"elementor-element elementor-element-000d7f1 elementor-widget elementor-widget-image\" data-id=\"000d7f1\" data-element_type=\"widget\" data-e-type=\"widget\" data-widget_type=\"image.default\">\n\t\t\t\t\t\t\t\t\t\t\t\t\t\t\t<img loading=\"lazy\" decoding=\"async\" width=\"290\" height=\"130\" src=\"https:\/\/candam.eu\/wp-content\/uploads\/2026\/02\/imgi_25_arc.png\" class=\"attachment-full size-full wp-image-68\" alt=\"\" \/>\t\t\t\t\t\t\t\t\t\t\t\t\t\t\t<\/div>\n\t\t\t\t<\/div>\n\t\t\t\t<\/div>\n\t\t\t\t\t<\/div>\n\t\t\t\t<\/div>\n\t\t\t\t<\/div>\n\t\t","protected":false},"excerpt":{"rendered":"<p>Prensay medios de comunicaci\u00f3n Candam Tech Candam Tech es una empresa tecnol\u00f3gica con la misi\u00f3n de mejorar la sostenibilidad de las ciudades, aportando las herramientas necesarias para aumentar la eficiencia en la gesti\u00f3n de los residuos. Candam cuenta con tecnolog\u00eda patentada a nivel europeo con su dispositivo RecySmart, gracias a ello se sit\u00faa en la [&hellip;]<\/p>\n","protected":false},"author":1,"featured_media":0,"parent":0,"menu_order":0,"comment_status":"closed","ping_status":"closed","template":"","meta":{"_acf_changed":false,"footnotes":""},"class_list":["post-216","page","type-page","status-publish","hentry"],"acf":[],"_links":{"self":[{"href":"https:\/\/candam.eu\/es\/wp-json\/wp\/v2\/pages\/216","targetHints":{"allow":["GET"]}}],"collection":[{"href":"https:\/\/candam.eu\/es\/wp-json\/wp\/v2\/pages"}],"about":[{"href":"https:\/\/candam.eu\/es\/wp-json\/wp\/v2\/types\/page"}],"author":[{"embeddable":true,"href":"https:\/\/candam.eu\/es\/wp-json\/wp\/v2\/users\/1"}],"replies":[{"embeddable":true,"href":"https:\/\/candam.eu\/es\/wp-json\/wp\/v2\/comments?post=216"}],"version-history":[{"count":7,"href":"https:\/\/candam.eu\/es\/wp-json\/wp\/v2\/pages\/216\/revisions"}],"predecessor-version":[{"id":236,"href":"https:\/\/candam.eu\/es\/wp-json\/wp\/v2\/pages\/216\/revisions\/236"}],"wp:attachment":[{"href":"https:\/\/candam.eu\/es\/wp-json\/wp\/v2\/media?parent=216"}],"curies":[{"name":"wp","href":"https:\/\/api.w.org\/{rel}","templated":true}]}}