{"id":208,"date":"2026-02-27T04:21:30","date_gmt":"2026-02-27T04:21:30","guid":{"rendered":"https:\/\/candam.eu\/?page_id=208"},"modified":"2026-03-30T16:48:53","modified_gmt":"2026-03-30T16:48:53","slug":"pago-por-generacion-payt","status":"publish","type":"page","link":"https:\/\/candam.eu\/es\/soluciones\/pago-por-generacion-payt\/","title":{"rendered":"Pago por uso"},"content":{"rendered":"\t\t<div data-elementor-type=\"wp-page\" data-elementor-id=\"208\" class=\"elementor elementor-208\" data-elementor-post-type=\"page\">\n\t\t\t\t<div class=\"elementor-element elementor-element-83e0f2f e-con-full e-flex e-con e-parent\" data-id=\"83e0f2f\" data-element_type=\"container\" data-e-type=\"container\" data-settings=\"{&quot;background_background&quot;:&quot;classic&quot;}\">\n\t\t<div class=\"elementor-element elementor-element-4f3f332 e-con-full e-flex e-con e-child\" data-id=\"4f3f332\" data-element_type=\"container\" data-e-type=\"container\">\n\t\t<div class=\"elementor-element elementor-element-226fe36 e-con-full e-flex e-con e-child\" data-id=\"226fe36\" data-element_type=\"container\" data-e-type=\"container\">\n\t\t\t\t<div class=\"elementor-element elementor-element-fb4cd51 elementor-widget elementor-widget-heading\" data-id=\"fb4cd51\" data-element_type=\"widget\" data-e-type=\"widget\" data-widget_type=\"heading.default\">\n\t\t\t\t\t<h2 class=\"elementor-heading-title elementor-size-default\">Pago<br>\npor generaci\u00f3n PAYT<\/h2>\t\t\t\t<\/div>\n\t\t\t\t<div class=\"elementor-element elementor-element-e660900 elementor-widget elementor-widget-text-editor\" data-id=\"e660900\" data-element_type=\"widget\" data-e-type=\"widget\" data-widget_type=\"text-editor.default\">\n\t\t\t\t\t\t\t\t\t<p class=\"tbk__subtitle\">El sistema de pago por generaci\u00f3n se basa en el pago de una tasa en funci\u00f3n del uso que los ciudadanos hacen de los servicios de residuos y de la cantidad de residuos que generan.<\/p>\t\t\t\t\t\t\t\t<\/div>\n\t\t\t\t<\/div>\n\t\t<div class=\"elementor-element elementor-element-b967ba6 e-con-full e-flex e-con e-child\" data-id=\"b967ba6\" data-element_type=\"container\" data-e-type=\"container\">\n\t\t\t\t<div class=\"elementor-element elementor-element-25caaa1 elementor-widget elementor-widget-image\" data-id=\"25caaa1\" data-element_type=\"widget\" data-e-type=\"widget\" data-settings=\"{&quot;motion_fx_motion_fx_scrolling&quot;:&quot;yes&quot;,&quot;motion_fx_translateY_effect&quot;:&quot;yes&quot;,&quot;motion_fx_translateY_speed&quot;:{&quot;unit&quot;:&quot;px&quot;,&quot;size&quot;:1,&quot;sizes&quot;:[]},&quot;motion_fx_translateY_affectedRange&quot;:{&quot;unit&quot;:&quot;%&quot;,&quot;size&quot;:&quot;&quot;,&quot;sizes&quot;:{&quot;start&quot;:0,&quot;end&quot;:75}},&quot;motion_fx_devices&quot;:[&quot;widescreen&quot;,&quot;desktop&quot;,&quot;laptop&quot;,&quot;tablet&quot;,&quot;mobile&quot;]}\" data-widget_type=\"image.default\">\n\t\t\t\t\t\t\t\t\t\t\t\t\t\t\t<img fetchpriority=\"high\" decoding=\"async\" width=\"888\" height=\"500\" src=\"https:\/\/candam.eu\/wp-content\/uploads\/2026\/03\/candam-video-pay-as-you-throw-01-short.webp\" class=\"attachment-full size-full wp-image-5612\" alt=\"candam-video-pay-as-you-throw-01-short\" srcset=\"https:\/\/candam.eu\/wp-content\/uploads\/2026\/03\/candam-video-pay-as-you-throw-01-short.webp 888w, https:\/\/candam.eu\/wp-content\/uploads\/2026\/03\/candam-video-pay-as-you-throw-01-short-300x169.webp 300w, https:\/\/candam.eu\/wp-content\/uploads\/2026\/03\/candam-video-pay-as-you-throw-01-short-768x432.webp 768w\" sizes=\"(max-width: 888px) 100vw, 888px\" \/>\t\t\t\t\t\t\t\t\t\t\t\t\t\t\t<\/div>\n\t\t\t\t<\/div>\n\t\t\t\t<\/div>\n\t\t\t\t<\/div>\n\t\t<div class=\"elementor-element elementor-element-e4560d2 e-flex e-con-boxed e-con e-parent\" data-id=\"e4560d2\" data-element_type=\"container\" data-e-type=\"container\" data-settings=\"{&quot;background_background&quot;:&quot;classic&quot;}\">\n\t\t\t\t\t<div class=\"e-con-inner\">\n\t\t\t\t<div class=\"elementor-element elementor-element-5b759b9 elementor-widget elementor-widget-heading\" data-id=\"5b759b9\" data-element_type=\"widget\" data-e-type=\"widget\" data-widget_type=\"heading.default\">\n\t\t\t\t\t<h2 class=\"elementor-heading-title elementor-size-default\">QUI\u00c9N recicla <span>QU\u00c9<\/span>, CU\u00c1NDO y D\u00d3NDE<\/h2>\t\t\t\t<\/div>\n\t\t\t\t\t<\/div>\n\t\t\t\t<\/div>\n\t\t<div class=\"elementor-element elementor-element-c75a56f e-flex e-con-boxed e-con e-parent\" data-id=\"c75a56f\" data-element_type=\"container\" data-e-type=\"container\" data-settings=\"{&quot;background_background&quot;:&quot;classic&quot;}\">\n\t\t\t\t\t<div class=\"e-con-inner\">\n\t\t<div class=\"elementor-element elementor-element-d3eb34d e-con-full e-flex e-con e-child\" data-id=\"d3eb34d\" data-element_type=\"container\" data-e-type=\"container\">\n\t\t<div class=\"elementor-element elementor-element-c1a3cf0 e-con-full e-flex e-con e-child\" data-id=\"c1a3cf0\" data-element_type=\"container\" data-e-type=\"container\">\n\t\t\t\t<div class=\"elementor-element elementor-element-37af221 elementor-widget__width-initial elementor-widget-mobile__width-initial elementor-widget elementor-widget-heading\" data-id=\"37af221\" data-element_type=\"widget\" data-e-type=\"widget\" data-widget_type=\"heading.default\">\n\t\t\t\t\t<h2 class=\"elementor-heading-title elementor-size-default\">Identificaci\u00f3n de usuario\n<\/h2>\t\t\t\t<\/div>\n\t\t\t\t<div class=\"elementor-element elementor-element-da85481 elementor-widget__width-initial elementor-widget-mobile__width-initial elementor-widget elementor-widget-heading\" data-id=\"da85481\" data-element_type=\"widget\" data-e-type=\"widget\" data-widget_type=\"heading.default\">\n\t\t\t\t\t<h2 class=\"elementor-heading-title elementor-size-default\">Caracterizaci\u00f3n de materiales<\/h2>\t\t\t\t<\/div>\n\t\t\t\t<\/div>\n\t\t\t\t<div class=\"elementor-element elementor-element-b86a3cb elementor-widget elementor-widget-image\" data-id=\"b86a3cb\" data-element_type=\"widget\" data-e-type=\"widget\" data-widget_type=\"image.default\">\n\t\t\t\t\t\t\t\t\t\t\t\t\t\t\t<img decoding=\"async\" width=\"400\" height=\"400\" src=\"https:\/\/candam.eu\/wp-content\/uploads\/2026\/03\/candam-rayt-circle.png\" class=\"attachment-full size-full wp-image-5890\" alt=\"\" srcset=\"https:\/\/candam.eu\/wp-content\/uploads\/2026\/03\/candam-rayt-circle.png 400w, https:\/\/candam.eu\/wp-content\/uploads\/2026\/03\/candam-rayt-circle-300x300.png 300w, https:\/\/candam.eu\/wp-content\/uploads\/2026\/03\/candam-rayt-circle-150x150.png 150w\" sizes=\"(max-width: 400px) 100vw, 400px\" \/>\t\t\t\t\t\t\t\t\t\t\t\t\t\t\t<\/div>\n\t\t<div class=\"elementor-element elementor-element-7c0e4ea e-con-full e-flex e-con e-child\" data-id=\"7c0e4ea\" data-element_type=\"container\" data-e-type=\"container\">\n\t\t\t\t<div class=\"elementor-element elementor-element-0ba824e elementor-widget__width-initial elementor-widget-mobile__width-initial elementor-widget elementor-widget-heading\" data-id=\"0ba824e\" data-element_type=\"widget\" data-e-type=\"widget\" data-widget_type=\"heading.default\">\n\t\t\t\t\t<h2 class=\"elementor-heading-title elementor-size-default\"><i>Principio de<\/i>\n\u00abquien contamina paga\u00bb<\/h2>\t\t\t\t<\/div>\n\t\t\t\t<div class=\"elementor-element elementor-element-740349c elementor-widget__width-initial elementor-widget-mobile__width-initial elementor-widget elementor-widget-heading\" data-id=\"740349c\" data-element_type=\"widget\" data-e-type=\"widget\" data-widget_type=\"heading.default\">\n\t\t\t\t\t<h2 class=\"elementor-heading-title elementor-size-default\">Digitalizar\nel ciclo de los residuos<\/h2>\t\t\t\t<\/div>\n\t\t\t\t<\/div>\n\t\t\t\t<\/div>\n\t\t<div class=\"elementor-element elementor-element-a3b370a e-con-full e-flex e-con e-child\" data-id=\"a3b370a\" data-element_type=\"container\" data-e-type=\"container\">\n\t\t\t\t<div class=\"elementor-element elementor-element-14727eb elementor-widget elementor-widget-heading\" data-id=\"14727eb\" data-element_type=\"widget\" data-e-type=\"widget\" data-widget_type=\"heading.default\">\n\t\t\t\t\t<h2 class=\"elementor-heading-title elementor-size-default\">Estos sistemas incorporan el principio de \u00abquien contamina paga\u00bb a la tasa de residuos.<\/h2>\t\t\t\t<\/div>\n\t\t\t\t<div class=\"elementor-element elementor-element-57a65a2 elementor-widget elementor-widget-text-editor\" data-id=\"57a65a2\" data-element_type=\"widget\" data-e-type=\"widget\" data-widget_type=\"text-editor.default\">\n\t\t\t\t\t\t\t\t\t<p class=\"tbk__subtitle\">Por consiguiente, los residentes o las empresas que se esfuerzan por reducir sus residuos y separarlos correctamente deben recibir una justa recompensa.<br \/><br \/>B\u00e1sicamente, cada vez que un ciudadano utiliza el contenedor de basura o de residuos generales se le cobra. Esto suele hacerse mediante la identificaci\u00f3n del usuario y el control de acceso.<\/p>\t\t\t\t\t\t\t\t<\/div>\n\t\t\t\t<div class=\"elementor-element elementor-element-f968e74 elementor-widget elementor-widget-text-editor\" data-id=\"f968e74\" data-element_type=\"widget\" data-e-type=\"widget\" data-widget_type=\"text-editor.default\">\n\t\t\t\t\t\t\t\t\t<p class=\"tbk__subtitle\">Pero \u00bfqu\u00e9 ocurre cuando los ciudadanos separan correctamente?<\/p>\t\t\t\t\t\t\t\t<\/div>\n\t\t\t\t<div class=\"elementor-element elementor-element-39c3fcb elementor-align-left elementor-mobile-align-left elementor-widget elementor-widget-button\" data-id=\"39c3fcb\" data-element_type=\"widget\" data-e-type=\"widget\" data-widget_type=\"button.default\">\n\t\t\t\t\t\t\t\t\t\t<a class=\"elementor-button elementor-button-link elementor-size-sm\" href=\"https:\/\/candam.eu\/contacto\/\" target=\"_blank\">\n\t\t\t\t\t\t<span class=\"elementor-button-content-wrapper\">\n\t\t\t\t\t\t\t\t\t<span class=\"elementor-button-text\">\u00bfLo explicamos?<\/span>\n\t\t\t\t\t<\/span>\n\t\t\t\t\t<\/a>\n\t\t\t\t\t\t\t\t<\/div>\n\t\t\t\t<\/div>\n\t\t\t\t\t<\/div>\n\t\t\t\t<\/div>\n\t\t<div class=\"elementor-element elementor-element-f9e5e4a e-con-full e-flex e-con e-parent\" data-id=\"f9e5e4a\" data-element_type=\"container\" data-e-type=\"container\" data-settings=\"{&quot;background_background&quot;:&quot;classic&quot;}\">\n\t\t<div class=\"elementor-element elementor-element-a2875e5 e-con-full e-flex e-con e-child\" data-id=\"a2875e5\" data-element_type=\"container\" data-e-type=\"container\">\n\t\t<div class=\"elementor-element elementor-element-582cfb2 e-con-full e-flex e-con e-child\" data-id=\"582cfb2\" data-element_type=\"container\" data-e-type=\"container\">\n\t\t\t\t<div class=\"elementor-element elementor-element-8766603 elementor-widget elementor-widget-heading\" data-id=\"8766603\" data-element_type=\"widget\" data-e-type=\"widget\" data-widget_type=\"heading.default\">\n\t\t\t\t\t<h2 class=\"elementor-heading-title elementor-size-default\">El Smart Ring de Candam puede integrarse en un sistema de PAYT para verificar que el usuario recicla correctamente.<\/h2>\t\t\t\t<\/div>\n\t\t\t\t<div class=\"elementor-element elementor-element-f450850 elementor-widget elementor-widget-text-editor\" data-id=\"f450850\" data-element_type=\"widget\" data-e-type=\"widget\" data-widget_type=\"text-editor.default\">\n\t\t\t\t\t\t\t\t\t<p class=\"tbk__subtitle\"><strong>Como identifica al ciudadano y caracteriza el envase, es posible ofrecer un descuento al usuario por cada acci\u00f3n de reciclado que se realice correctamente.<\/strong><\/p><p><strong>La informaci\u00f3n sobre qui\u00e9n recicla se env\u00eda a las autoridades en materia fiscal para que apliquen los descuentos correspondientes en el impuesto mensual.<\/strong><\/p>\t\t\t\t\t\t\t\t<\/div>\n\t\t\t\t<\/div>\n\t\t<div class=\"elementor-element elementor-element-e6c2f6e e-con-full e-flex e-con e-child\" data-id=\"e6c2f6e\" data-element_type=\"container\" data-e-type=\"container\">\n\t\t\t\t<div class=\"elementor-element elementor-element-5648587 elementor-widget elementor-widget-image\" data-id=\"5648587\" data-element_type=\"widget\" data-e-type=\"widget\" data-settings=\"{&quot;motion_fx_motion_fx_scrolling&quot;:&quot;yes&quot;,&quot;motion_fx_translateY_effect&quot;:&quot;yes&quot;,&quot;motion_fx_translateY_speed&quot;:{&quot;unit&quot;:&quot;px&quot;,&quot;size&quot;:1,&quot;sizes&quot;:[]},&quot;motion_fx_translateY_affectedRange&quot;:{&quot;unit&quot;:&quot;%&quot;,&quot;size&quot;:&quot;&quot;,&quot;sizes&quot;:{&quot;start&quot;:0,&quot;end&quot;:75}},&quot;motion_fx_devices&quot;:[&quot;widescreen&quot;,&quot;desktop&quot;,&quot;laptop&quot;,&quot;tablet&quot;,&quot;mobile&quot;]}\" data-widget_type=\"image.default\">\n\t\t\t\t\t\t\t\t\t\t\t\t\t\t\t<img decoding=\"async\" width=\"1490\" height=\"900\" src=\"https:\/\/candam.eu\/wp-content\/uploads\/2026\/03\/pay-as-you-throw-waste-charge.jpg\" class=\"attachment-full size-full wp-image-5918\" alt=\"\" srcset=\"https:\/\/candam.eu\/wp-content\/uploads\/2026\/03\/pay-as-you-throw-waste-charge.jpg 1490w, https:\/\/candam.eu\/wp-content\/uploads\/2026\/03\/pay-as-you-throw-waste-charge-300x181.jpg 300w, https:\/\/candam.eu\/wp-content\/uploads\/2026\/03\/pay-as-you-throw-waste-charge-1024x619.jpg 1024w, https:\/\/candam.eu\/wp-content\/uploads\/2026\/03\/pay-as-you-throw-waste-charge-768x464.jpg 768w\" sizes=\"(max-width: 1490px) 100vw, 1490px\" \/>\t\t\t\t\t\t\t\t\t\t\t\t\t\t\t<\/div>\n\t\t\t\t<\/div>\n\t\t\t\t<\/div>\n\t\t\t\t<\/div>\n\t\t<div class=\"elementor-element elementor-element-c90b4d1 e-flex e-con-boxed e-con e-parent\" data-id=\"c90b4d1\" data-element_type=\"container\" data-e-type=\"container\" data-settings=\"{&quot;background_background&quot;:&quot;classic&quot;}\">\n\t\t\t\t\t<div class=\"e-con-inner\">\n\t\t<div class=\"elementor-element elementor-element-2f08f10 e-con-full e-flex e-con e-child\" data-id=\"2f08f10\" data-element_type=\"container\" data-e-type=\"container\">\n\t\t\t\t<div class=\"elementor-element elementor-element-25ba2ba elementor-widget elementor-widget-heading\" data-id=\"25ba2ba\" data-element_type=\"widget\" data-e-type=\"widget\" data-widget_type=\"heading.default\">\n\t\t\t\t\t<h2 class=\"elementor-heading-title elementor-size-default\">Con RecySmart,<br>\nel Smart Ring con tecnolog\u00eda \u00fanica, patentada y rentable, se puede saber<\/h2>\t\t\t\t<\/div>\n\t\t\t\t<div class=\"elementor-element elementor-element-10c7582 elementor-widget elementor-widget-heading\" data-id=\"10c7582\" data-element_type=\"widget\" data-e-type=\"widget\" data-widget_type=\"heading.default\">\n\t\t\t\t\t<h2 class=\"elementor-heading-title elementor-size-default\">QUI\u00c9N recicla <span>QU\u00c9<\/span>, CU\u00c1NDO y D\u00d3NDE<\/h2>\t\t\t\t<\/div>\n\t\t\t\t<div class=\"elementor-element elementor-element-2587416 elementor-align-center elementor-widget elementor-widget-button\" data-id=\"2587416\" data-element_type=\"widget\" data-e-type=\"widget\" data-widget_type=\"button.default\">\n\t\t\t\t\t\t\t\t\t\t<a class=\"elementor-button elementor-button-link elementor-size-sm\" href=\"https:\/\/candam.eu\/es\/contacto\/\">\n\t\t\t\t\t\t<span class=\"elementor-button-content-wrapper\">\n\t\t\t\t\t\t\t\t\t<span class=\"elementor-button-text\">Solicitar una demostraci\u00f3n del producto<\/span>\n\t\t\t\t\t<\/span>\n\t\t\t\t\t<\/a>\n\t\t\t\t\t\t\t\t<\/div>\n\t\t\t\t<\/div>\n\t\t\t\t\t<\/div>\n\t\t\t\t<\/div>\n\t\t\t\t<\/div>\n\t\t","protected":false},"excerpt":{"rendered":"<p>Pago por generaci\u00f3n PAYT El sistema de pago por generaci\u00f3n se basa en el pago de una tasa en funci\u00f3n del uso que los ciudadanos hacen de los servicios de residuos y de la cantidad de residuos que generan. QUI\u00c9N recicla QU\u00c9, CU\u00c1NDO y D\u00d3NDE Identificaci\u00f3n de usuario Caracterizaci\u00f3n de materiales Principio de \u00abquien contamina [&hellip;]<\/p>\n","protected":false},"author":1,"featured_media":0,"parent":202,"menu_order":0,"comment_status":"closed","ping_status":"closed","template":"","meta":{"_acf_changed":false,"footnotes":""},"class_list":["post-208","page","type-page","status-publish","hentry"],"acf":[],"_links":{"self":[{"href":"https:\/\/candam.eu\/es\/wp-json\/wp\/v2\/pages\/208","targetHints":{"allow":["GET"]}}],"collection":[{"href":"https:\/\/candam.eu\/es\/wp-json\/wp\/v2\/pages"}],"about":[{"href":"https:\/\/candam.eu\/es\/wp-json\/wp\/v2\/types\/page"}],"author":[{"embeddable":true,"href":"https:\/\/candam.eu\/es\/wp-json\/wp\/v2\/users\/1"}],"replies":[{"embeddable":true,"href":"https:\/\/candam.eu\/es\/wp-json\/wp\/v2\/comments?post=208"}],"version-history":[{"count":53,"href":"https:\/\/candam.eu\/es\/wp-json\/wp\/v2\/pages\/208\/revisions"}],"predecessor-version":[{"id":7017,"href":"https:\/\/candam.eu\/es\/wp-json\/wp\/v2\/pages\/208\/revisions\/7017"}],"up":[{"embeddable":true,"href":"https:\/\/candam.eu\/es\/wp-json\/wp\/v2\/pages\/202"}],"wp:attachment":[{"href":"https:\/\/candam.eu\/es\/wp-json\/wp\/v2\/media?parent=208"}],"curies":[{"name":"wp","href":"https:\/\/api.w.org\/{rel}","templated":true}]}}