{"id":203,"date":"2026-02-27T04:20:56","date_gmt":"2026-02-27T04:20:56","guid":{"rendered":"https:\/\/candam.eu\/?page_id=203"},"modified":"2026-03-03T20:42:49","modified_gmt":"2026-03-03T20:42:49","slug":"aumentar-ratios-de-reciclaje","status":"publish","type":"page","link":"https:\/\/candam.eu\/es\/soluciones\/aumentar-ratios-de-reciclaje\/","title":{"rendered":"Aumentar ratios de reciclaje"},"content":{"rendered":"\t\t<div data-elementor-type=\"wp-page\" data-elementor-id=\"203\" class=\"elementor elementor-203\" data-elementor-post-type=\"page\">\n\t\t\t\t<div class=\"elementor-element elementor-element-7a080c6 e-flex e-con-boxed e-con e-parent\" data-id=\"7a080c6\" data-element_type=\"container\" data-e-type=\"container\" data-settings=\"{&quot;background_background&quot;:&quot;classic&quot;}\">\n\t\t\t\t\t<div class=\"e-con-inner\">\n\t\t<div class=\"elementor-element elementor-element-248a4d7 e-con-full e-flex e-con e-child\" data-id=\"248a4d7\" data-element_type=\"container\" data-e-type=\"container\">\n\t\t\t\t<div class=\"elementor-element elementor-element-ea75fc4 elementor-widget elementor-widget-image\" data-id=\"ea75fc4\" data-element_type=\"widget\" data-e-type=\"widget\" data-widget_type=\"image.default\">\n\t\t\t\t\t\t\t\t\t\t\t\t\t\t\t<img fetchpriority=\"high\" decoding=\"async\" width=\"1200\" height=\"729\" src=\"https:\/\/candam.eu\/wp-content\/uploads\/2026\/03\/imgi_27_candam-smart-ring-EN_2.webp\" class=\"attachment-full size-full wp-image-5549\" alt=\"\" srcset=\"https:\/\/candam.eu\/wp-content\/uploads\/2026\/03\/imgi_27_candam-smart-ring-EN_2.webp 1200w, https:\/\/candam.eu\/wp-content\/uploads\/2026\/03\/imgi_27_candam-smart-ring-EN_2-300x182.webp 300w, https:\/\/candam.eu\/wp-content\/uploads\/2026\/03\/imgi_27_candam-smart-ring-EN_2-1024x622.webp 1024w, https:\/\/candam.eu\/wp-content\/uploads\/2026\/03\/imgi_27_candam-smart-ring-EN_2-768x467.webp 768w\" sizes=\"(max-width: 1200px) 100vw, 1200px\" \/>\t\t\t\t\t\t\t\t\t\t\t\t\t\t\t<\/div>\n\t\t\t\t<div class=\"elementor-element elementor-element-1c56fce elementor-absolute elementor-widget elementor-widget-heading\" data-id=\"1c56fce\" data-element_type=\"widget\" data-e-type=\"widget\" data-settings=\"{&quot;_position&quot;:&quot;absolute&quot;}\" data-widget_type=\"heading.default\">\n\t\t\t\t\t<h2 class=\"elementor-heading-title elementor-size-default\">Reciclaje de envases<\/h2>\t\t\t\t<\/div>\n\t\t\t\t<\/div>\n\t\t<div class=\"elementor-element elementor-element-c93bdfa e-con-full e-flex e-con e-child\" data-id=\"c93bdfa\" data-element_type=\"container\" data-e-type=\"container\">\n\t\t\t\t<div class=\"elementor-element elementor-element-ce012a7 elementor-widget elementor-widget-heading\" data-id=\"ce012a7\" data-element_type=\"widget\" data-e-type=\"widget\" data-widget_type=\"heading.default\">\n\t\t\t\t\t<h1 class=\"elementor-heading-title elementor-size-default\">Europa publica <span>nuevas directivas sobre envases<\/span> con objetivos ambiciosos para recuperar el 90 % de envases de pl\u00e1stico de un solo uso<\/h1>\t\t\t\t<\/div>\n\t\t\t\t<div class=\"elementor-element elementor-element-f471437 elementor-widget elementor-widget-text-editor\" data-id=\"f471437\" data-element_type=\"widget\" data-e-type=\"widget\" data-widget_type=\"text-editor.default\">\n\t\t\t\t\t\t\t\t\tLas administraciones municipales y los servicios de gesti\u00f3n de residuos tienen dificultades para cumplir los objetivos de reciclaje fijados en las directivas de la UE. Para cumplirlos, necesitan mejores herramientas y m\u00e9todos para establecer sistemas de incentivos seguros y transparentes.\n\t\t\t\t\t\t\t\t<\/div>\n\t\t\t\t<\/div>\n\t\t\t\t\t<\/div>\n\t\t\t\t<\/div>\n\t\t<div class=\"elementor-element elementor-element-b067f10 e-con-full e-flex e-con e-parent\" data-id=\"b067f10\" data-element_type=\"container\" data-e-type=\"container\" data-settings=\"{&quot;background_background&quot;:&quot;classic&quot;}\">\n\t\t<div class=\"elementor-element elementor-element-af5e155 e-flex e-con-boxed e-con e-child\" data-id=\"af5e155\" data-element_type=\"container\" data-e-type=\"container\" data-settings=\"{&quot;background_background&quot;:&quot;classic&quot;}\">\n\t\t\t\t\t<div class=\"e-con-inner\">\n\t\t\t\t<div class=\"elementor-element elementor-element-df95302 elementor-widget elementor-widget-heading\" data-id=\"df95302\" data-element_type=\"widget\" data-e-type=\"widget\" data-widget_type=\"heading.default\">\n\t\t\t\t\t<h2 class=\"elementor-heading-title elementor-size-default\">La tecnolog\u00eda <span>Smart Ring de Candam<\/span> se ide\u00f3 para resolver el problema de los bajos ratios de reciclaje en Europa.<\/h2>\t\t\t\t<\/div>\n\t\t<div class=\"elementor-element elementor-element-fc2c5dd e-grid e-con-full e-con e-child\" data-id=\"fc2c5dd\" data-element_type=\"container\" data-e-type=\"container\">\n\t\t\t\t<div class=\"elementor-element elementor-element-63cb2ba elementor-widget elementor-widget-heading\" data-id=\"63cb2ba\" data-element_type=\"widget\" data-e-type=\"widget\" data-widget_type=\"heading.default\">\n\t\t\t\t\t<h3 class=\"elementor-heading-title elementor-size-default\">Recompensa\npor reciclar\nRAYT<\/h3>\t\t\t\t<\/div>\n\t\t\t\t<div class=\"elementor-element elementor-element-623cb41 elementor-widget elementor-widget-heading\" data-id=\"623cb41\" data-element_type=\"widget\" data-e-type=\"widget\" data-widget_type=\"heading.default\">\n\t\t\t\t\t<h3 class=\"elementor-heading-title elementor-size-default\">Pago\npor generaci\u00f3n\nPAYT<\/h3>\t\t\t\t<\/div>\n\t\t\t\t<div class=\"elementor-element elementor-element-14bd596 elementor-widget elementor-widget-heading\" data-id=\"14bd596\" data-element_type=\"widget\" data-e-type=\"widget\" data-widget_type=\"heading.default\">\n\t\t\t\t\t<h3 class=\"elementor-heading-title elementor-size-default\">Sistema de dep\u00f3sito,\ndevoluci\u00f3n y retorno SDDR<\/h3>\t\t\t\t<\/div>\n\t\t\t\t<\/div>\n\t\t\t\t\t<\/div>\n\t\t\t\t<\/div>\n\t\t\t\t<\/div>\n\t\t<div class=\"elementor-element elementor-element-84a078e e-flex e-con-boxed e-con e-parent\" data-id=\"84a078e\" data-element_type=\"container\" data-e-type=\"container\" data-settings=\"{&quot;background_background&quot;:&quot;classic&quot;}\">\n\t\t\t\t\t<div class=\"e-con-inner\">\n\t\t<div class=\"elementor-element elementor-element-d24f8d2 e-con-full e-flex e-con e-child\" data-id=\"d24f8d2\" data-element_type=\"container\" data-e-type=\"container\">\n\t\t\t\t<div class=\"elementor-element elementor-element-2ea645d elementor-widget elementor-widget-heading\" data-id=\"2ea645d\" data-element_type=\"widget\" data-e-type=\"widget\" data-widget_type=\"heading.default\">\n\t\t\t\t\t<h2 class=\"elementor-heading-title elementor-size-default\">Con RecySmart, las entidades locales y gestores de residuos podr\u00e1n <span>conseguir que los ciudadanos se impliquen activamente<\/span> gracias a la introducci\u00f3n de incentivos<\/h2>\t\t\t\t<\/div>\n\t\t\t\t<div class=\"elementor-element elementor-element-e44988c elementor-widget elementor-widget-text-editor\" data-id=\"e44988c\" data-element_type=\"widget\" data-e-type=\"widget\" data-widget_type=\"text-editor.default\">\n\t\t\t\t\t\t\t\t\tEl dispositivo RecySmart recoge datos sobre QUI\u00c9N recicla QU\u00c9, CU\u00c1NDO y D\u00d3NDE. Con estos datos, las administraciones pueden crear un sistema f\u00e1cil de usar, resistente y antifraude, adem\u00e1s de rentable, que puede ajustarse a uno de los siguientes PROGRAMAS DE INCENTIVOS:\n\t\t\t\t\t\t\t\t<\/div>\n\t\t\t\t<\/div>\n\t\t\t\t\t<\/div>\n\t\t\t\t<\/div>\n\t\t<div class=\"elementor-element elementor-element-b3edeea e-con-full e-flex e-con e-parent\" data-id=\"b3edeea\" data-element_type=\"container\" data-e-type=\"container\" data-settings=\"{&quot;background_background&quot;:&quot;classic&quot;}\">\n\t\t<div class=\"elementor-element elementor-element-27126a1 e-grid e-con-full e-con e-child\" data-id=\"27126a1\" data-element_type=\"container\" data-e-type=\"container\">\n\t\t<div class=\"elementor-element elementor-element-dee0e9d e-con-full e-flex e-con e-child\" data-id=\"dee0e9d\" data-element_type=\"container\" data-e-type=\"container\">\n\t\t\t\t<div class=\"elementor-element elementor-element-f11ae90 elementor-widget elementor-widget-image\" data-id=\"f11ae90\" data-element_type=\"widget\" data-e-type=\"widget\" data-settings=\"{&quot;motion_fx_motion_fx_scrolling&quot;:&quot;yes&quot;,&quot;motion_fx_translateY_effect&quot;:&quot;yes&quot;,&quot;motion_fx_translateY_speed&quot;:{&quot;unit&quot;:&quot;px&quot;,&quot;size&quot;:1,&quot;sizes&quot;:[]},&quot;motion_fx_translateY_affectedRange&quot;:{&quot;unit&quot;:&quot;%&quot;,&quot;size&quot;:&quot;&quot;,&quot;sizes&quot;:{&quot;start&quot;:0,&quot;end&quot;:75}},&quot;motion_fx_devices&quot;:[&quot;widescreen&quot;,&quot;desktop&quot;,&quot;laptop&quot;,&quot;tablet&quot;,&quot;mobile&quot;]}\" data-widget_type=\"image.default\">\n\t\t\t\t\t\t\t\t\t\t\t\t\t\t\t<img decoding=\"async\" width=\"1200\" height=\"676\" src=\"https:\/\/candam.eu\/wp-content\/uploads\/2026\/03\/imgi_9_candam-smart-ring-reward-as-you-throw__clean.jpg\" class=\"attachment-full size-full wp-image-5554\" alt=\"\" srcset=\"https:\/\/candam.eu\/wp-content\/uploads\/2026\/03\/imgi_9_candam-smart-ring-reward-as-you-throw__clean.jpg 1200w, https:\/\/candam.eu\/wp-content\/uploads\/2026\/03\/imgi_9_candam-smart-ring-reward-as-you-throw__clean-300x169.jpg 300w, https:\/\/candam.eu\/wp-content\/uploads\/2026\/03\/imgi_9_candam-smart-ring-reward-as-you-throw__clean-1024x577.jpg 1024w, https:\/\/candam.eu\/wp-content\/uploads\/2026\/03\/imgi_9_candam-smart-ring-reward-as-you-throw__clean-768x433.jpg 768w\" sizes=\"(max-width: 1200px) 100vw, 1200px\" \/>\t\t\t\t\t\t\t\t\t\t\t\t\t\t\t<\/div>\n\t\t\t\t<\/div>\n\t\t<div class=\"elementor-element elementor-element-b5014d4 e-con-full e-flex e-con e-child\" data-id=\"b5014d4\" data-element_type=\"container\" data-e-type=\"container\" data-settings=\"{&quot;background_background&quot;:&quot;classic&quot;}\">\n\t\t\t\t<div class=\"elementor-element elementor-element-f546565 elementor-widget elementor-widget-image\" data-id=\"f546565\" data-element_type=\"widget\" data-e-type=\"widget\" data-widget_type=\"image.default\">\n\t\t\t\t\t\t\t\t\t\t\t\t\t\t\t<img decoding=\"async\" width=\"66\" height=\"66\" src=\"https:\/\/candam.eu\/wp-content\/uploads\/2026\/03\/imgi_8_waste_icon-management-system.png\" class=\"attachment-full size-full wp-image-5555\" alt=\"\" \/>\t\t\t\t\t\t\t\t\t\t\t\t\t\t\t<\/div>\n\t\t\t\t<div class=\"elementor-element elementor-element-cec8b89 elementor-widget elementor-widget-heading\" data-id=\"cec8b89\" data-element_type=\"widget\" data-e-type=\"widget\" data-widget_type=\"heading.default\">\n\t\t\t\t\t<h2 class=\"elementor-heading-title elementor-size-default\">Recompensa por reciclar RAYT\n<\/h2>\t\t\t\t<\/div>\n\t\t\t\t<div class=\"elementor-element elementor-element-00bdfaa elementor-widget elementor-widget-text-editor\" data-id=\"00bdfaa\" data-element_type=\"widget\" data-e-type=\"widget\" data-widget_type=\"text-editor.default\">\n\t\t\t\t\t\t\t\t\t<p>En el ecosistema de Candam para un sistema de RAYT, los diferentes actores implicados est\u00e1n interconectados: todos salen beneficiados a la vez que se fomenta la econom\u00eda local.<br \/>Candam aporta todo el ecosistema tecnol\u00f3gico para conectar a todas las partes interesadas y digitalizar el ciclo de los residuos:<\/p><p>&#8211; Ciudadanos<br \/>&#8211; Empresas de gesti\u00f3n de residuos<br \/>&#8211; Marcas y empresas locales.<\/p>\t\t\t\t\t\t\t\t<\/div>\n\t\t\t\t<div class=\"elementor-element elementor-element-7601dc9 elementor-align-left elementor-mobile-align-left elementor-widget elementor-widget-button\" data-id=\"7601dc9\" data-element_type=\"widget\" data-e-type=\"widget\" data-widget_type=\"button.default\">\n\t\t\t\t\t\t\t\t\t\t<a class=\"elementor-button elementor-size-sm\" role=\"button\">\n\t\t\t\t\t\t<span class=\"elementor-button-content-wrapper\">\n\t\t\t\t\t\t\t\t\t<span class=\"elementor-button-text\">M\u00e1s informaci\u00f3n<\/span>\n\t\t\t\t\t<\/span>\n\t\t\t\t\t<\/a>\n\t\t\t\t\t\t\t\t<\/div>\n\t\t\t\t<\/div>\n\t\t\t\t<\/div>\n\t\t\t\t<\/div>\n\t\t<div class=\"elementor-element elementor-element-442d55a e-con-full e-flex e-con e-parent\" data-id=\"442d55a\" data-element_type=\"container\" data-e-type=\"container\" data-settings=\"{&quot;background_background&quot;:&quot;classic&quot;}\">\n\t\t<div class=\"elementor-element elementor-element-38d7c3b e-grid e-con-full e-con e-child\" data-id=\"38d7c3b\" data-element_type=\"container\" data-e-type=\"container\">\n\t\t<div class=\"elementor-element elementor-element-710cd0d e-con-full e-flex e-con e-child\" data-id=\"710cd0d\" data-element_type=\"container\" data-e-type=\"container\" data-settings=\"{&quot;background_background&quot;:&quot;classic&quot;}\">\n\t\t\t\t<div class=\"elementor-element elementor-element-8156b87 elementor-widget elementor-widget-heading\" data-id=\"8156b87\" data-element_type=\"widget\" data-e-type=\"widget\" data-widget_type=\"heading.default\">\n\t\t\t\t\t<h2 class=\"elementor-heading-title elementor-size-default\">Pago por generaci\u00f3n PAYT\n<\/h2>\t\t\t\t<\/div>\n\t\t\t\t<div class=\"elementor-element elementor-element-53d7ecf elementor-widget elementor-widget-text-editor\" data-id=\"53d7ecf\" data-element_type=\"widget\" data-e-type=\"widget\" data-widget_type=\"text-editor.default\">\n\t\t\t\t\t\t\t\t\t<p>El sistema de PAYT (tambi\u00e9n conocido como pago por generaci\u00f3n) se basa en el pago de una tasa en funci\u00f3n del uso que los ciudadanos hacen de los servicios de residuos y de la cantidad de residuos que generan.<\/p><p>El Smart Ring de Candam puede integrarse en un sistema de PAYT para verificar que el usuario recicla envases correctamente.<\/p>\t\t\t\t\t\t\t\t<\/div>\n\t\t\t\t<div class=\"elementor-element elementor-element-614f69a elementor-align-left elementor-mobile-align-left elementor-widget elementor-widget-button\" data-id=\"614f69a\" data-element_type=\"widget\" data-e-type=\"widget\" data-widget_type=\"button.default\">\n\t\t\t\t\t\t\t\t\t\t<a class=\"elementor-button elementor-size-sm\" role=\"button\">\n\t\t\t\t\t\t<span class=\"elementor-button-content-wrapper\">\n\t\t\t\t\t\t\t\t\t<span class=\"elementor-button-text\">M\u00e1s informaci\u00f3n<\/span>\n\t\t\t\t\t<\/span>\n\t\t\t\t\t<\/a>\n\t\t\t\t\t\t\t\t<\/div>\n\t\t\t\t<\/div>\n\t\t<div class=\"elementor-element elementor-element-1ffc3d3 e-con-full e-flex e-con e-child\" data-id=\"1ffc3d3\" data-element_type=\"container\" data-e-type=\"container\" data-settings=\"{&quot;background_background&quot;:&quot;video&quot;,&quot;background_play_once&quot;:&quot;yes&quot;,&quot;background_play_on_mobile&quot;:&quot;yes&quot;,&quot;background_video_link&quot;:&quot;https:\\\/\\\/candam.eu\\\/wp-content\\\/uploads\\\/2026\\\/02\\\/candam-video-presentacion-short.webm&quot;}\">\n\t\t<div class=\"elementor-background-video-container\">\n\t\t\t\t\t\t\t<video class=\"elementor-background-video-hosted\" role=\"presentation\" autoplay muted playsinline><\/video>\n\t\t\t\t\t<\/div>\t\t<\/div>\n\t\t\t\t<\/div>\n\t\t\t\t<\/div>\n\t\t<div class=\"elementor-element elementor-element-0d80eca e-con-full e-flex e-con e-parent\" data-id=\"0d80eca\" data-element_type=\"container\" data-e-type=\"container\" data-settings=\"{&quot;background_background&quot;:&quot;classic&quot;}\">\n\t\t<div class=\"elementor-element elementor-element-9411476 e-grid e-con-full e-con e-child\" data-id=\"9411476\" data-element_type=\"container\" data-e-type=\"container\">\n\t\t<div class=\"elementor-element elementor-element-d0ce13a e-con-full e-flex e-con e-child\" data-id=\"d0ce13a\" data-element_type=\"container\" data-e-type=\"container\">\n\t\t\t\t<div class=\"elementor-element elementor-element-ceaf271 elementor-widget elementor-widget-image\" data-id=\"ceaf271\" data-element_type=\"widget\" data-e-type=\"widget\" data-settings=\"{&quot;motion_fx_motion_fx_scrolling&quot;:&quot;yes&quot;,&quot;motion_fx_translateY_effect&quot;:&quot;yes&quot;,&quot;motion_fx_translateY_speed&quot;:{&quot;unit&quot;:&quot;px&quot;,&quot;size&quot;:1,&quot;sizes&quot;:[]},&quot;motion_fx_translateY_affectedRange&quot;:{&quot;unit&quot;:&quot;%&quot;,&quot;size&quot;:&quot;&quot;,&quot;sizes&quot;:{&quot;start&quot;:0,&quot;end&quot;:75}},&quot;motion_fx_devices&quot;:[&quot;widescreen&quot;,&quot;desktop&quot;,&quot;laptop&quot;,&quot;tablet&quot;,&quot;mobile&quot;]}\" data-widget_type=\"image.default\">\n\t\t\t\t\t\t\t\t\t\t\t\t\t\t\t<img loading=\"lazy\" decoding=\"async\" width=\"1280\" height=\"672\" src=\"https:\/\/candam.eu\/wp-content\/uploads\/2026\/03\/imgi_11_candam-deposit-refund-system-bottle.jpg\" class=\"attachment-full size-full wp-image-5556\" alt=\"\" srcset=\"https:\/\/candam.eu\/wp-content\/uploads\/2026\/03\/imgi_11_candam-deposit-refund-system-bottle.jpg 1280w, https:\/\/candam.eu\/wp-content\/uploads\/2026\/03\/imgi_11_candam-deposit-refund-system-bottle-300x158.jpg 300w, https:\/\/candam.eu\/wp-content\/uploads\/2026\/03\/imgi_11_candam-deposit-refund-system-bottle-1024x538.jpg 1024w, https:\/\/candam.eu\/wp-content\/uploads\/2026\/03\/imgi_11_candam-deposit-refund-system-bottle-768x403.jpg 768w\" sizes=\"(max-width: 1280px) 100vw, 1280px\" \/>\t\t\t\t\t\t\t\t\t\t\t\t\t\t\t<\/div>\n\t\t\t\t<\/div>\n\t\t<div class=\"elementor-element elementor-element-8bbf3d1 e-con-full e-flex e-con e-child\" data-id=\"8bbf3d1\" data-element_type=\"container\" data-e-type=\"container\" data-settings=\"{&quot;background_background&quot;:&quot;classic&quot;}\">\n\t\t\t\t<div class=\"elementor-element elementor-element-d25d7d4 elementor-widget elementor-widget-heading\" data-id=\"d25d7d4\" data-element_type=\"widget\" data-e-type=\"widget\" data-widget_type=\"heading.default\">\n\t\t\t\t\t<h2 class=\"elementor-heading-title elementor-size-default\">Sistema de dep\u00f3sito, devoluci\u00f3n y retorno SDDR\n<\/h2>\t\t\t\t<\/div>\n\t\t\t\t<div class=\"elementor-element elementor-element-799f74c elementor-widget elementor-widget-text-editor\" data-id=\"799f74c\" data-element_type=\"widget\" data-e-type=\"widget\" data-widget_type=\"text-editor.default\">\n\t\t\t\t\t\t\t\t\t<p>Se conoce como SDDR y consiste en reembolsar a los ciudadanos el importe de un dep\u00f3sito al devolver los residuos de envases. Con este sistema, los \u00edndices de reciclaje aumentan hasta el 95 %.<\/p><p>El Smart Ring de Candam puede utilizarse con un SDDR tradicional a modo de entrada adicional, como una m\u00e1quina expendedora inversa, o bien integrarse directamente en la nueva generaci\u00f3n de SDDR digitales.<\/p>\t\t\t\t\t\t\t\t<\/div>\n\t\t\t\t<div class=\"elementor-element elementor-element-bfa9da2 elementor-align-left elementor-mobile-align-left elementor-widget elementor-widget-button\" data-id=\"bfa9da2\" data-element_type=\"widget\" data-e-type=\"widget\" data-widget_type=\"button.default\">\n\t\t\t\t\t\t\t\t\t\t<a class=\"elementor-button elementor-size-sm\" role=\"button\">\n\t\t\t\t\t\t<span class=\"elementor-button-content-wrapper\">\n\t\t\t\t\t\t\t\t\t<span class=\"elementor-button-text\">M\u00e1s informaci\u00f3n<\/span>\n\t\t\t\t\t<\/span>\n\t\t\t\t\t<\/a>\n\t\t\t\t\t\t\t\t<\/div>\n\t\t\t\t<\/div>\n\t\t\t\t<\/div>\n\t\t\t\t<\/div>\n\t\t<div class=\"elementor-element elementor-element-bdc9d86 e-flex e-con-boxed e-con e-parent\" data-id=\"bdc9d86\" data-element_type=\"container\" data-e-type=\"container\" data-settings=\"{&quot;background_background&quot;:&quot;classic&quot;}\">\n\t\t\t\t\t<div class=\"e-con-inner\">\n\t\t<div class=\"elementor-element elementor-element-b4287fd e-con-full e-flex e-con e-child\" data-id=\"b4287fd\" data-element_type=\"container\" data-e-type=\"container\">\n\t\t\t\t<div class=\"elementor-element elementor-element-94b47b8 elementor-widget elementor-widget-heading\" data-id=\"94b47b8\" data-element_type=\"widget\" data-e-type=\"widget\" data-widget_type=\"heading.default\">\n\t\t\t\t\t<h2 class=\"elementor-heading-title elementor-size-default\"><span>RecySmart<\/span> es la \u00fanica tecnolog\u00eda capaz de reconocer todo tipo de material de envasado en los contenedores de reciclaje de la calle.<\/h2>\t\t\t\t<\/div>\n\t\t\t\t<div class=\"elementor-element elementor-element-987052d elementor-widget elementor-widget-text-editor\" data-id=\"987052d\" data-element_type=\"widget\" data-e-type=\"widget\" data-widget_type=\"text-editor.default\">\n\t\t\t\t\t\t\t\t\t<p>Los sistemas RAYT y DRS han demostrado su eficacia a la hora de aumentar las tasas de recuperaci\u00f3n. Actualmente, las RVM (Reverse Vending Machine) son la tecnolog\u00eda m\u00e1s utilizada, sin embargo, las RVM&#8217;s tienen importantes limitaciones para ser la soluci\u00f3n \u00fanica y definitiva para la recogida de residuos urbanos.<\/p>\t\t\t\t\t\t\t\t<\/div>\n\t\t\t\t<div class=\"elementor-element elementor-element-2ac4a5d elementor-align-center elementor-widget elementor-widget-button\" data-id=\"2ac4a5d\" data-element_type=\"widget\" data-e-type=\"widget\" data-widget_type=\"button.default\">\n\t\t\t\t\t\t\t\t\t\t<a class=\"elementor-button elementor-button-link elementor-size-sm\" href=\"https:\/\/candam.eu\/es\/contacto\/\">\n\t\t\t\t\t\t<span class=\"elementor-button-content-wrapper\">\n\t\t\t\t\t\t\t\t\t<span class=\"elementor-button-text\">Contacto<\/span>\n\t\t\t\t\t<\/span>\n\t\t\t\t\t<\/a>\n\t\t\t\t\t\t\t\t<\/div>\n\t\t\t\t<\/div>\n\t\t\t\t\t<\/div>\n\t\t\t\t<\/div>\n\t\t\t\t<\/div>\n\t\t","protected":false},"excerpt":{"rendered":"<p>Reciclaje de envases Europa publica nuevas directivas sobre envases con objetivos ambiciosos para recuperar el 90 % de envases de pl\u00e1stico de un solo uso Las administraciones municipales y los servicios de gesti\u00f3n de residuos tienen dificultades para cumplir los objetivos de reciclaje fijados en las directivas de la UE. Para cumplirlos, necesitan mejores herramientas [&hellip;]<\/p>\n","protected":false},"author":1,"featured_media":0,"parent":202,"menu_order":0,"comment_status":"closed","ping_status":"closed","template":"","meta":{"_acf_changed":false,"footnotes":""},"class_list":["post-203","page","type-page","status-publish","hentry"],"acf":[],"_links":{"self":[{"href":"https:\/\/candam.eu\/es\/wp-json\/wp\/v2\/pages\/203","targetHints":{"allow":["GET"]}}],"collection":[{"href":"https:\/\/candam.eu\/es\/wp-json\/wp\/v2\/pages"}],"about":[{"href":"https:\/\/candam.eu\/es\/wp-json\/wp\/v2\/types\/page"}],"author":[{"embeddable":true,"href":"https:\/\/candam.eu\/es\/wp-json\/wp\/v2\/users\/1"}],"replies":[{"embeddable":true,"href":"https:\/\/candam.eu\/es\/wp-json\/wp\/v2\/comments?post=203"}],"version-history":[{"count":19,"href":"https:\/\/candam.eu\/es\/wp-json\/wp\/v2\/pages\/203\/revisions"}],"predecessor-version":[{"id":5572,"href":"https:\/\/candam.eu\/es\/wp-json\/wp\/v2\/pages\/203\/revisions\/5572"}],"up":[{"embeddable":true,"href":"https:\/\/candam.eu\/es\/wp-json\/wp\/v2\/pages\/202"}],"wp:attachment":[{"href":"https:\/\/candam.eu\/es\/wp-json\/wp\/v2\/media?parent=203"}],"curies":[{"name":"wp","href":"https:\/\/api.w.org\/{rel}","templated":true}]}}