{"id":137,"date":"2026-02-26T00:49:38","date_gmt":"2026-02-26T00:49:38","guid":{"rendered":"https:\/\/candam.eu\/?page_id=137"},"modified":"2026-02-27T05:00:24","modified_gmt":"2026-02-27T05:00:24","slug":"empleo","status":"publish","type":"page","link":"https:\/\/candam.eu\/es\/empleo\/","title":{"rendered":"Empleo"},"content":{"rendered":"\t\t<div data-elementor-type=\"wp-page\" data-elementor-id=\"137\" class=\"elementor elementor-137\" data-elementor-post-type=\"page\">\n\t\t\t\t<div class=\"elementor-element elementor-element-05392cb e-flex e-con-boxed e-con e-parent\" data-id=\"05392cb\" data-element_type=\"container\" data-e-type=\"container\" data-settings=\"{&quot;background_background&quot;:&quot;classic&quot;}\">\n\t\t\t\t\t<div class=\"e-con-inner\">\n\t\t<div class=\"elementor-element elementor-element-65169da e-grid e-con-full e-con e-child\" data-id=\"65169da\" data-element_type=\"container\" data-e-type=\"container\">\n\t\t<div class=\"elementor-element elementor-element-cdf648d e-con-full e-flex e-con e-child\" data-id=\"cdf648d\" data-element_type=\"container\" data-e-type=\"container\">\n\t\t\t\t<div class=\"elementor-element elementor-element-3f68e6c elementor-widget elementor-widget-heading\" data-id=\"3f68e6c\" data-element_type=\"widget\" data-e-type=\"widget\" data-widget_type=\"heading.default\">\n\t\t\t\t\t<h2 class=\"elementor-heading-title elementor-size-default\">\u00a1\u00danete al equipo Candam!\n<\/h2>\t\t\t\t<\/div>\n\t\t\t\t<div class=\"elementor-element elementor-element-836812d elementor-widget elementor-widget-text-editor\" data-id=\"836812d\" data-element_type=\"widget\" data-e-type=\"widget\" data-widget_type=\"text-editor.default\">\n\t\t\t\t\t\t\t\t\tCrea un mundo mejor con nosotros.\n\t\t\t\t\t\t\t\t<\/div>\n\t\t\t\t<\/div>\n\t\t<div class=\"elementor-element elementor-element-bfbf7cf e-con-full e-flex e-con e-child\" data-id=\"bfbf7cf\" data-element_type=\"container\" data-e-type=\"container\">\n\t\t\t\t<div class=\"elementor-element elementor-element-1bc4833 elementor-button-align-start elementor-widget elementor-widget-form\" data-id=\"1bc4833\" data-element_type=\"widget\" data-e-type=\"widget\" data-settings=\"{&quot;step_next_label&quot;:&quot;Siguiente&quot;,&quot;step_previous_label&quot;:&quot;Anterior&quot;,&quot;button_width&quot;:&quot;100&quot;,&quot;step_type&quot;:&quot;number_text&quot;,&quot;step_icon_shape&quot;:&quot;circle&quot;}\" data-widget_type=\"form.default\">\n\t\t\t\t\t\t\t<form class=\"elementor-form\" method=\"post\" name=\"Emplreo\" aria-label=\"Emplreo\">\n\t\t\t<input type=\"hidden\" name=\"post_id\" value=\"137\"\/>\n\t\t\t<input type=\"hidden\" name=\"form_id\" value=\"1bc4833\"\/>\n\t\t\t<input type=\"hidden\" name=\"referer_title\" value=\"Candam Tech\" \/>\n\n\t\t\t\n\t\t\t<div class=\"elementor-form-fields-wrapper elementor-labels-above\">\n\t\t\t\t\t\t\t\t<div class=\"elementor-field-type-text elementor-field-group elementor-column elementor-field-group-name elementor-col-100 elementor-field-required elementor-mark-required\">\n\t\t\t\t\t\t\t\t\t\t\t\t<label for=\"form-field-name\" class=\"elementor-field-label\">\n\t\t\t\t\t\t\t\tNombre\t\t\t\t\t\t\t<\/label>\n\t\t\t\t\t\t\t\t\t\t\t\t\t\t<input size=\"1\" type=\"text\" name=\"form_fields[name]\" id=\"form-field-name\" class=\"elementor-field elementor-size-sm  elementor-field-textual\" required=\"required\">\n\t\t\t\t\t\t\t\t\t\t\t<\/div>\n\t\t\t\t\t\t\t\t<div class=\"elementor-field-type-text elementor-field-group elementor-column elementor-field-group-field_2b96b1e elementor-col-100 elementor-field-required elementor-mark-required\">\n\t\t\t\t\t\t\t\t\t\t\t\t<label for=\"form-field-field_2b96b1e\" class=\"elementor-field-label\">\n\t\t\t\t\t\t\t\tApellidos\t\t\t\t\t\t\t<\/label>\n\t\t\t\t\t\t\t\t\t\t\t\t\t\t<input size=\"1\" type=\"text\" name=\"form_fields[field_2b96b1e]\" id=\"form-field-field_2b96b1e\" class=\"elementor-field elementor-size-sm  elementor-field-textual\" required=\"required\">\n\t\t\t\t\t\t\t\t\t\t\t<\/div>\n\t\t\t\t\t\t\t\t<div class=\"elementor-field-type-email elementor-field-group elementor-column elementor-field-group-email elementor-col-100 elementor-field-required elementor-mark-required\">\n\t\t\t\t\t\t\t\t\t\t\t\t<label for=\"form-field-email\" class=\"elementor-field-label\">\n\t\t\t\t\t\t\t\tCorreo electr\u00f3nico\t\t\t\t\t\t\t<\/label>\n\t\t\t\t\t\t\t\t\t\t\t\t\t\t<input size=\"1\" type=\"email\" name=\"form_fields[email]\" id=\"form-field-email\" class=\"elementor-field elementor-size-sm  elementor-field-textual\" required=\"required\">\n\t\t\t\t\t\t\t\t\t\t\t<\/div>\n\t\t\t\t\t\t\t\t<div class=\"elementor-field-type-tel elementor-field-group elementor-column elementor-field-group-field_7971a20 elementor-col-100 elementor-field-required elementor-mark-required\">\n\t\t\t\t\t\t\t\t\t\t\t\t<label for=\"form-field-field_7971a20\" class=\"elementor-field-label\">\n\t\t\t\t\t\t\t\t M\u00f3vil\t\t\t\t\t\t\t<\/label>\n\t\t\t\t\t\t\t\t<input size=\"1\" type=\"tel\" name=\"form_fields[field_7971a20]\" id=\"form-field-field_7971a20\" class=\"elementor-field elementor-size-sm  elementor-field-textual\" required=\"required\" pattern=\"[0-9()#&amp;+*-=.]+\" title=\"Only numbers and phone characters (#, -, *, etc) are accepted.\">\n\n\t\t\t\t\t\t<\/div>\n\t\t\t\t\t\t\t\t<div class=\"elementor-field-type-upload elementor-field-group elementor-column elementor-field-group-field_b13acad elementor-col-100 elementor-field-required elementor-mark-required\">\n\t\t\t\t\t\t\t\t\t\t\t\t<label for=\"form-field-field_b13acad\" class=\"elementor-field-label\">\n\t\t\t\t\t\t\t\tAdjuntar curr\u00edculum\t\t\t\t\t\t\t<\/label>\n\t\t\t\t\t\t\t\t<input type=\"file\" name=\"form_fields[field_b13acad]\" id=\"form-field-field_b13acad\" class=\"elementor-field elementor-size-sm  elementor-upload-field\" required=\"required\">\n\n\t\t\t\t\t\t<\/div>\n\t\t\t\t\t\t\t\t<div class=\"elementor-field-type-acceptance elementor-field-group elementor-column elementor-field-group-field_89403c3 elementor-col-100\">\n\t\t\t\t\t\t\t<div class=\"elementor-field-subgroup\">\n\t\t\t<span class=\"elementor-field-option\">\n\t\t\t\t<input type=\"checkbox\" name=\"form_fields[field_89403c3]\" id=\"form-field-field_89403c3\" class=\"elementor-field elementor-size-sm  elementor-acceptance-field\">\n\t\t\t\t<label for=\"form-field-field_89403c3\"><span class=\"legal\">Acepto la <a href=\"#\" target=\"_blank\">Pol\u00edtica de Privacidad<\/a><\/span><\/label>\t\t\t<\/span>\n\t\t<\/div>\n\t\t\t\t\t\t<\/div>\n\t\t\t\t\t\t\t\t<div class=\"elementor-field-group elementor-column elementor-field-type-submit elementor-col-100 e-form__buttons\">\n\t\t\t\t\t<button class=\"elementor-button elementor-size-md\" type=\"submit\">\n\t\t\t\t\t\t<span class=\"elementor-button-content-wrapper\">\n\t\t\t\t\t\t\t\t\t\t\t\t\t\t\t\t\t\t\t\t\t\t<span class=\"elementor-button-text\">Enviar<\/span>\n\t\t\t\t\t\t\t\t\t\t\t\t\t<\/span>\n\t\t\t\t\t<\/button>\n\t\t\t\t<\/div>\n\t\t\t<\/div>\n\t\t<\/form>\n\t\t\t\t\t\t<\/div>\n\t\t\t\t<div class=\"elementor-element elementor-element-60c8de0 elementor-widget elementor-widget-text-editor\" data-id=\"60c8de0\" data-element_type=\"widget\" data-e-type=\"widget\" data-widget_type=\"text-editor.default\">\n\t\t\t\t\t\t\t\t\t<p>Informaci\u00f3n b\u00e1sica sobre Protecci\u00f3n de datos Responsable: Candam Technologies SL; Finalidad: Atender su solicitud y enviarle comunicaciones promocionales; Legitimaci\u00f3n: Consentimiento del interesado, inter\u00e9s leg\u00edtimo del Responsable; Destinatarios: No se ceder\u00e1n datos a terceros, salvo obligaci\u00f3n legal; Derechos: Tiene derecho a acceder, rectificar y suprimir los datos, as\u00ed como otros derechos, indicados en la informaci\u00f3n adicional, que puede ejercer dirigi\u00e9ndose a dpo@candam.eu ; Procedencia: El propio interesado; Informaci\u00f3n adicional: https:\/\/candam.eu\/<\/p>\t\t\t\t\t\t\t\t<\/div>\n\t\t\t\t<\/div>\n\t\t\t\t<\/div>\n\t\t\t\t\t<\/div>\n\t\t\t\t<\/div>\n\t\t\t\t<\/div>\n\t\t","protected":false},"excerpt":{"rendered":"<p>\u00a1\u00danete al equipo Candam! Crea un mundo mejor con nosotros. Informaci\u00f3n b\u00e1sica sobre Protecci\u00f3n de datos Responsable: Candam Technologies SL; Finalidad: Atender su solicitud y enviarle comunicaciones promocionales; Legitimaci\u00f3n: Consentimiento del interesado, inter\u00e9s leg\u00edtimo del Responsable; Destinatarios: No se ceder\u00e1n datos a terceros, salvo obligaci\u00f3n legal; Derechos: Tiene derecho a acceder, rectificar y suprimir los [&hellip;]<\/p>\n","protected":false},"author":1,"featured_media":0,"parent":0,"menu_order":0,"comment_status":"closed","ping_status":"closed","template":"","meta":{"_acf_changed":false,"content-type":"","footnotes":""},"class_list":["post-137","page","type-page","status-publish","hentry"],"acf":[],"yoast_head":"<!-- This site is optimized with the Yoast SEO plugin v27.3 - https:\/\/yoast.com\/product\/yoast-seo-wordpress\/ -->\n<title>Empleo - Candam Tech<\/title>\n<meta name=\"robots\" content=\"index, follow, max-snippet:-1, max-image-preview:large, max-video-preview:-1\" \/>\n<link rel=\"canonical\" href=\"https:\/\/candam.eu\/es\/empleo\/\" \/>\n<meta property=\"og:locale\" content=\"es_ES\" \/>\n<meta property=\"og:type\" content=\"article\" \/>\n<meta property=\"og:title\" content=\"Empleo - Candam Tech\" \/>\n<meta property=\"og:description\" content=\"\u00a1\u00danete al equipo Candam! Crea un mundo mejor con nosotros. Informaci\u00f3n b\u00e1sica sobre Protecci\u00f3n de datos Responsable: Candam Technologies SL; Finalidad: Atender su solicitud y enviarle comunicaciones promocionales; Legitimaci\u00f3n: Consentimiento del interesado, inter\u00e9s leg\u00edtimo del Responsable; Destinatarios: No se ceder\u00e1n datos a terceros, salvo obligaci\u00f3n legal; Derechos: Tiene derecho a acceder, rectificar y suprimir los [&hellip;]\" \/>\n<meta property=\"og:url\" content=\"https:\/\/candam.eu\/es\/empleo\/\" \/>\n<meta property=\"og:site_name\" content=\"Candam Tech\" \/>\n<meta property=\"article:modified_time\" content=\"2026-02-27T05:00:24+00:00\" \/>\n<meta name=\"twitter:card\" content=\"summary_large_image\" \/>\n<script type=\"application\/ld+json\" class=\"yoast-schema-graph\">{\"@context\":\"https:\\\/\\\/schema.org\",\"@graph\":[{\"@type\":\"WebPage\",\"@id\":\"https:\\\/\\\/candam.eu\\\/es\\\/empleo\\\/\",\"url\":\"https:\\\/\\\/candam.eu\\\/es\\\/empleo\\\/\",\"name\":\"Empleo - Candam Tech\",\"isPartOf\":{\"@id\":\"https:\\\/\\\/candam.eu\\\/es\\\/#website\"},\"datePublished\":\"2026-02-26T00:49:38+00:00\",\"dateModified\":\"2026-02-27T05:00:24+00:00\",\"breadcrumb\":{\"@id\":\"https:\\\/\\\/candam.eu\\\/es\\\/empleo\\\/#breadcrumb\"},\"inLanguage\":\"es\",\"potentialAction\":[{\"@type\":\"ReadAction\",\"target\":[\"https:\\\/\\\/candam.eu\\\/es\\\/empleo\\\/\"]}]},{\"@type\":\"BreadcrumbList\",\"@id\":\"https:\\\/\\\/candam.eu\\\/es\\\/empleo\\\/#breadcrumb\",\"itemListElement\":[{\"@type\":\"ListItem\",\"position\":1,\"name\":\"Home\",\"item\":\"https:\\\/\\\/candam.eu\\\/es\\\/\"},{\"@type\":\"ListItem\",\"position\":2,\"name\":\"Empleo\"}]},{\"@type\":\"WebSite\",\"@id\":\"https:\\\/\\\/candam.eu\\\/es\\\/#website\",\"url\":\"https:\\\/\\\/candam.eu\\\/es\\\/\",\"name\":\"Candam Tech\",\"description\":\"Candam Tech\",\"publisher\":{\"@id\":\"https:\\\/\\\/candam.eu\\\/es\\\/#organization\"},\"potentialAction\":[{\"@type\":\"SearchAction\",\"target\":{\"@type\":\"EntryPoint\",\"urlTemplate\":\"https:\\\/\\\/candam.eu\\\/es\\\/?s={search_term_string}\"},\"query-input\":{\"@type\":\"PropertyValueSpecification\",\"valueRequired\":true,\"valueName\":\"search_term_string\"}}],\"inLanguage\":\"es\"},{\"@type\":\"Organization\",\"@id\":\"https:\\\/\\\/candam.eu\\\/es\\\/#organization\",\"name\":\"Candam Tech\",\"url\":\"https:\\\/\\\/candam.eu\\\/es\\\/\",\"logo\":{\"@type\":\"ImageObject\",\"inLanguage\":\"es\",\"@id\":\"https:\\\/\\\/candam.eu\\\/es\\\/#\\\/schema\\\/logo\\\/image\\\/\",\"url\":\"https:\\\/\\\/candam.eu\\\/wp-content\\\/uploads\\\/2026\\\/02\\\/imgi_7_Logo_Candam-Tech_negativo.svg\",\"contentUrl\":\"https:\\\/\\\/candam.eu\\\/wp-content\\\/uploads\\\/2026\\\/02\\\/imgi_7_Logo_Candam-Tech_negativo.svg\",\"width\":729,\"height\":227,\"caption\":\"Candam Tech\"},\"image\":{\"@id\":\"https:\\\/\\\/candam.eu\\\/es\\\/#\\\/schema\\\/logo\\\/image\\\/\"}}]}<\/script>\n<!-- \/ Yoast SEO plugin. -->","yoast_head_json":{"title":"Empleo - Candam Tech","robots":{"index":"index","follow":"follow","max-snippet":"max-snippet:-1","max-image-preview":"max-image-preview:large","max-video-preview":"max-video-preview:-1"},"canonical":"https:\/\/candam.eu\/es\/empleo\/","og_locale":"es_ES","og_type":"article","og_title":"Empleo - Candam Tech","og_description":"\u00a1\u00danete al equipo Candam! Crea un mundo mejor con nosotros. Informaci\u00f3n b\u00e1sica sobre Protecci\u00f3n de datos Responsable: Candam Technologies SL; Finalidad: Atender su solicitud y enviarle comunicaciones promocionales; Legitimaci\u00f3n: Consentimiento del interesado, inter\u00e9s leg\u00edtimo del Responsable; Destinatarios: No se ceder\u00e1n datos a terceros, salvo obligaci\u00f3n legal; Derechos: Tiene derecho a acceder, rectificar y suprimir los [&hellip;]","og_url":"https:\/\/candam.eu\/es\/empleo\/","og_site_name":"Candam Tech","article_modified_time":"2026-02-27T05:00:24+00:00","twitter_card":"summary_large_image","schema":{"@context":"https:\/\/schema.org","@graph":[{"@type":"WebPage","@id":"https:\/\/candam.eu\/es\/empleo\/","url":"https:\/\/candam.eu\/es\/empleo\/","name":"Empleo - Candam Tech","isPartOf":{"@id":"https:\/\/candam.eu\/es\/#website"},"datePublished":"2026-02-26T00:49:38+00:00","dateModified":"2026-02-27T05:00:24+00:00","breadcrumb":{"@id":"https:\/\/candam.eu\/es\/empleo\/#breadcrumb"},"inLanguage":"es","potentialAction":[{"@type":"ReadAction","target":["https:\/\/candam.eu\/es\/empleo\/"]}]},{"@type":"BreadcrumbList","@id":"https:\/\/candam.eu\/es\/empleo\/#breadcrumb","itemListElement":[{"@type":"ListItem","position":1,"name":"Home","item":"https:\/\/candam.eu\/es\/"},{"@type":"ListItem","position":2,"name":"Empleo"}]},{"@type":"WebSite","@id":"https:\/\/candam.eu\/es\/#website","url":"https:\/\/candam.eu\/es\/","name":"Candam Tech","description":"Candam Tech","publisher":{"@id":"https:\/\/candam.eu\/es\/#organization"},"potentialAction":[{"@type":"SearchAction","target":{"@type":"EntryPoint","urlTemplate":"https:\/\/candam.eu\/es\/?s={search_term_string}"},"query-input":{"@type":"PropertyValueSpecification","valueRequired":true,"valueName":"search_term_string"}}],"inLanguage":"es"},{"@type":"Organization","@id":"https:\/\/candam.eu\/es\/#organization","name":"Candam Tech","url":"https:\/\/candam.eu\/es\/","logo":{"@type":"ImageObject","inLanguage":"es","@id":"https:\/\/candam.eu\/es\/#\/schema\/logo\/image\/","url":"https:\/\/candam.eu\/wp-content\/uploads\/2026\/02\/imgi_7_Logo_Candam-Tech_negativo.svg","contentUrl":"https:\/\/candam.eu\/wp-content\/uploads\/2026\/02\/imgi_7_Logo_Candam-Tech_negativo.svg","width":729,"height":227,"caption":"Candam Tech"},"image":{"@id":"https:\/\/candam.eu\/es\/#\/schema\/logo\/image\/"}}]}},"_links":{"self":[{"href":"https:\/\/candam.eu\/es\/wp-json\/wp\/v2\/pages\/137","targetHints":{"allow":["GET"]}}],"collection":[{"href":"https:\/\/candam.eu\/es\/wp-json\/wp\/v2\/pages"}],"about":[{"href":"https:\/\/candam.eu\/es\/wp-json\/wp\/v2\/types\/page"}],"author":[{"embeddable":true,"href":"https:\/\/candam.eu\/es\/wp-json\/wp\/v2\/users\/1"}],"replies":[{"embeddable":true,"href":"https:\/\/candam.eu\/es\/wp-json\/wp\/v2\/comments?post=137"}],"version-history":[{"count":10,"href":"https:\/\/candam.eu\/es\/wp-json\/wp\/v2\/pages\/137\/revisions"}],"predecessor-version":[{"id":276,"href":"https:\/\/candam.eu\/es\/wp-json\/wp\/v2\/pages\/137\/revisions\/276"}],"wp:attachment":[{"href":"https:\/\/candam.eu\/es\/wp-json\/wp\/v2\/media?parent=137"}],"curies":[{"name":"wp","href":"https:\/\/api.w.org\/{rel}","templated":true}]}}